{"id":35772,"date":"2025-02-20T23:37:44","date_gmt":"2025-02-20T22:37:44","guid":{"rendered":"https:\/\/olemosaic.orbitalia.org\/producto\/iman-de-metal-toro-negro-11-cm-4\/"},"modified":"2025-07-25T20:10:41","modified_gmt":"2025-07-25T18:10:41","slug":"aimant-en-metal-taureau-noir-11-cm-4","status":"publish","type":"product","link":"https:\/\/olemosaic.orbitalia.org\/fr\/produit\/aimant-en-metal-taureau-noir-11-cm-4\/","title":{"rendered":"Aimant en m\u00e9tal. Taureau. Noir. Style Mosa\u00efque. 11 cm."},"content":{"rendered":"<p>Cet aimant m\u00e9tallique au design color\u00e9 d&rsquo;un taureau est un souvenir embl\u00e9matique qui capture l&rsquo;essence de la culture espagnole. Avec ses 11 cm, il pr\u00e9sente une mosa\u00efque vibrante combinant des tons bleus, rouges, verts et jaunes, cr\u00e9ant un effet visuel percutant qui non seulement ornera votre r\u00e9frig\u00e9rateur, mais \u00e9voquera \u00e9galement la riche tradition du folklore espagnol. Ce design impressionnant montre un taureau, symbole de force et de courage, qui fait partie int\u00e9grante de l&rsquo;identit\u00e9 culturelle de l&rsquo;Espagne, repr\u00e9sentant la passion pour la tauromachie et la vie \u00e0 la campagne.<\/p>\n<p>Chaque d\u00e9tail de cet aimant se distingue par sa finition brillante et sa mosa\u00efque color\u00e9e, inspir\u00e9e de la diversit\u00e9 artistique du pays. La figure du taureau, traditionnellement associ\u00e9e aux festivit\u00e9s et \u00e0 l&rsquo;\u00e9nergie de lieux comme l&rsquo;Andalousie et la Castille, est pr\u00e9sent\u00e9e de mani\u00e8re moderne et cr\u00e9ative, ce qui en fait une excellente option pour les touristes \u00e0 la recherche de souvenirs authentiques refl\u00e9tant la culture espagnole.<\/p>\n<p>Chez Ol\u00e9 Mosaic, en tant que grossistes de souvenirs, nous proposons cet aimant de taureau comme une fantastique option pour les boutiques de cadeaux touristiques souhaitant offrir \u00e0 leurs clients un souvenir significatif et repr\u00e9sentatif de l&rsquo;Espagne. Cet aimant, en plus d&rsquo;\u00eatre un attrait d\u00e9coratif, est un v\u00e9ritable t\u00e9moignage du patrimoine culturel espagnol, id\u00e9al pour ceux qui cherchent \u00e0 ramener un morceau de tradition chez eux.<\/p>\n","protected":false},"excerpt":{"rendered":"<p>Aimant m\u00e9tallique avec un design color\u00e9 de taureau, un symbole embl\u00e9matique de la culture espagnole. D&rsquo;une taille de 11 cm, cet aimant pr\u00e9sente une mosa\u00efque frappante combinant des tons vibrants de bleu, rouge, vert et jaune, cr\u00e9ant un effet visuel percutant. Id\u00e9al pour ajouter une touche artistique \u00e0 votre r\u00e9frig\u00e9rateur, il refl\u00e8te la richesse du folklore espagnol avec sa repr\u00e9sentation artistique du taureau, un embl\u00e8me de force et de tradition en Espagne.<\/p>\n","protected":false},"featured_media":8162,"template":"","meta":{"_acf_changed":false},"product_brand":[],"product_cat":[697],"product_tag":[530],"class_list":{"0":"post-35772","1":"product","2":"type-product","3":"status-publish","4":"has-post-thumbnail","6":"product_cat-aimants","7":"product_tag-animaux","8":"pa_motivo-taureaux","10":"first","11":"instock","12":"shipping-taxable","13":"product-type-simple"},"acf":[],"_links":{"self":[{"href":"https:\/\/olemosaic.orbitalia.org\/fr\/wp-json\/wp\/v2\/product\/35772","targetHints":{"allow":["GET"]}}],"collection":[{"href":"https:\/\/olemosaic.orbitalia.org\/fr\/wp-json\/wp\/v2\/product"}],"about":[{"href":"https:\/\/olemosaic.orbitalia.org\/fr\/wp-json\/wp\/v2\/types\/product"}],"wp:featuredmedia":[{"embeddable":true,"href":"https:\/\/olemosaic.orbitalia.org\/fr\/wp-json\/wp\/v2\/media\/8162"}],"wp:attachment":[{"href":"https:\/\/olemosaic.orbitalia.org\/fr\/wp-json\/wp\/v2\/media?parent=35772"}],"wp:term":[{"taxonomy":"product_brand","embeddable":true,"href":"https:\/\/olemosaic.orbitalia.org\/fr\/wp-json\/wp\/v2\/product_brand?post=35772"},{"taxonomy":"product_cat","embeddable":true,"href":"https:\/\/olemosaic.orbitalia.org\/fr\/wp-json\/wp\/v2\/product_cat?post=35772"},{"taxonomy":"product_tag","embeddable":true,"href":"https:\/\/olemosaic.orbitalia.org\/fr\/wp-json\/wp\/v2\/product_tag?post=35772"}],"curies":[{"name":"wp","href":"https:\/\/api.w.org\/{rel}","templated":true}]}}