{"id":35771,"date":"2025-02-20T23:37:44","date_gmt":"2025-02-20T22:37:44","guid":{"rendered":"https:\/\/olemosaic.orbitalia.org\/producto\/iman-de-metal-toro-negro-11-cm-3\/"},"modified":"2025-07-25T20:30:59","modified_gmt":"2025-07-25T18:30:59","slug":"aimant-en-metal-taureau-noir-11-cm-3","status":"publish","type":"product","link":"https:\/\/olemosaic.orbitalia.org\/fr\/produit\/aimant-en-metal-taureau-noir-11-cm-3\/","title":{"rendered":"Aimant en m\u00e9tal. Taureau. Noir. 11 cm. Motifs g\u00e9om\u00e9triques"},"content":{"rendered":"<p>Cet aimant m\u00e9tallique au design color\u00e9 de taureaux est un hommage fascinant \u00e0 la riche culture taurine espagnole. D&rsquo;une dimension de 11 cm, il pr\u00e9sente un fond noir vibrant qui rehausse la vari\u00e9t\u00e9 de couleurs \u00e9clatantes et les formes g\u00e9om\u00e9triques des taureaux, chacun magnifiquement d\u00e9cor\u00e9 de teintes polies et multicolores. L&rsquo;illustration capture l&rsquo;essence de l&rsquo;art et de la tradition espagnols, \u00e9voquant les f\u00eates passionnantes qui tournent autour des corridas, une pratique profond\u00e9ment ancr\u00e9e dans la culture du pays.<\/p>\n<p>Ce souvenir n&rsquo;est pas seulement un attrait d\u00e9coratif, mais aussi un symbole repr\u00e9sentatif de la passion et de la ferveur qui entourent ces traditions. La combinaison de couleurs et la forme distinctive des taureaux apportent une touche artistique qui peut illuminer n&rsquo;importe quelle surface magn\u00e9tique, en faisant un excellent cadeau pour les touristes \u00e0 la recherche d&rsquo;un lien authentique avec l&rsquo;Espagne.<\/p>\n<p>Chez Ol\u00e9 Mosaic, nous nous sp\u00e9cialisons dans la distribution de souvenirs en gros, et cet aimant de taureaux est un choix id\u00e9al pour les boutiques de cadeaux touristiques. Nous proposons des produits qui refl\u00e8tent l&rsquo;essence culturelle et l&rsquo;authenticit\u00e9 de l&rsquo;Espagne, ce qui fait de cet aimant un article indispensable dans toute collection de souvenirs de la r\u00e9gion.<\/p>\n","protected":false},"excerpt":{"rendered":"<p>Aimant m\u00e9tallique avec un design color\u00e9 de taureaux, repr\u00e9sentant la riche culture taurine espagnole. Cet aimant attrayant de 11 cm pr\u00e9sente un fond noir qui fait ressortir la vari\u00e9t\u00e9 de couleurs et de formes g\u00e9om\u00e9triques des taureaux, chacun d\u00e9cor\u00e9 de multiples teintes vibrantes. Parfait pour \u00e9voquer l&rsquo;essence de la f\u00eate et de la tradition espagnole, cet aimant ajoute une touche artistique et culturelle \u00e0 toute surface magn\u00e9tique.<\/p>\n","protected":false},"featured_media":8113,"template":"","meta":{"_acf_changed":false},"product_brand":[],"product_cat":[697],"product_tag":[530],"class_list":{"0":"post-35771","1":"product","2":"type-product","3":"status-publish","4":"has-post-thumbnail","6":"product_cat-aimants","7":"product_tag-animaux","8":"pa_motivo-taureaux","10":"first","11":"instock","12":"shipping-taxable","13":"product-type-simple"},"acf":[],"_links":{"self":[{"href":"https:\/\/olemosaic.orbitalia.org\/fr\/wp-json\/wp\/v2\/product\/35771","targetHints":{"allow":["GET"]}}],"collection":[{"href":"https:\/\/olemosaic.orbitalia.org\/fr\/wp-json\/wp\/v2\/product"}],"about":[{"href":"https:\/\/olemosaic.orbitalia.org\/fr\/wp-json\/wp\/v2\/types\/product"}],"wp:featuredmedia":[{"embeddable":true,"href":"https:\/\/olemosaic.orbitalia.org\/fr\/wp-json\/wp\/v2\/media\/8113"}],"wp:attachment":[{"href":"https:\/\/olemosaic.orbitalia.org\/fr\/wp-json\/wp\/v2\/media?parent=35771"}],"wp:term":[{"taxonomy":"product_brand","embeddable":true,"href":"https:\/\/olemosaic.orbitalia.org\/fr\/wp-json\/wp\/v2\/product_brand?post=35771"},{"taxonomy":"product_cat","embeddable":true,"href":"https:\/\/olemosaic.orbitalia.org\/fr\/wp-json\/wp\/v2\/product_cat?post=35771"},{"taxonomy":"product_tag","embeddable":true,"href":"https:\/\/olemosaic.orbitalia.org\/fr\/wp-json\/wp\/v2\/product_tag?post=35771"}],"curies":[{"name":"wp","href":"https:\/\/api.w.org\/{rel}","templated":true}]}}