{"id":35763,"date":"2025-02-20T22:37:43","date_gmt":"2025-02-20T22:37:43","guid":{"rendered":"https:\/\/olemosaic.orbitalia.org\/producto\/iman-de-ceramica-sardina-valencia-verde\/"},"modified":"2025-07-25T20:14:33","modified_gmt":"2025-07-25T18:14:33","slug":"aimant-en-ceramique-sardine-valence-vert","status":"publish","type":"product","link":"https:\/\/olemosaic.orbitalia.org\/fr\/produit\/aimant-en-ceramique-sardine-valence-vert\/","title":{"rendered":"Aimant en c\u00e9ramique. Sardine. Valence. Vert."},"content":{"rendered":"<p>Cet aimant en c\u00e9ramique en forme de sardine est une ic\u00f4ne authentique de la culture m\u00e9diterran\u00e9enne valencienne. Son design vibrant, avec un jeu de tons verts et bleus \u00e9voquant les couleurs de la mer M\u00e9diterran\u00e9e et les paysages de cette belle r\u00e9gion, est incomparable. Le corps de la sardine est d\u00e9cor\u00e9 de motifs complexes rappelant la c\u00e9ramique traditionnelle valencienne, avec un motif floral et g\u00e9om\u00e9trique qui souligne la richesse artistique de la zone. Le mot \u00ab\u00a0Valencia\u00a0\u00bb se d\u00e9tache en lettres frappantes, ajoutant une touche distinctive qui souligne son origine et en fait un souvenir m\u00e9morable.<\/p>\n<p>Au-del\u00e0 d&rsquo;\u00eatre un objet pratique pour le r\u00e9frig\u00e9rateur, cet aimant est une pi\u00e8ce d\u00e9corative qui capture l&rsquo;essence vibrante et accueillante de Valence. Son design artisanal refl\u00e8te la culture c\u00f4ti\u00e8re et la tradition de p\u00eache de la r\u00e9gion, ce qui en fait un souvenir id\u00e9al pour ceux qui souhaitent ramener un petit morceau de Valence chez eux. Chez Ol\u00e9 Mosaic, nous proposons cet authentique souvenir en c\u00e9ramique, parfait pour les boutiques de cadeaux touristiques \u00e0 la recherche d&rsquo;articles repr\u00e9sentatifs et de qualit\u00e9. En tant que distributeurs de souvenirs en c\u00e9ramique en gros, nous garantissons que chaque aimant est une c\u00e9l\u00e9bration de la culture et de la tradition locale, id\u00e9al pour les touristes \u00e0 la recherche d&rsquo;une connexion authentique avec leur voyage.<\/p>\n","protected":false},"excerpt":{"rendered":"<p>Aimant en c\u00e9ramique en forme de sardine, un \u00e9l\u00e9ment repr\u00e9sentatif de la culture m\u00e9diterran\u00e9enne valencienne. Cet aimant color\u00e9 se distingue par son design vibrant dans les tons verts et bleus, avec des motifs d\u00e9coratifs \u00e9voquant la c\u00e9ramique traditionnelle de Valence. Le mot \u00ab\u00a0Valencia\u00a0\u00bb est imprim\u00e9 en lettres frappantes, apportant une touche distinctive. Parfait pour ramener un petit morceau de Valence chez soi, cet aimant combine authenticit\u00e9 et art dans un objet pratique et d\u00e9coratif.<\/p>\n","protected":false},"featured_media":12110,"template":"","meta":{"_acf_changed":false},"product_brand":[],"product_cat":[697],"product_tag":[530,585],"class_list":{"0":"post-35763","1":"product","2":"type-product","3":"status-publish","4":"has-post-thumbnail","6":"product_cat-aimants","7":"product_tag-animaux","8":"product_tag-ceramique","9":"pa_ciudad-valencia","10":"pa_motivo-sardines","11":"pa_pais-espana","13":"first","14":"instock","15":"shipping-taxable","16":"product-type-simple"},"acf":[],"_links":{"self":[{"href":"https:\/\/olemosaic.orbitalia.org\/fr\/wp-json\/wp\/v2\/product\/35763","targetHints":{"allow":["GET"]}}],"collection":[{"href":"https:\/\/olemosaic.orbitalia.org\/fr\/wp-json\/wp\/v2\/product"}],"about":[{"href":"https:\/\/olemosaic.orbitalia.org\/fr\/wp-json\/wp\/v2\/types\/product"}],"wp:featuredmedia":[{"embeddable":true,"href":"https:\/\/olemosaic.orbitalia.org\/fr\/wp-json\/wp\/v2\/media\/12110"}],"wp:attachment":[{"href":"https:\/\/olemosaic.orbitalia.org\/fr\/wp-json\/wp\/v2\/media?parent=35763"}],"wp:term":[{"taxonomy":"product_brand","embeddable":true,"href":"https:\/\/olemosaic.orbitalia.org\/fr\/wp-json\/wp\/v2\/product_brand?post=35763"},{"taxonomy":"product_cat","embeddable":true,"href":"https:\/\/olemosaic.orbitalia.org\/fr\/wp-json\/wp\/v2\/product_cat?post=35763"},{"taxonomy":"product_tag","embeddable":true,"href":"https:\/\/olemosaic.orbitalia.org\/fr\/wp-json\/wp\/v2\/product_tag?post=35763"}],"curies":[{"name":"wp","href":"https:\/\/api.w.org\/{rel}","templated":true}]}}