{"id":35760,"date":"2025-02-20T22:37:42","date_gmt":"2025-02-20T22:37:42","guid":{"rendered":"https:\/\/olemosaic.orbitalia.org\/producto\/iman-de-ceramica-sardina-alicante-verde\/"},"modified":"2025-07-25T18:58:21","modified_gmt":"2025-07-25T16:58:21","slug":"aimant-en-ceramique-sardine-alicante-vert","status":"publish","type":"product","link":"https:\/\/olemosaic.orbitalia.org\/fr\/produit\/aimant-en-ceramique-sardine-alicante-vert\/","title":{"rendered":"Aimant en c\u00e9ramique. Sardine. Alicante. Vert."},"content":{"rendered":"<p>Cet aimant en c\u00e9ramique en forme de sardine est une pi\u00e8ce vibrante qui encapsule l&rsquo;essence d&rsquo;Alicante, un souvenir id\u00e9al pour ceux qui souhaitent ramener un morceau de la c\u00f4te m\u00e9diterran\u00e9enne chez eux. Avec une couleur verte \u00e9clatante qui \u00e9voque la fra\u00eecheur de la mer, l&rsquo;aimant est orn\u00e9 de motifs bleus complexes rappelant les d\u00e9corations typiques de la r\u00e9gion, ainsi que des d\u00e9tails ornementaux qui soulignent le folklore local. Le nom \u00ab Alicante \u00bb appara\u00eet en lettres frappantes, ce qui le rend non seulement facilement identifiable, mais ajoute \u00e9galement une touche d&rsquo;authenticit\u00e9 et de familiarit\u00e9.<\/p>\n<p>Cet aimant de sardine repr\u00e9sente la riche tradition de p\u00eache de la zone, o\u00f9 la p\u00eache \u00e0 la sardine a \u00e9t\u00e9 une partie fondamentale de la subsistance locale et de la vie sociale. Son design cr\u00e9atif et pittoresque en fait un accessoire attrayant pour tout r\u00e9frig\u00e9rateur ou surface magn\u00e9tique, en plus de servir de rappel constant des belles c\u00f4tes et de la culture vibrante d&rsquo;Alicante. Chez Ol\u00e9 Mosaic, en tant que distributeurs de souvenirs en gros, nous proposons cette pi\u00e8ce unique, le compl\u00e9ment parfait pour les boutiques de cadeaux touristiques \u00e0 la recherche de produits authentiques. Cet aimant n&rsquo;est pas seulement fonctionnel, il capture \u00e9galement l&rsquo;essence des souvenirs v\u00e9cus, devenant un excellent cadeau pour les touristes \u00e0 la recherche d&rsquo;un souvenir repr\u00e9sentatif de leur visite.<\/p>\n","protected":false},"excerpt":{"rendered":"<p>Aimant en c\u00e9ramique en forme de sardine, capturant l&rsquo;essence d&rsquo;Alicante. Cet aimant se distingue par sa couleur verte vibrante, orn\u00e9e de motifs bleus complexes et de d\u00e9tails ornementaux \u00e9voquant le folklore local. Avec le nom \u00ab\u00a0Alicante\u00a0\u00bb imprim\u00e9 en lettres frappantes, c&rsquo;est un souvenir parfait de la c\u00f4te m\u00e9diterran\u00e9enne. Son design cr\u00e9atif et pittoresque en fait un accessoire attrayant pour tout r\u00e9frig\u00e9rateur ou surface magn\u00e9tique.<\/p>\n","protected":false},"featured_media":13970,"template":"","meta":{"_acf_changed":false},"product_brand":[],"product_cat":[697],"product_tag":[530,585],"class_list":{"0":"post-35760","1":"product","2":"type-product","3":"status-publish","4":"has-post-thumbnail","6":"product_cat-aimants","7":"product_tag-animaux","8":"product_tag-ceramique","9":"pa_ciudad-alicante","10":"pa_motivo-sardines","11":"pa_pais-espana","13":"first","14":"instock","15":"shipping-taxable","16":"product-type-simple"},"acf":[],"_links":{"self":[{"href":"https:\/\/olemosaic.orbitalia.org\/fr\/wp-json\/wp\/v2\/product\/35760","targetHints":{"allow":["GET"]}}],"collection":[{"href":"https:\/\/olemosaic.orbitalia.org\/fr\/wp-json\/wp\/v2\/product"}],"about":[{"href":"https:\/\/olemosaic.orbitalia.org\/fr\/wp-json\/wp\/v2\/types\/product"}],"wp:featuredmedia":[{"embeddable":true,"href":"https:\/\/olemosaic.orbitalia.org\/fr\/wp-json\/wp\/v2\/media\/13970"}],"wp:attachment":[{"href":"https:\/\/olemosaic.orbitalia.org\/fr\/wp-json\/wp\/v2\/media?parent=35760"}],"wp:term":[{"taxonomy":"product_brand","embeddable":true,"href":"https:\/\/olemosaic.orbitalia.org\/fr\/wp-json\/wp\/v2\/product_brand?post=35760"},{"taxonomy":"product_cat","embeddable":true,"href":"https:\/\/olemosaic.orbitalia.org\/fr\/wp-json\/wp\/v2\/product_cat?post=35760"},{"taxonomy":"product_tag","embeddable":true,"href":"https:\/\/olemosaic.orbitalia.org\/fr\/wp-json\/wp\/v2\/product_tag?post=35760"}],"curies":[{"name":"wp","href":"https:\/\/api.w.org\/{rel}","templated":true}]}}