{"id":35738,"date":"2025-02-20T23:37:42","date_gmt":"2025-02-20T22:37:42","guid":{"rendered":"https:\/\/olemosaic.orbitalia.org\/producto\/iman-de-ceramica-sardinas-alicante-rojo\/"},"modified":"2025-07-25T20:03:31","modified_gmt":"2025-07-25T18:03:31","slug":"aimant-ceramique-sardines-alicante-rouge","status":"publish","type":"product","link":"https:\/\/olemosaic.orbitalia.org\/fr\/produit\/aimant-ceramique-sardines-alicante-rouge\/","title":{"rendered":"Aimant en c\u00e9ramique. Sardines. Alicante. Rouge."},"content":{"rendered":"<p>Aimant en c\u00e9ramique en forme de sardine d&rsquo;Alicante. Cet aimant color\u00e9 capture l&rsquo;essence vibrante du littoral d&rsquo;Alicante, \u00e9tant un d\u00e9tail d\u00e9coratif qui se distingue par son design exclusif peint \u00e0 la main. La pi\u00e8ce pr\u00e9sente un fond dans des tons bleus et rouges qui \u00e9voquent les eaux de la M\u00e9diterran\u00e9e et le climat chaud de la r\u00e9gion. Sa forme stylis\u00e9e de sardine, symbole de la riche gastronomie locale, est orn\u00e9e d&rsquo;un motif d\u00e9coratif distinctif rappelant les carreaux de c\u00e9ramique traditionnels espagnols, int\u00e9grant des \u00e9l\u00e9ments folkloriques qui rendent hommage \u00e0 la culture d&rsquo;Alicante.<\/p>\n<p>Le nom \u00ab\u00a0Alicante\u00a0\u00bb, inscrit dans des couleurs vives sur un fond blanc, ressort avec force sur la surface de l&rsquo;aimant, en faisant un souvenir id\u00e9al pour ceux qui souhaitent emporter une partie de cette pr\u00e9cieuse ville c\u00f4ti\u00e8re. Cet aimant n&rsquo;est pas seulement une pi\u00e8ce utile pour garder des notes et des souvenirs en vue, mais il ajoute \u00e9galement une touche m\u00e9diterran\u00e9enne charmante \u00e0 n&rsquo;importe quel espace.<\/p>\n<p>En tant que distributeur de souvenirs en gros, Ol\u00e9 Mosaic propose cet aimant de sardine d&rsquo;Alicante, une option parfaite pour les boutiques de cadeaux touristiques qui recherchent des produits authentiques et repr\u00e9sentatifs. Ce souvenir ne c\u00e9l\u00e8bre pas seulement la beaut\u00e9 et la culture d&rsquo;Alicante, mais constitue \u00e9galement un rappel tangible des exp\u00e9riences v\u00e9cues dans ce joyau de la c\u00f4te espagnole.<\/p>\n","protected":false},"excerpt":{"rendered":"<p>Aimant en c\u00e9ramique en forme de sardine, repr\u00e9sentant le caract\u00e8re vibrant d&rsquo;Alicante. Cet aimant color\u00e9 se distingue par son design artisanal, peint \u00e0 la main, avec un fond dans des tons bleus et rouges et un motif d\u00e9coratif distinctif qui \u00e9voque le folklore local. La sardine comprend le nom \u00ab Alicante \u00bb dans des couleurs vives, ce qui en fait un souvenir parfait de la c\u00f4te espagnole. Id\u00e9al pour donner une touche m\u00e9diterran\u00e9enne \u00e0 n&rsquo;importe quel espace.<\/p>\n","protected":false},"featured_media":13969,"template":"","meta":{"_acf_changed":false},"product_brand":[],"product_cat":[697],"product_tag":[530,585],"class_list":{"0":"post-35738","1":"product","2":"type-product","3":"status-publish","4":"has-post-thumbnail","6":"product_cat-aimants","7":"product_tag-animaux","8":"product_tag-ceramique","9":"pa_ciudad-alicante","10":"pa_motivo-sardines","11":"pa_pais-espana","13":"first","14":"instock","15":"shipping-taxable","16":"product-type-simple"},"acf":[],"_links":{"self":[{"href":"https:\/\/olemosaic.orbitalia.org\/fr\/wp-json\/wp\/v2\/product\/35738","targetHints":{"allow":["GET"]}}],"collection":[{"href":"https:\/\/olemosaic.orbitalia.org\/fr\/wp-json\/wp\/v2\/product"}],"about":[{"href":"https:\/\/olemosaic.orbitalia.org\/fr\/wp-json\/wp\/v2\/types\/product"}],"wp:featuredmedia":[{"embeddable":true,"href":"https:\/\/olemosaic.orbitalia.org\/fr\/wp-json\/wp\/v2\/media\/13969"}],"wp:attachment":[{"href":"https:\/\/olemosaic.orbitalia.org\/fr\/wp-json\/wp\/v2\/media?parent=35738"}],"wp:term":[{"taxonomy":"product_brand","embeddable":true,"href":"https:\/\/olemosaic.orbitalia.org\/fr\/wp-json\/wp\/v2\/product_brand?post=35738"},{"taxonomy":"product_cat","embeddable":true,"href":"https:\/\/olemosaic.orbitalia.org\/fr\/wp-json\/wp\/v2\/product_cat?post=35738"},{"taxonomy":"product_tag","embeddable":true,"href":"https:\/\/olemosaic.orbitalia.org\/fr\/wp-json\/wp\/v2\/product_tag?post=35738"}],"curies":[{"name":"wp","href":"https:\/\/api.w.org\/{rel}","templated":true}]}}