{"id":35735,"date":"2025-02-20T22:37:42","date_gmt":"2025-02-20T22:37:42","guid":{"rendered":"https:\/\/olemosaic.orbitalia.org\/producto\/iman-de-ceramica-sardinas-santander-multicolor\/"},"modified":"2025-07-25T19:57:12","modified_gmt":"2025-07-25T17:57:12","slug":"aimant-ceramique-sardines-santander-multicolore","status":"publish","type":"product","link":"https:\/\/olemosaic.orbitalia.org\/fr\/produit\/aimant-ceramique-sardines-santander-multicolore\/","title":{"rendered":"Aimant en c\u00e9ramique. Sardines. Santander. Multicolore."},"content":{"rendered":"<p>Aimant en c\u00e9ramique en forme de sardine. Cet aimant multicolore color\u00e9, qui rend hommage \u00e0 la mer embl\u00e9matique de Santander, est la repr\u00e9sentation parfaite de l&rsquo;essence marine de cette belle ville. Fabriqu\u00e9 en c\u00e9ramique, il pr\u00e9sente un design vibrant qui attire le regard gr\u00e2ce \u00e0 ses tonalit\u00e9s jaunes, rouges, oranges et bleues, simulant les \u00e9cailles du poisson. Le contour en forme de sardine est orn\u00e9 de d\u00e9tails artistiques qui ajoutent une dimension ludique et joyeuse \u00e0 l&rsquo;objet. Le texte \u00ab\u00a0Santander\u00a0\u00bb appara\u00eet imprim\u00e9 dans un style amusant, soulignant le lien avec cette ville embl\u00e9matique du nord de l&rsquo;Espagne.<\/p>\n<p>Id\u00e9al pour d\u00e9corer toute surface m\u00e9tallique, cet aimant en c\u00e9ramique apporte non seulement une touche de couleur, mais \u00e9voque \u00e9galement les souvenirs de promenades sur le port et de d\u00e9gustations de la d\u00e9licieuse gastronomie marine. En tant qu&rsquo;authentique souvenir, ce produit refl\u00e8te la culture et la tradition de p\u00eache de Santander, devenant un excellent cadeau pour les touristes qui cherchent \u00e0 ramener chez eux un petit morceau de leur voyage. Chez Ol\u00e9 Mosaic, nous nous sp\u00e9cialisons dans la distribution de souvenirs en c\u00e9ramique comme celui-ci, id\u00e9aux pour les boutiques de cadeaux touristiques qui souhaitent offrir des produits authentiques et significatifs. Avec cet aimant de sardine, votre client\u00e8le pourra appr\u00e9cier le riche h\u00e9ritage culturel de Santander de mani\u00e8re amusante et abordable.<\/p>\n","protected":false},"excerpt":{"rendered":"<p>Aimant en c\u00e9ramique en forme de sardine, repr\u00e9sentant la mer embl\u00e9matique de Santander. Cet aimant multicolore color\u00e9 se distingue par son design vibrant, avec des tons jaunes, rouges, oranges et bleus simulant les \u00e9cailles du poisson, et le texte \u00ab\u00a0Santander\u00a0\u00bb imprim\u00e9 dans un style amusant. Parfait pour d\u00e9corer toute surface m\u00e9tallique, ce souvenir capture l&rsquo;essence marine de la r\u00e9gion et est id\u00e9al pour se souvenir de vos exp\u00e9riences dans le nord de l&rsquo;Espagne.<\/p>\n","protected":false},"featured_media":13966,"template":"","meta":{"_acf_changed":false},"product_brand":[],"product_cat":[697],"product_tag":[530,585],"class_list":{"0":"post-35735","1":"product","2":"type-product","3":"status-publish","4":"has-post-thumbnail","6":"product_cat-aimants","7":"product_tag-animaux","8":"product_tag-ceramique","9":"pa_ciudad-santander","10":"pa_motivo-sardines","11":"pa_pais-espana","13":"first","14":"instock","15":"shipping-taxable","16":"product-type-simple"},"acf":[],"_links":{"self":[{"href":"https:\/\/olemosaic.orbitalia.org\/fr\/wp-json\/wp\/v2\/product\/35735","targetHints":{"allow":["GET"]}}],"collection":[{"href":"https:\/\/olemosaic.orbitalia.org\/fr\/wp-json\/wp\/v2\/product"}],"about":[{"href":"https:\/\/olemosaic.orbitalia.org\/fr\/wp-json\/wp\/v2\/types\/product"}],"wp:featuredmedia":[{"embeddable":true,"href":"https:\/\/olemosaic.orbitalia.org\/fr\/wp-json\/wp\/v2\/media\/13966"}],"wp:attachment":[{"href":"https:\/\/olemosaic.orbitalia.org\/fr\/wp-json\/wp\/v2\/media?parent=35735"}],"wp:term":[{"taxonomy":"product_brand","embeddable":true,"href":"https:\/\/olemosaic.orbitalia.org\/fr\/wp-json\/wp\/v2\/product_brand?post=35735"},{"taxonomy":"product_cat","embeddable":true,"href":"https:\/\/olemosaic.orbitalia.org\/fr\/wp-json\/wp\/v2\/product_cat?post=35735"},{"taxonomy":"product_tag","embeddable":true,"href":"https:\/\/olemosaic.orbitalia.org\/fr\/wp-json\/wp\/v2\/product_tag?post=35735"}],"curies":[{"name":"wp","href":"https:\/\/api.w.org\/{rel}","templated":true}]}}