{"id":35725,"date":"2025-02-20T22:37:41","date_gmt":"2025-02-20T22:37:41","guid":{"rendered":"https:\/\/olemosaic.orbitalia.org\/producto\/iman-de-ceramica-sardinas-bilbao-multicolor\/"},"modified":"2025-07-25T19:32:34","modified_gmt":"2025-07-25T17:32:34","slug":"aimant-en-ceramique-sardines-bilbao-multicolore","status":"publish","type":"product","link":"https:\/\/olemosaic.orbitalia.org\/fr\/produit\/aimant-en-ceramique-sardines-bilbao-multicolore\/","title":{"rendered":"Aimant en c\u00e9ramique. Sardines. Bilbao. Multicolore."},"content":{"rendered":"<p>Aimant en c\u00e9ramique en forme de sardine de Bilbao, un souvenir color\u00e9 qui c\u00e9l\u00e8bre la riche tradition de p\u00eache de cette ville embl\u00e9matique du nord de l&rsquo;Espagne. Cet aimant se distingue par son design vibrant aux tons multicolores, allant du jaune au bleu, imitant les \u00e9cailles brillantes d&rsquo;une sardine et apportant une dose de joie et d&rsquo;originalit\u00e9 \u00e0 n&rsquo;importe quel espace. Le mot \u00ab\u00a0Bilbao\u00a0\u00bb, \u00e9crit dans un style d\u00e9contract\u00e9, compl\u00e8te parfaitement la repr\u00e9sentation de la sardine, symbole du patrimoine maritime de la r\u00e9gion.<\/p>\n<p>Fabriqu\u00e9 en c\u00e9ramique de haute qualit\u00e9, cet aimant n&rsquo;est pas seulement une pi\u00e8ce d\u00e9corative, mais aussi un souvenir pratique qui permet aux touristes d&#8217;emporter un fragment de l&rsquo;essence de la c\u00f4te basque chez eux. Id\u00e9al pour d\u00e9corer le r\u00e9frig\u00e9rateur ou toute surface magn\u00e9tique, cet aimant sardine se pr\u00e9sente comme un lien authentique avec la vie quotidienne et la culture de Bilbao, rappelant l&rsquo;importance de la p\u00eache dans l&rsquo;histoire locale.<\/p>\n<p>Chez Ol\u00e9 Mosaic, en tant que distributeurs de souvenirs en gros, nous proposons cet aimant en c\u00e9ramique comme une excellente option pour les boutiques de cadeaux touristiques \u00e0 la recherche de produits authentiques et repr\u00e9sentatifs. Les souvenirs de Bilbao, comme cet aimant, sont un rappel parfait du charme et de la vitalit\u00e9 de cette r\u00e9gion c\u00f4ti\u00e8re, attirant les touristes qui recherchent une touche de couleur et de culture dans leurs souvenirs.<\/p>\n","protected":false},"excerpt":{"rendered":"<p>Aimant en c\u00e9ramique en forme de sardine, inspir\u00e9 par la culture maritime de Bilbao. Cet aimant color\u00e9 pr\u00e9sente un design vibrant avec des \u00e9cailles aux teintes multicolores, du jaune au bleu, apportant une touche joyeuse et originale. Le mot \u00ab\u00a0Bilbao\u00a0\u00bb est imprim\u00e9 dans un style d\u00e9contract\u00e9, faisant r\u00e9f\u00e9rence \u00e0 la riche tradition de p\u00eache de la r\u00e9gion. Id\u00e9al pour d\u00e9corer votre r\u00e9frig\u00e9rateur et se souvenir de l&rsquo;essence de la c\u00f4te basque.<\/p>\n","protected":false},"featured_media":13964,"template":"","meta":{"_acf_changed":false},"product_brand":[],"product_cat":[697],"product_tag":[530,585],"class_list":{"0":"post-35725","1":"product","2":"type-product","3":"status-publish","4":"has-post-thumbnail","6":"product_cat-aimants","7":"product_tag-animaux","8":"product_tag-ceramique","9":"pa_ciudad-bilbao","10":"pa_motivo-sardines","11":"pa_pais-espana","13":"first","14":"instock","15":"shipping-taxable","16":"product-type-simple"},"acf":[],"_links":{"self":[{"href":"https:\/\/olemosaic.orbitalia.org\/fr\/wp-json\/wp\/v2\/product\/35725","targetHints":{"allow":["GET"]}}],"collection":[{"href":"https:\/\/olemosaic.orbitalia.org\/fr\/wp-json\/wp\/v2\/product"}],"about":[{"href":"https:\/\/olemosaic.orbitalia.org\/fr\/wp-json\/wp\/v2\/types\/product"}],"wp:featuredmedia":[{"embeddable":true,"href":"https:\/\/olemosaic.orbitalia.org\/fr\/wp-json\/wp\/v2\/media\/13964"}],"wp:attachment":[{"href":"https:\/\/olemosaic.orbitalia.org\/fr\/wp-json\/wp\/v2\/media?parent=35725"}],"wp:term":[{"taxonomy":"product_brand","embeddable":true,"href":"https:\/\/olemosaic.orbitalia.org\/fr\/wp-json\/wp\/v2\/product_brand?post=35725"},{"taxonomy":"product_cat","embeddable":true,"href":"https:\/\/olemosaic.orbitalia.org\/fr\/wp-json\/wp\/v2\/product_cat?post=35725"},{"taxonomy":"product_tag","embeddable":true,"href":"https:\/\/olemosaic.orbitalia.org\/fr\/wp-json\/wp\/v2\/product_tag?post=35725"}],"curies":[{"name":"wp","href":"https:\/\/api.w.org\/{rel}","templated":true}]}}