{"id":35708,"date":"2025-02-20T22:37:41","date_gmt":"2025-02-20T22:37:41","guid":{"rendered":"https:\/\/olemosaic.orbitalia.org\/producto\/iman-de-ceramica-sardinas-santander-naranja\/"},"modified":"2025-07-25T19:46:00","modified_gmt":"2025-07-25T17:46:00","slug":"aimant-en-ceramique-sardines-santander-orange","status":"publish","type":"product","link":"https:\/\/olemosaic.orbitalia.org\/fr\/produit\/aimant-en-ceramique-sardines-santander-orange\/","title":{"rendered":"Aimant en c\u00e9ramique. Sardines. Santander. Orange."},"content":{"rendered":"<p>Aimant en c\u00e9ramique en forme de sardine. Ce charmant aimant capture la tradition color\u00e9e et vibrante de Santander, une destination embl\u00e9matique de la c\u00f4te cantabrique. Avec un design qui se distingue par des tons orange et bleu, cette sardine est plus qu&rsquo;un simple souvenir ; c&rsquo;est une v\u00e9ritable repr\u00e9sentation de l&rsquo;art local. La c\u00e9ramique est m\u00e9ticuleusement d\u00e9cor\u00e9e de motifs floraux et g\u00e9om\u00e9triques complexes qui \u00e9voquent la beaut\u00e9 et la culture de la r\u00e9gion, en faisant une pi\u00e8ce visuellement attrayante.<\/p>\n<p>Le nom \u00ab\u00a0SANTANDER\u00a0\u00bb appara\u00eet de mani\u00e8re frappante, s&rsquo;int\u00e9grant harmonieusement dans le design pour ajouter une touche personnelle. Cet aimant est non seulement id\u00e9al pour ceux qui recherchent des souvenirs distinctifs de leur visite, mais aussi pour les collectionneurs qui appr\u00e9cient les traditions artistiques de l&rsquo;Espagne. La sardine, \u00e9l\u00e9ment repr\u00e9sentatif de la gastronomie cantabrique, symbolise la vitalit\u00e9 de la vie c\u00f4ti\u00e8re de Santander, renfor\u00e7ant sa pertinence culturelle.<\/p>\n<p>Chez Ol\u00e9 Mosaic, nous sommes fiers d&rsquo;\u00eatre des distributeurs de souvenirs authentiques et repr\u00e9sentatifs, comme cet aimant en c\u00e9ramique en forme de sardine. C&rsquo;est une excellente option pour les boutiques de cadeaux touristiques cherchant \u00e0 offrir des produits uniques avec une signification culturelle \u00e0 leurs clients.<\/p>\n","protected":false},"excerpt":{"rendered":"<p>Aimant en c\u00e9ramique en forme de sardine, inspir\u00e9 par la tradition color\u00e9e de Santander. Ce souvenir attrayant se distingue par son design vibrant dans les tons orange et bleu, d\u00e9cor\u00e9 de motifs floraux et g\u00e9om\u00e9triques qui capturent l&rsquo;essence de l&rsquo;art local. Le nom \u00ab\u00a0SANTANDER\u00a0\u00bb appara\u00eet en lettres frappantes, ajoutant une touche personnelle. Id\u00e9al pour les collectionneurs ou comme souvenir distinctif de la c\u00f4te cantabrique.<\/p>\n","protected":false},"featured_media":13962,"template":"","meta":{"_acf_changed":false},"product_brand":[],"product_cat":[697],"product_tag":[530,585],"class_list":{"0":"post-35708","1":"product","2":"type-product","3":"status-publish","4":"has-post-thumbnail","6":"product_cat-aimants","7":"product_tag-animaux","8":"product_tag-ceramique","9":"pa_ciudad-santander","10":"pa_motivo-sardines","11":"pa_pais-espana","13":"first","14":"instock","15":"shipping-taxable","16":"product-type-simple"},"acf":[],"_links":{"self":[{"href":"https:\/\/olemosaic.orbitalia.org\/fr\/wp-json\/wp\/v2\/product\/35708","targetHints":{"allow":["GET"]}}],"collection":[{"href":"https:\/\/olemosaic.orbitalia.org\/fr\/wp-json\/wp\/v2\/product"}],"about":[{"href":"https:\/\/olemosaic.orbitalia.org\/fr\/wp-json\/wp\/v2\/types\/product"}],"wp:featuredmedia":[{"embeddable":true,"href":"https:\/\/olemosaic.orbitalia.org\/fr\/wp-json\/wp\/v2\/media\/13962"}],"wp:attachment":[{"href":"https:\/\/olemosaic.orbitalia.org\/fr\/wp-json\/wp\/v2\/media?parent=35708"}],"wp:term":[{"taxonomy":"product_brand","embeddable":true,"href":"https:\/\/olemosaic.orbitalia.org\/fr\/wp-json\/wp\/v2\/product_brand?post=35708"},{"taxonomy":"product_cat","embeddable":true,"href":"https:\/\/olemosaic.orbitalia.org\/fr\/wp-json\/wp\/v2\/product_cat?post=35708"},{"taxonomy":"product_tag","embeddable":true,"href":"https:\/\/olemosaic.orbitalia.org\/fr\/wp-json\/wp\/v2\/product_tag?post=35708"}],"curies":[{"name":"wp","href":"https:\/\/api.w.org\/{rel}","templated":true}]}}