{"id":35705,"date":"2025-02-20T23:37:40","date_gmt":"2025-02-20T22:37:40","guid":{"rendered":"https:\/\/olemosaic.orbitalia.org\/producto\/iman-de-ceramica-sardinas-rojo\/"},"modified":"2025-07-25T20:08:51","modified_gmt":"2025-07-25T18:08:51","slug":"aimant-en-ceramique-sardines-rouge","status":"publish","type":"product","link":"https:\/\/olemosaic.orbitalia.org\/fr\/produit\/aimant-en-ceramique-sardines-rouge\/","title":{"rendered":"Aimant en c\u00e9ramique. Sardines. Rouge."},"content":{"rendered":"<p>Aimant en c\u00e9ramique en forme de sardine, vibrant et color\u00e9, repr\u00e9sentant la riche tradition de p\u00eache du Portugal. Cet adorable aimant, au design m\u00e9ticuleusement peint \u00e0 la main, pr\u00e9sente un corps rouge brillant qui contraste magnifiquement avec des motifs floraux et g\u00e9om\u00e9triques bleus, \u00e9voquant les azulejos color\u00e9s qui ornent de nombreuses villes portugaises. La forme distinctive de la sardine, accentu\u00e9e par un \u0153il caract\u00e9ristique, ajoute une touche de personnalit\u00e9 \u00e0 l&rsquo;objet, en faisant un d\u00e9tail charmant pour tout r\u00e9frig\u00e9rateur ou surface m\u00e9tallique.<\/p>\n<p>La finition brillante de cet aimant rehausse son caract\u00e8re artistique, rendant chaque pi\u00e8ce unique et sp\u00e9ciale, parfaite comme souvenir capturant l&rsquo;essence de la M\u00e9diterran\u00e9e. La sardine est un symbole de la gastronomie portugaise, c\u00e9l\u00e8bre pour sa pr\u00e9paration grill\u00e9e, et cet aimant rend hommage \u00e0 cette tradition culinaire. Id\u00e9al pour les touristes \u00e0 la recherche d&rsquo;un souvenir authentique repr\u00e9sentant leur exp\u00e9rience au Portugal, cet aimant en c\u00e9ramique agit \u00e9galement comme une pi\u00e8ce d\u00e9corative \u00e9voquant la nostalgie des journ\u00e9es ensoleill\u00e9es au bord de la mer.<\/p>\n<p>Chez Ol\u00e9 Mosaic, nous nous consacrons \u00e0 la distribution de souvenirs en gros, offrant des produits authentiques et artistiques qui c\u00e9l\u00e8brent la culture et la tradition de chaque r\u00e9gion. Cet aimant en c\u00e9ramique en forme de sardine est une excellente option pour les boutiques de cadeaux touristiques recherchant des produits li\u00e9s au riche patrimoine culturel du Portugal, garantissant la satisfaction de leurs clients avec des articles de qualit\u00e9 et un charme unique.<\/p>\n","protected":false},"excerpt":{"rendered":"<p>Aimant en c\u00e9ramique en forme de sardine, con\u00e7u avec de joyeuses couleurs rouge et bleu. Ce sympathique aimant arbore des motifs floraux et g\u00e9om\u00e9triques d\u00e9coratifs, peints \u00e0 la main, qui \u00e9voquent la riche tradition artisanale portugaise. La partie frontale pr\u00e9sente une finition brillante et un \u0153il distinctif qui lui donne une touche de caract\u00e8re. Id\u00e9al pour d\u00e9corer le r\u00e9frig\u00e9rateur ou comme souvenir de la culture m\u00e9diterran\u00e9enne.<\/p>\n","protected":false},"featured_media":8943,"template":"","meta":{"_acf_changed":false},"product_brand":[],"product_cat":[697],"product_tag":[530,585],"class_list":{"0":"post-35705","1":"product","2":"type-product","3":"status-publish","4":"has-post-thumbnail","6":"product_cat-aimants","7":"product_tag-animaux","8":"product_tag-ceramique","9":"pa_motivo-sardines","11":"first","12":"instock","13":"shipping-taxable","14":"product-type-simple"},"acf":[],"_links":{"self":[{"href":"https:\/\/olemosaic.orbitalia.org\/fr\/wp-json\/wp\/v2\/product\/35705","targetHints":{"allow":["GET"]}}],"collection":[{"href":"https:\/\/olemosaic.orbitalia.org\/fr\/wp-json\/wp\/v2\/product"}],"about":[{"href":"https:\/\/olemosaic.orbitalia.org\/fr\/wp-json\/wp\/v2\/types\/product"}],"wp:featuredmedia":[{"embeddable":true,"href":"https:\/\/olemosaic.orbitalia.org\/fr\/wp-json\/wp\/v2\/media\/8943"}],"wp:attachment":[{"href":"https:\/\/olemosaic.orbitalia.org\/fr\/wp-json\/wp\/v2\/media?parent=35705"}],"wp:term":[{"taxonomy":"product_brand","embeddable":true,"href":"https:\/\/olemosaic.orbitalia.org\/fr\/wp-json\/wp\/v2\/product_brand?post=35705"},{"taxonomy":"product_cat","embeddable":true,"href":"https:\/\/olemosaic.orbitalia.org\/fr\/wp-json\/wp\/v2\/product_cat?post=35705"},{"taxonomy":"product_tag","embeddable":true,"href":"https:\/\/olemosaic.orbitalia.org\/fr\/wp-json\/wp\/v2\/product_tag?post=35705"}],"curies":[{"name":"wp","href":"https:\/\/api.w.org\/{rel}","templated":true}]}}