{"id":35704,"date":"2025-02-20T22:37:40","date_gmt":"2025-02-20T22:37:40","guid":{"rendered":"https:\/\/olemosaic.orbitalia.org\/producto\/iman-de-ceramica-sardinas-mallorca-rojo\/"},"modified":"2025-07-25T18:51:45","modified_gmt":"2025-07-25T16:51:45","slug":"aimant-en-ceramique-sardines-majorque-rouge","status":"publish","type":"product","link":"https:\/\/olemosaic.orbitalia.org\/fr\/produit\/aimant-en-ceramique-sardines-majorque-rouge\/","title":{"rendered":"Aimant en c\u00e9ramique. Sardines. Majorque. Rouge."},"content":{"rendered":"<p>Cet aimant en c\u00e9ramique en forme de sardine est un souvenir attrayant qui capture l&rsquo;essence de Majorque, l&rsquo;un des joyaux de la M\u00e9diterran\u00e9e. Avec un design vibrant dans les tons rouges et bleus, cet ing\u00e9nieux souvenir \u00e9voque la riche culture maritime de l&rsquo;\u00eele, devenant un excellent hommage \u00e0 sa tradition. La sardine, symbole embl\u00e9matique de la gastronomie locale, est illustr\u00e9e par des d\u00e9tails complexes qui semblent danser \u00e0 la lumi\u00e8re, cr\u00e9ant une pi\u00e8ce \u00e0 la fois d\u00e9corative et fonctionnelle. Le texte \u00ab\u00a0MALLORCA\u00a0\u00bb, resplendissant en jaune, compl\u00e8te le design, attirant l&rsquo;attention et ajoutant une touche de modernit\u00e9 \u00e0 ce souvenir artisanal.<\/p>\n<p>Cet aimant n&rsquo;est pas seulement id\u00e9al pour orner le r\u00e9frig\u00e9rateur ou toute surface m\u00e9tallique de votre maison, mais il agit \u00e9galement comme un rappel constant des journ\u00e9es ensoleill\u00e9es et des eaux cristallines des plages de Majorque. Son authenticit\u00e9 en tant que souvenir en fait un cadeau parfait pour les touristes souhaitant emporter une partie de l&rsquo;exp\u00e9rience des Bal\u00e9ares. Chez Ol\u00e9 Mosaic, nous nous sp\u00e9cialisons dans la distribution de souvenirs en gros, et cet aimant de sardine repr\u00e9sente une excellente option pour les boutiques de cadeaux touristiques \u00e0 la recherche de produits uniques et repr\u00e9sentatifs de la culture espagnole. Avec cet aimant, les visiteurs de Majorque peuvent profiter d&rsquo;un petit morceau de l&rsquo;\u00eele \u00e0 chaque regard.<\/p>\n","protected":false},"excerpt":{"rendered":"<p>Aimant en c\u00e9ramique en forme de sardine, d\u00e9cor\u00e9 d&rsquo;un design vibrant dans les tons rouges et bleus qui \u00e9voque la culture m\u00e9diterran\u00e9enne de Majorque. Cet aimant attrayant pr\u00e9sente des d\u00e9tails complexes et le texte \u00ab\u00a0MALLORCA\u00a0\u00bb en jaune, fusionnant tradition et modernit\u00e9. Id\u00e9al pour se souvenir de vos vacances aux \u00eeles Bal\u00e9ares, cet aimant est une pi\u00e8ce d\u00e9corative et fonctionnelle qui apporte une touche chaleureuse \u00e0 tout r\u00e9frig\u00e9rateur ou surface m\u00e9tallique.<\/p>\n","protected":false},"featured_media":12112,"template":"","meta":{"_acf_changed":false},"product_brand":[],"product_cat":[697],"product_tag":[530,585],"class_list":{"0":"post-35704","1":"product","2":"type-product","3":"status-publish","4":"has-post-thumbnail","6":"product_cat-aimants","7":"product_tag-animaux","8":"product_tag-ceramique","9":"pa_ciudad-mallorca","10":"pa_motivo-sardines","11":"pa_pais-espana","13":"first","14":"instock","15":"shipping-taxable","16":"product-type-simple"},"acf":[],"_links":{"self":[{"href":"https:\/\/olemosaic.orbitalia.org\/fr\/wp-json\/wp\/v2\/product\/35704","targetHints":{"allow":["GET"]}}],"collection":[{"href":"https:\/\/olemosaic.orbitalia.org\/fr\/wp-json\/wp\/v2\/product"}],"about":[{"href":"https:\/\/olemosaic.orbitalia.org\/fr\/wp-json\/wp\/v2\/types\/product"}],"wp:featuredmedia":[{"embeddable":true,"href":"https:\/\/olemosaic.orbitalia.org\/fr\/wp-json\/wp\/v2\/media\/12112"}],"wp:attachment":[{"href":"https:\/\/olemosaic.orbitalia.org\/fr\/wp-json\/wp\/v2\/media?parent=35704"}],"wp:term":[{"taxonomy":"product_brand","embeddable":true,"href":"https:\/\/olemosaic.orbitalia.org\/fr\/wp-json\/wp\/v2\/product_brand?post=35704"},{"taxonomy":"product_cat","embeddable":true,"href":"https:\/\/olemosaic.orbitalia.org\/fr\/wp-json\/wp\/v2\/product_cat?post=35704"},{"taxonomy":"product_tag","embeddable":true,"href":"https:\/\/olemosaic.orbitalia.org\/fr\/wp-json\/wp\/v2\/product_tag?post=35704"}],"curies":[{"name":"wp","href":"https:\/\/api.w.org\/{rel}","templated":true}]}}