{"id":35697,"date":"2025-02-20T23:37:40","date_gmt":"2025-02-20T22:37:40","guid":{"rendered":"https:\/\/olemosaic.orbitalia.org\/producto\/iman-de-ceramica-sardinas-blanco-3\/"},"modified":"2025-07-25T19:02:45","modified_gmt":"2025-07-25T17:02:45","slug":"aimant-en-ceramique-sardines-blanc-3","status":"publish","type":"product","link":"https:\/\/olemosaic.orbitalia.org\/fr\/produit\/aimant-en-ceramique-sardines-blanc-3\/","title":{"rendered":"Aimant en c\u00e9ramique. Sardines. Blanc. Motifs floraux."},"content":{"rendered":"<p>Aimant en c\u00e9ramique en forme de cuill\u00e8re d\u00e9cor\u00e9 de sardines color\u00e9es. Cet aimant artisanal vibrant, parfait pour n&rsquo;importe quel foyer, repr\u00e9sente la riche tradition de p\u00eache portugaise. Fabriqu\u00e9 en c\u00e9ramique de haute qualit\u00e9, l&rsquo;aimant pr\u00e9sente un fond blanc qui met en valeur les designs d\u00e9taill\u00e9s et color\u00e9s des sardines, qui nagent joyeusement dans une danse visuelle. Les tons orange, rouge et jaune des poissons contrastent merveilleusement avec la d\u00e9coration bleue qui encadre la sc\u00e8ne, \u00e9voquant la fra\u00eecheur de la mer et la culture m\u00e9diterran\u00e9enne. Cette pi\u00e8ce n&rsquo;est pas seulement un aimant fonctionnel, mais aussi une \u0153uvre d&rsquo;art d\u00e9corative qui capture l&rsquo;essence du littoral portugais.<\/p>\n<p>La cuill\u00e8re, en tant que symbole de la gastronomie locale, rappelle les d\u00e9lices et les saveurs des c\u00f4tes portugaises. Cet aimant en c\u00e9ramique est un excellent choix comme souvenir pour les touristes cherchant un rappel authentique de leur visite dans ce pays fascinant. Chez Ol\u00e9 Mosaic, nous proposons une grande vari\u00e9t\u00e9 de souvenirs en c\u00e9ramique qui mettent en avant l&rsquo;artisanat et l&rsquo;authenticit\u00e9 des traditions locales. En tant que grossiste de souvenirs, nous garantissons que chaque aimant est un t\u00e9moignage du riche h\u00e9ritage culturel, id\u00e9al pour les boutiques de cadeaux touristiques souhaitant proposer des produits de qualit\u00e9.<\/p>\n","protected":false},"excerpt":{"rendered":"<p>Aimant en c\u00e9ramique en forme de cuill\u00e8re, d\u00e9cor\u00e9 de sardines joyeuses sur un fond blanc et des motifs floraux bleus. Cet aimant, au design artisanal et peint \u00e0 la main, pr\u00e9sente des d\u00e9tails vibrants sur les poissons qui \u00e9voquent la riche tradition de p\u00eache de la c\u00f4te portugaise. Son design tr\u00e8s sp\u00e9cial combine la c\u00e9ramique artisanale avec une repr\u00e9sentation visuelle attrayante, parfait pour se souvenir des saveurs de la mer et de la culture m\u00e9diterran\u00e9enne dans n&rsquo;importe quel foyer.<\/p>\n","protected":false},"featured_media":9061,"template":"","meta":{"_acf_changed":false},"product_brand":[],"product_cat":[697],"product_tag":[530,585],"class_list":{"0":"post-35697","1":"product","2":"type-product","3":"status-publish","4":"has-post-thumbnail","6":"product_cat-aimants","7":"product_tag-animaux","8":"product_tag-ceramique","9":"pa_motivo-sardines","11":"first","12":"instock","13":"shipping-taxable","14":"product-type-simple"},"acf":[],"_links":{"self":[{"href":"https:\/\/olemosaic.orbitalia.org\/fr\/wp-json\/wp\/v2\/product\/35697","targetHints":{"allow":["GET"]}}],"collection":[{"href":"https:\/\/olemosaic.orbitalia.org\/fr\/wp-json\/wp\/v2\/product"}],"about":[{"href":"https:\/\/olemosaic.orbitalia.org\/fr\/wp-json\/wp\/v2\/types\/product"}],"wp:featuredmedia":[{"embeddable":true,"href":"https:\/\/olemosaic.orbitalia.org\/fr\/wp-json\/wp\/v2\/media\/9061"}],"wp:attachment":[{"href":"https:\/\/olemosaic.orbitalia.org\/fr\/wp-json\/wp\/v2\/media?parent=35697"}],"wp:term":[{"taxonomy":"product_brand","embeddable":true,"href":"https:\/\/olemosaic.orbitalia.org\/fr\/wp-json\/wp\/v2\/product_brand?post=35697"},{"taxonomy":"product_cat","embeddable":true,"href":"https:\/\/olemosaic.orbitalia.org\/fr\/wp-json\/wp\/v2\/product_cat?post=35697"},{"taxonomy":"product_tag","embeddable":true,"href":"https:\/\/olemosaic.orbitalia.org\/fr\/wp-json\/wp\/v2\/product_tag?post=35697"}],"curies":[{"name":"wp","href":"https:\/\/api.w.org\/{rel}","templated":true}]}}