{"id":35662,"date":"2025-02-20T22:37:39","date_gmt":"2025-02-20T22:37:39","guid":{"rendered":"https:\/\/olemosaic.orbitalia.org\/producto\/iman-de-ceramica-sardinas-bilbao-naranja\/"},"modified":"2025-07-25T20:20:13","modified_gmt":"2025-07-25T18:20:13","slug":"aimant-ceramique-sardines-bilbao-orange","status":"publish","type":"product","link":"https:\/\/olemosaic.orbitalia.org\/fr\/produit\/aimant-ceramique-sardines-bilbao-orange\/","title":{"rendered":"Aimant en c\u00e9ramique. Sardines. Bilbao. Orange."},"content":{"rendered":"<p>Cet aimant en c\u00e9ramique en forme de sardine est un charmant souvenir de Bilbao, id\u00e9al pour emporter un morceau de cette ville basque vibrante chez soi. Son design se distingue par une couleur orange frappante sur la t\u00eate, \u00e9voquant la joie et la cr\u00e9ativit\u00e9 de la culture locale. Sur son corps, des motifs complexes bleus et orange d\u00e9corent la surface, refl\u00e9tant la riche tradition artistique de Bilbao et son c\u00e9l\u00e8bre patrimoine gastronomique. Le nom \u00ab\u00a0BILBAO\u00a0\u00bb est imprim\u00e9 avec une typographie color\u00e9e, renfor\u00e7ant son identit\u00e9 en tant que souvenir repr\u00e9sentatif et en faisant une excellente option pour les touristes souhaitant emporter un symbole de leur visite dans cette ville embl\u00e9matique.<\/p>\n<p>La sardine est une ic\u00f4ne de la gastronomie de Bilbao, c\u00e9l\u00e8bre pour sa qualit\u00e9 et sa fra\u00eecheur, et cet aimant est un hommage \u00e0 ce riche h\u00e9ritage culturel. Parfaitement \u00e9labor\u00e9 en c\u00e9ramique, c&rsquo;est un produit qui se distingue par son authenticit\u00e9 et sa capacit\u00e9 \u00e0 capturer l&rsquo;essence de la vie \u00e0 Bilbao. Chez Ol\u00e9 Mosaic, nous distribuons ce type de souvenirs en gros, garantissant que chaque boutique de cadeaux touristiques dispose de produits refl\u00e9tant l&rsquo;originalit\u00e9 et la diversit\u00e9 des traditions espagnoles. Cet aimant de sardine est, sans aucun doute, une excellente fa\u00e7on de se souvenir d&rsquo;une exp\u00e9rience unique \u00e0 Bilbao, en faisant un charmant souvenir \u00e0 emporter chez soi.<\/p>\n","protected":false},"excerpt":{"rendered":"<p>Aimant en c\u00e9ramique en forme de sardine, inspir\u00e9 de la gastronomie de Bilbao. Cet aimant attrayant se distingue par sa couleur orange vibrante sur la t\u00eate et une base d\u00e9cor\u00e9e de motifs complexes bleus et orange, refl\u00e9tant la riche tradition culturelle de la r\u00e9gion. Le design inclut le mot \u00ab\u00a0BILBAO\u00a0\u00bb imprim\u00e9, ce qui en fait un souvenir id\u00e9al pour ceux qui souhaitent emporter un petit morceau de cette ville basque embl\u00e9matique chez eux.<\/p>\n","protected":false},"featured_media":13960,"template":"","meta":{"_acf_changed":false},"product_brand":[],"product_cat":[697],"product_tag":[530,585],"class_list":{"0":"post-35662","1":"product","2":"type-product","3":"status-publish","4":"has-post-thumbnail","6":"product_cat-aimants","7":"product_tag-animaux","8":"product_tag-ceramique","9":"pa_ciudad-bilbao","10":"pa_motivo-sardines","11":"pa_pais-espana","13":"first","14":"instock","15":"shipping-taxable","16":"product-type-simple"},"acf":[],"_links":{"self":[{"href":"https:\/\/olemosaic.orbitalia.org\/fr\/wp-json\/wp\/v2\/product\/35662","targetHints":{"allow":["GET"]}}],"collection":[{"href":"https:\/\/olemosaic.orbitalia.org\/fr\/wp-json\/wp\/v2\/product"}],"about":[{"href":"https:\/\/olemosaic.orbitalia.org\/fr\/wp-json\/wp\/v2\/types\/product"}],"wp:featuredmedia":[{"embeddable":true,"href":"https:\/\/olemosaic.orbitalia.org\/fr\/wp-json\/wp\/v2\/media\/13960"}],"wp:attachment":[{"href":"https:\/\/olemosaic.orbitalia.org\/fr\/wp-json\/wp\/v2\/media?parent=35662"}],"wp:term":[{"taxonomy":"product_brand","embeddable":true,"href":"https:\/\/olemosaic.orbitalia.org\/fr\/wp-json\/wp\/v2\/product_brand?post=35662"},{"taxonomy":"product_cat","embeddable":true,"href":"https:\/\/olemosaic.orbitalia.org\/fr\/wp-json\/wp\/v2\/product_cat?post=35662"},{"taxonomy":"product_tag","embeddable":true,"href":"https:\/\/olemosaic.orbitalia.org\/fr\/wp-json\/wp\/v2\/product_tag?post=35662"}],"curies":[{"name":"wp","href":"https:\/\/api.w.org\/{rel}","templated":true}]}}