{"id":35660,"date":"2025-02-20T22:37:38","date_gmt":"2025-02-20T22:37:38","guid":{"rendered":"https:\/\/olemosaic.orbitalia.org\/producto\/iman-de-ceramica-sardina-mallorca-verde\/"},"modified":"2025-07-25T20:35:45","modified_gmt":"2025-07-25T18:35:45","slug":"aimant-ceramique-sardine-majorque-vert","status":"publish","type":"product","link":"https:\/\/olemosaic.orbitalia.org\/fr\/produit\/aimant-ceramique-sardine-majorque-vert\/","title":{"rendered":"Aimant en c\u00e9ramique. Sardine. Majorque. Vert."},"content":{"rendered":"<p>Cet aimant en c\u00e9ramique en forme de sardine est une charmante repr\u00e9sentation de la culture m\u00e9diterran\u00e9enne de Majorque, con\u00e7u pour rappeler aux visiteurs des moments inoubliables sur cette \u00eele magnifique. Avec un design vibrant dans les tons vert et bleu, cet aimant se distingue par ses motifs d\u00e9coratifs complexes, inspir\u00e9s de la c\u00e9ramique traditionnelle de la r\u00e9gion, qui \u00e9voquent la fra\u00eecheur de la mer et la joie du paysage majorquin. Le mot \u00ab\u00a0MAJORQUE\u00a0\u00bb appara\u00eet dans des couleurs joyeuses, apportant une touche d&rsquo;authenticit\u00e9 \u00e0 cet article, parfait pour ceux qui souhaitent emporter un morceau de l&rsquo;\u00eele chez eux.<\/p>\n<p>Avec une taille id\u00e9ale pour orner n&rsquo;importe quel r\u00e9frig\u00e9rateur ou espace magn\u00e9tique, cet aimant de sardine n&rsquo;est pas seulement un souvenir attrayant, mais aussi une pi\u00e8ce culturelle qui repr\u00e9sente la riche tradition de p\u00eache de Majorque. Les habitants locaux ont cultiv\u00e9 pendant des g\u00e9n\u00e9rations un lien sp\u00e9cial avec la mer, et cet aimant capture cette essence, en faisant un cadeau id\u00e9al pour les touristes ou un souvenir significatif d&rsquo;une visite inoubliable. Chez Ol\u00e9 Mosaic, en tant que grossiste de souvenirs de Majorque, nous proposons des produits authentiques et de qualit\u00e9, garantissant que chaque pi\u00e8ce poss\u00e8de une valeur culturelle et esth\u00e9tique qui ravira vos clients.<\/p>\n","protected":false},"excerpt":{"rendered":"<p>Aimant en c\u00e9ramique en forme de sardine, inspir\u00e9 de la culture m\u00e9diterran\u00e9enne de Majorque. Cet aimant attrayant pr\u00e9sente un design vibrant dans les tons vert et bleu, orn\u00e9 de taches d\u00e9coratives \u00e9voquant la c\u00e9ramique traditionnelle de la r\u00e9gion. Le mot \u00ab\u00a0MAJORQUE\u00a0\u00bb est imprim\u00e9 dans des couleurs joyeuses, ce qui en fait un souvenir parfait de votre visite ou un cadeau souvenir. Id\u00e9al pour donner une touche distinctive \u00e0 n&rsquo;importe quel r\u00e9frig\u00e9rateur ou espace magn\u00e9tique.<\/p>\n","protected":false},"featured_media":12115,"template":"","meta":{"_acf_changed":false},"product_brand":[],"product_cat":[697],"product_tag":[530,585],"class_list":{"0":"post-35660","1":"product","2":"type-product","3":"status-publish","4":"has-post-thumbnail","6":"product_cat-aimants","7":"product_tag-animaux","8":"product_tag-ceramique","9":"pa_ciudad-mallorca","10":"pa_motivo-sardines","11":"pa_pais-espana","13":"first","14":"instock","15":"shipping-taxable","16":"product-type-simple"},"acf":[],"_links":{"self":[{"href":"https:\/\/olemosaic.orbitalia.org\/fr\/wp-json\/wp\/v2\/product\/35660","targetHints":{"allow":["GET"]}}],"collection":[{"href":"https:\/\/olemosaic.orbitalia.org\/fr\/wp-json\/wp\/v2\/product"}],"about":[{"href":"https:\/\/olemosaic.orbitalia.org\/fr\/wp-json\/wp\/v2\/types\/product"}],"wp:featuredmedia":[{"embeddable":true,"href":"https:\/\/olemosaic.orbitalia.org\/fr\/wp-json\/wp\/v2\/media\/12115"}],"wp:attachment":[{"href":"https:\/\/olemosaic.orbitalia.org\/fr\/wp-json\/wp\/v2\/media?parent=35660"}],"wp:term":[{"taxonomy":"product_brand","embeddable":true,"href":"https:\/\/olemosaic.orbitalia.org\/fr\/wp-json\/wp\/v2\/product_brand?post=35660"},{"taxonomy":"product_cat","embeddable":true,"href":"https:\/\/olemosaic.orbitalia.org\/fr\/wp-json\/wp\/v2\/product_cat?post=35660"},{"taxonomy":"product_tag","embeddable":true,"href":"https:\/\/olemosaic.orbitalia.org\/fr\/wp-json\/wp\/v2\/product_tag?post=35660"}],"curies":[{"name":"wp","href":"https:\/\/api.w.org\/{rel}","templated":true}]}}