{"id":35659,"date":"2025-02-20T23:37:38","date_gmt":"2025-02-20T22:37:38","guid":{"rendered":"https:\/\/olemosaic.orbitalia.org\/producto\/iman-de-ceramica-sardinas-naranja\/"},"modified":"2025-07-25T20:40:10","modified_gmt":"2025-07-25T18:40:10","slug":"aimant-ceramique-sardines-orange","status":"publish","type":"product","link":"https:\/\/olemosaic.orbitalia.org\/fr\/produit\/aimant-ceramique-sardines-orange\/","title":{"rendered":"Aimant en c\u00e9ramique. Sardines. Orange."},"content":{"rendered":"<p>Cet aimant en c\u00e9ramique en forme de sardine est un charmant souvenir qui capture l&rsquo;essence de la culture maritime portugaise. Avec un design vibrant dans les tons orange et bleu, cet aimant met en valeur la riche tradition c\u00e9ramique locale. La sardine, symbole embl\u00e9matique de la gastronomie portugaise, est m\u00e9ticuleusement peinte avec un effet fait main, ce qui apporte une touche d&rsquo;authenticit\u00e9 et de singularit\u00e9 \u00e0 chaque pi\u00e8ce. Les motifs d\u00e9coratifs complexes qui ornent sa surface \u00e9voquent l&rsquo;esth\u00e9tique de la c\u00e9ramique traditionnelle de la r\u00e9gion, fusionnant art et culture dans un objet fonctionnel et d\u00e9coratif. Parfait pour orner le r\u00e9frig\u00e9rateur ou n&rsquo;importe quel espace, cet aimant n&rsquo;\u00e9voque pas seulement les moments sp\u00e9ciaux v\u00e9cus au Portugal, mais constitue \u00e9galement une excellente option de cadeau pour ceux qui recherchent un souvenir original et authentique. Chez Ol\u00e9 Mosaic, nous nous sp\u00e9cialisons dans la distribution de souvenirs en gros, et cet aimant en c\u00e9ramique de sardine est un choix id\u00e9al pour les boutiques de cadeaux touristiques souhaitant offrir \u00e0 leurs clients une pi\u00e8ce repr\u00e9sentative du riche patrimoine culturel portugais. Avec son design attrayant et sa pertinence culturelle, cet aimant est un souvenir qui \u00e9voque la chaleur et la fra\u00eecheur de l&rsquo;oc\u00e9an Atlantique.<\/p>\n","protected":false},"excerpt":{"rendered":"<p>Aimant en c\u00e9ramique en forme de sardine, inspir\u00e9 de la culture maritime portugaise. Cet aimant attrayant pr\u00e9sente un design vibrant dans les tons orange et bleu, orn\u00e9 de motifs d\u00e9coratifs \u00e9voquant la c\u00e9ramique traditionnelle. La sardine, figure embl\u00e9matique de la gastronomie locale, semble \u00eatre peinte \u00e0 la main, ce qui lui donne une touche unique et artisanale. Parfait pour se rem\u00e9morer des moments sp\u00e9ciaux ou comme cadeau original.<\/p>\n","protected":false},"featured_media":8944,"template":"","meta":{"_acf_changed":false},"product_brand":[],"product_cat":[697],"product_tag":[530,585],"class_list":{"0":"post-35659","1":"product","2":"type-product","3":"status-publish","4":"has-post-thumbnail","6":"product_cat-aimants","7":"product_tag-animaux","8":"product_tag-ceramique","9":"pa_motivo-sardines","11":"first","12":"instock","13":"shipping-taxable","14":"product-type-simple"},"acf":[],"_links":{"self":[{"href":"https:\/\/olemosaic.orbitalia.org\/fr\/wp-json\/wp\/v2\/product\/35659","targetHints":{"allow":["GET"]}}],"collection":[{"href":"https:\/\/olemosaic.orbitalia.org\/fr\/wp-json\/wp\/v2\/product"}],"about":[{"href":"https:\/\/olemosaic.orbitalia.org\/fr\/wp-json\/wp\/v2\/types\/product"}],"wp:featuredmedia":[{"embeddable":true,"href":"https:\/\/olemosaic.orbitalia.org\/fr\/wp-json\/wp\/v2\/media\/8944"}],"wp:attachment":[{"href":"https:\/\/olemosaic.orbitalia.org\/fr\/wp-json\/wp\/v2\/media?parent=35659"}],"wp:term":[{"taxonomy":"product_brand","embeddable":true,"href":"https:\/\/olemosaic.orbitalia.org\/fr\/wp-json\/wp\/v2\/product_brand?post=35659"},{"taxonomy":"product_cat","embeddable":true,"href":"https:\/\/olemosaic.orbitalia.org\/fr\/wp-json\/wp\/v2\/product_cat?post=35659"},{"taxonomy":"product_tag","embeddable":true,"href":"https:\/\/olemosaic.orbitalia.org\/fr\/wp-json\/wp\/v2\/product_tag?post=35659"}],"curies":[{"name":"wp","href":"https:\/\/api.w.org\/{rel}","templated":true}]}}