{"id":35657,"date":"2025-02-20T22:37:38","date_gmt":"2025-02-20T22:37:38","guid":{"rendered":"https:\/\/olemosaic.orbitalia.org\/producto\/iman-de-ceramica-sardinas-mallorca-multicolor\/"},"modified":"2025-07-25T19:02:41","modified_gmt":"2025-07-25T17:02:41","slug":"aimant-en-ceramique-sardines-majorque-multicolore","status":"publish","type":"product","link":"https:\/\/olemosaic.orbitalia.org\/fr\/produit\/aimant-en-ceramique-sardines-majorque-multicolore\/","title":{"rendered":"Aimant en c\u00e9ramique. Sardines. Majorque. Multicolore."},"content":{"rendered":"<p>Cet aimant en c\u00e9ramique en forme de sardine est un souvenir vibrant et embl\u00e9matique de Majorque, capturant l&rsquo;essence du folklore marin de l&rsquo;\u00eele. Avec un design multicolore, cet aimant attrayant pr\u00e9sente des \u00e9cailles dans des tons jaunes, rouges, bleus et verts, \u00e9voquant la richesse de la biodiversit\u00e9 marine et l&rsquo;ambiance joyeuse des c\u00f4tes majorquines. Au centre, le texte \u00ab\u00a0MALLORCA\u00a0\u00bb se d\u00e9tache en lettres frappantes, renfor\u00e7ant son lien avec la culture locale et en faisant un souvenir id\u00e9al pour ceux qui ont visit\u00e9 ce v\u00e9ritable paradis m\u00e9diterran\u00e9en. Sa finition brillante et d\u00e9corative le rend non seulement visuellement percutant, mais apporte \u00e9galement une touche de fra\u00eecheur et de couleur \u00e0 toute surface m\u00e9tallique, que ce soit \u00e0 la maison ou au bureau. Cet aimant sardine n&rsquo;est pas seulement un ornement, mais un symbole de la riche gastronomie de l&rsquo;\u00eele, o\u00f9 les sardines fra\u00eeches sont un plat typique \u00e9voquant des moments de f\u00eate et de proximit\u00e9 familiale. Chez Ol\u00e9 Mosaic, nous sommes sp\u00e9cialistes de la distribution de souvenirs en gros, et cet aimant est une excellente option pour les boutiques de cadeaux touristiques qui cherchent \u00e0 offrir des produits authentiques et repr\u00e9sentatifs de Majorque. Un souvenir en c\u00e9ramique qui, en plus d&rsquo;\u00eatre d\u00e9coratif, emporte avec lui un petit morceau du caract\u00e8re et de la tradition des \u00eeles Bal\u00e9ares.<\/p>\n","protected":false},"excerpt":{"rendered":"<p>Aimant en c\u00e9ramique en forme de sardine, typique de Majorque. Cet aimant multicolore attrayant pr\u00e9sente un design vibrant avec des \u00e9cailles dans des tons jaunes, rouges, bleus et verts, et le mot \u00ab\u00a0MALLORCA\u00a0\u00bb mis en \u00e9vidence. Sa finition brillante et d\u00e9corative en fait un souvenir id\u00e9al qui capture l&rsquo;essence du folklore majorquin, \u00e9voquant la beaut\u00e9 de la mer et la riche gastronomie de l&rsquo;\u00eele. Parfait pour ajouter une touche de couleur \u00e0 n&rsquo;importe quelle surface m\u00e9tallique.<\/p>\n","protected":false},"featured_media":12111,"template":"","meta":{"_acf_changed":false},"product_brand":[],"product_cat":[697],"product_tag":[530,585],"class_list":{"0":"post-35657","1":"product","2":"type-product","3":"status-publish","4":"has-post-thumbnail","6":"product_cat-aimants","7":"product_tag-animaux","8":"product_tag-ceramique","9":"pa_ciudad-mallorca","10":"pa_motivo-sardines","11":"pa_pais-espana","13":"first","14":"instock","15":"shipping-taxable","16":"product-type-simple"},"acf":[],"_links":{"self":[{"href":"https:\/\/olemosaic.orbitalia.org\/fr\/wp-json\/wp\/v2\/product\/35657","targetHints":{"allow":["GET"]}}],"collection":[{"href":"https:\/\/olemosaic.orbitalia.org\/fr\/wp-json\/wp\/v2\/product"}],"about":[{"href":"https:\/\/olemosaic.orbitalia.org\/fr\/wp-json\/wp\/v2\/types\/product"}],"wp:featuredmedia":[{"embeddable":true,"href":"https:\/\/olemosaic.orbitalia.org\/fr\/wp-json\/wp\/v2\/media\/12111"}],"wp:attachment":[{"href":"https:\/\/olemosaic.orbitalia.org\/fr\/wp-json\/wp\/v2\/media?parent=35657"}],"wp:term":[{"taxonomy":"product_brand","embeddable":true,"href":"https:\/\/olemosaic.orbitalia.org\/fr\/wp-json\/wp\/v2\/product_brand?post=35657"},{"taxonomy":"product_cat","embeddable":true,"href":"https:\/\/olemosaic.orbitalia.org\/fr\/wp-json\/wp\/v2\/product_cat?post=35657"},{"taxonomy":"product_tag","embeddable":true,"href":"https:\/\/olemosaic.orbitalia.org\/fr\/wp-json\/wp\/v2\/product_tag?post=35657"}],"curies":[{"name":"wp","href":"https:\/\/api.w.org\/{rel}","templated":true}]}}