{"id":35654,"date":"2025-02-20T23:37:37","date_gmt":"2025-02-20T22:37:37","guid":{"rendered":"https:\/\/olemosaic.orbitalia.org\/producto\/toro-figura-de-resina-de-17-cm-pintada-a-mano-2\/"},"modified":"2025-07-25T20:06:30","modified_gmt":"2025-07-25T18:06:30","slug":"taureau-figurine-en-resine-de-17-cm-peinte-a-la-main-2","status":"publish","type":"product","link":"https:\/\/olemosaic.orbitalia.org\/fr\/produit\/taureau-figurine-en-resine-de-17-cm-peinte-a-la-main-2\/","title":{"rendered":"Taureau. Figurine en mosa\u00efque de 17 cm. Taureau. Design en mosa\u00efque."},"content":{"rendered":"<p>Cette figurine de taureau en r\u00e9sine \u00e0 effet peint \u00e0 la main est un v\u00e9ritable repr\u00e9sentant du folklore espagnol, capturant l&rsquo;essence de l&rsquo;une des traditions les plus embl\u00e9matiques du pays. Avec une hauteur de 17 cm, cette pi\u00e8ce color\u00e9e se distingue par sa d\u00e9coration vibrante, qui imite une mosa\u00efque de couleurs vives, incluant des tons rouges, bleus, verts et jaunes, cr\u00e9ant un style unique et accrocheur qui attirera s\u00fbrement l&rsquo;attention de tout visiteur. Le taureau, symbole de force et de courage dans la culture espagnole, est pr\u00e9sent\u00e9 dans une pose dynamique, transmettant mouvement et \u00e9nergie.<\/p>\n<p>Sa technique \u00e9labor\u00e9e de peinture \u00e0 la main souligne chaque d\u00e9tail, transformant ce souvenir en une \u0153uvre d&rsquo;art qui c\u00e9l\u00e8bre le riche h\u00e9ritage culturel de l&rsquo;Espagne. C&rsquo;est un souvenir id\u00e9al pour ceux qui cherchent \u00e0 emporter un morceau de l&rsquo;esprit espagnol ; ce n&rsquo;est pas seulement un ornement d\u00e9coratif, mais un symbole de la tradition et de la joie qui caract\u00e9risent le pays. Chez Ol\u00e9 Mosaic, nous sommes des distributeurs de souvenirs authentiques et de qualit\u00e9, garantissant que cette figurine de taureau sera un excellent compl\u00e9ment pour les boutiques de cadeaux touristiques. Ce souvenir reconnu de la culture espagnole est parfait pour ceux qui souhaitent ajouter une touche de couleur et de tradition \u00e0 leur foyer.<\/p>\n","protected":false},"excerpt":{"rendered":"<p>Figurine de taureau au design artisanal, peinte \u00e0 la main, avec une d\u00e9coration color\u00e9e et vibrante qui capture l&rsquo;essence du folklore espagnol. D&rsquo;une hauteur de 17 cm, ce taureau est \u00e9labor\u00e9 avec une technique simulant une mosa\u00efque de couleurs vives, telles que le rouge, le bleu, le vert et le jaune, ce qui lui donne un style unique et frappant. Id\u00e9al comme souvenir repr\u00e9sentatif de la culture espagnole, cette pi\u00e8ce est parfaite pour ajouter une touche de joie et de tradition \u00e0 n&rsquo;importe quel espace.<\/p>\n","protected":false},"featured_media":8701,"template":"","meta":{"_acf_changed":false},"product_brand":[],"product_cat":[540],"product_tag":[530],"class_list":{"0":"post-35654","1":"product","2":"type-product","3":"status-publish","4":"has-post-thumbnail","6":"product_cat-chiffres","7":"product_tag-animaux","8":"pa_motivo-taureaux","10":"first","11":"instock","12":"shipping-taxable","13":"product-type-simple"},"acf":[],"_links":{"self":[{"href":"https:\/\/olemosaic.orbitalia.org\/fr\/wp-json\/wp\/v2\/product\/35654","targetHints":{"allow":["GET"]}}],"collection":[{"href":"https:\/\/olemosaic.orbitalia.org\/fr\/wp-json\/wp\/v2\/product"}],"about":[{"href":"https:\/\/olemosaic.orbitalia.org\/fr\/wp-json\/wp\/v2\/types\/product"}],"wp:featuredmedia":[{"embeddable":true,"href":"https:\/\/olemosaic.orbitalia.org\/fr\/wp-json\/wp\/v2\/media\/8701"}],"wp:attachment":[{"href":"https:\/\/olemosaic.orbitalia.org\/fr\/wp-json\/wp\/v2\/media?parent=35654"}],"wp:term":[{"taxonomy":"product_brand","embeddable":true,"href":"https:\/\/olemosaic.orbitalia.org\/fr\/wp-json\/wp\/v2\/product_brand?post=35654"},{"taxonomy":"product_cat","embeddable":true,"href":"https:\/\/olemosaic.orbitalia.org\/fr\/wp-json\/wp\/v2\/product_cat?post=35654"},{"taxonomy":"product_tag","embeddable":true,"href":"https:\/\/olemosaic.orbitalia.org\/fr\/wp-json\/wp\/v2\/product_tag?post=35654"}],"curies":[{"name":"wp","href":"https:\/\/api.w.org\/{rel}","templated":true}]}}