{"id":35643,"date":"2025-02-20T23:37:37","date_gmt":"2025-02-20T22:37:37","guid":{"rendered":"https:\/\/olemosaic.orbitalia.org\/producto\/toro-figura-de-resina-de-24-cm-pintada-a-mano-4\/"},"modified":"2025-07-25T18:50:05","modified_gmt":"2025-07-25T16:50:05","slug":"taureau-figurine-en-resine-de-24-cm-peinte-a-la-main-4","status":"publish","type":"product","link":"https:\/\/olemosaic.orbitalia.org\/fr\/produit\/taureau-figurine-en-resine-de-24-cm-peinte-a-la-main-4\/","title":{"rendered":"Taureau. Figurine en mosa\u00efque de 24 cm. Taureau. Design en mosa\u00efque."},"content":{"rendered":"<p>Figurine de taureau en r\u00e9sine<\/p>\n<p>D\u00e9couvrez cette spectaculaire figurine de taureau, un charmant souvenir qui encapsule l&rsquo;essence de la culture espagnole. Avec une hauteur de 24 cm, cette figurine en r\u00e9sine \u00e0 l&rsquo;effet peint \u00e0 la main pr\u00e9sente une combinaison vibrante de bleus, jaunes, rouges et verts, con\u00e7ue avec un magnifique motif de mosa\u00efque qui \u00e9voque la richesse de l&rsquo;art et de la tradition de l&rsquo;Espagne. Chaque d\u00e9tail a \u00e9t\u00e9 m\u00e9ticuleusement \u00e9labor\u00e9, garantissant que non seulement la force et la majest\u00e9 du taureau, symbole embl\u00e9matique de la tauromachie, soient repr\u00e9sent\u00e9es, mais aussi son \u00e9l\u00e9gance distinctive. La technique de peinture soign\u00e9e et le design dynamique donnent vie \u00e0 l&rsquo;objet, en faisant une pi\u00e8ce id\u00e9ale pour les collectionneurs et les amateurs de folklore espagnol. Ce taureau n&rsquo;est pas seulement un \u00e9l\u00e9ment d\u00e9coratif, mais aussi un rappel palpable de la passion et du territoire qu&rsquo;il repr\u00e9sente. Chez Ol\u00e9 Mosaic, en tant que grossistes de souvenirs, nous proposons des produits authentiques et de qualit\u00e9, parfaits pour les boutiques de cadeaux touristiques. Cette figurine de taureau est une excellente option pour les touristes qui recherchent un souvenir significatif et culturel de leur visite en Espagne, garantissant que chaque acheteur emporte avec lui une partie du riche patrimoine espagnol.<\/p>\n","protected":false},"excerpt":{"rendered":"<p>Figurine de taureau au design artisanal, peinte \u00e0 la main, avec une hauteur de 24 cm, id\u00e9ale pour les collectionneurs et les amateurs de folklore espagnol. Ce taureau color\u00e9 pr\u00e9sente un design de mosa\u00efque dans une combinaison vibrante de bleus, jaunes, rouges et verts, qui \u00e9voque la culture espagnole. Chaque d\u00e9tail a \u00e9t\u00e9 m\u00e9ticuleusement \u00e9labor\u00e9 pour refl\u00e9ter la force et l&rsquo;\u00e9l\u00e9gance du symbole embl\u00e9matique de la tauromachie, en faisant un \u00e9l\u00e9ment d\u00e9coratif attrayant.<\/p>\n","protected":false},"featured_media":6142,"template":"","meta":{"_acf_changed":false},"product_brand":[],"product_cat":[540],"product_tag":[530],"class_list":{"0":"post-35643","1":"product","2":"type-product","3":"status-publish","4":"has-post-thumbnail","6":"product_cat-chiffres","7":"product_tag-animaux","8":"pa_motivo-taureaux","10":"first","11":"instock","12":"shipping-taxable","13":"product-type-simple"},"acf":[],"_links":{"self":[{"href":"https:\/\/olemosaic.orbitalia.org\/fr\/wp-json\/wp\/v2\/product\/35643","targetHints":{"allow":["GET"]}}],"collection":[{"href":"https:\/\/olemosaic.orbitalia.org\/fr\/wp-json\/wp\/v2\/product"}],"about":[{"href":"https:\/\/olemosaic.orbitalia.org\/fr\/wp-json\/wp\/v2\/types\/product"}],"wp:featuredmedia":[{"embeddable":true,"href":"https:\/\/olemosaic.orbitalia.org\/fr\/wp-json\/wp\/v2\/media\/6142"}],"wp:attachment":[{"href":"https:\/\/olemosaic.orbitalia.org\/fr\/wp-json\/wp\/v2\/media?parent=35643"}],"wp:term":[{"taxonomy":"product_brand","embeddable":true,"href":"https:\/\/olemosaic.orbitalia.org\/fr\/wp-json\/wp\/v2\/product_brand?post=35643"},{"taxonomy":"product_cat","embeddable":true,"href":"https:\/\/olemosaic.orbitalia.org\/fr\/wp-json\/wp\/v2\/product_cat?post=35643"},{"taxonomy":"product_tag","embeddable":true,"href":"https:\/\/olemosaic.orbitalia.org\/fr\/wp-json\/wp\/v2\/product_tag?post=35643"}],"curies":[{"name":"wp","href":"https:\/\/api.w.org\/{rel}","templated":true}]}}