{"id":35641,"date":"2025-02-20T23:37:37","date_gmt":"2025-02-20T22:37:37","guid":{"rendered":"https:\/\/olemosaic.orbitalia.org\/producto\/toro-figura-de-resina-de-15-cm-pintada-a-mano-3\/"},"modified":"2025-07-25T20:05:24","modified_gmt":"2025-07-25T18:05:24","slug":"taureau-figurine-en-resine-de-15-cm-peinte-a-la-main-3","status":"publish","type":"product","link":"https:\/\/olemosaic.orbitalia.org\/fr\/produit\/taureau-figurine-en-resine-de-15-cm-peinte-a-la-main-3\/","title":{"rendered":"Taureau. Figurine en mosa\u00efque de 15 cm. Taureau. Design en mosa\u00efque."},"content":{"rendered":"<p>Cette figurine de taureau en r\u00e9sine de 15 cm est une repr\u00e9sentation iconique de la riche culture espagnole, avec un effet peint \u00e0 la main et une mosa\u00efque vibrante de couleurs qui capture l&rsquo;essence de l&rsquo;art folklorique. Avec un design m\u00e9ticuleux, le taureau affiche une combinaison de tons bleus, jaunes, rouges et verts, chacun appliqu\u00e9 avec grand d\u00e9tail, ce qui rehausse sa majest\u00e9. Cette harmonie chromatique transforme la figurine en un \u00e9l\u00e9ment d\u00e9coratif spectaculaire qui \u00e9voque la passion et le symbolisme du torero, profond\u00e9ment ancr\u00e9 dans la tradition espagnole.<\/p>\n<p>Le taureau est, sans aucun doute, un embl\u00e8me de l&rsquo;identit\u00e9 culturelle de l&rsquo;Espagne, associ\u00e9 \u00e0 des spectacles comme la corrida et \u00e0 des c\u00e9l\u00e9brations populaires qui refl\u00e8tent l&rsquo;audace et la fiert\u00e9 nationale. Ce souvenir, id\u00e9al pour tout amateur de culture hispanique, non seulement rehausse l&rsquo;ambiance de n&rsquo;importe quel espace, mais sert \u00e9galement de rappel tangible des traditions vibrantes qui rendent l&rsquo;Espagne unique.<\/p>\n<p>Chez Ol\u00e9 Mosaic, nous sommes des distributeurs de souvenirs authentiques, et cette figurine de taureau est une excellente option pour les boutiques de cadeaux touristiques. Nous proposons des produits de haute qualit\u00e9 qui repr\u00e9sentent l&rsquo;essence culturelle de diverses r\u00e9gions, garantissant que chaque pi\u00e8ce soit un souvenir sp\u00e9cial pour ceux qui recherchent l&rsquo;authenticit\u00e9 dans leurs achats.<\/p>\n","protected":false},"excerpt":{"rendered":"<p>Figurine de taureau de 15 cm, design artisanal, peinte \u00e0 la main, avec une mosa\u00efque vibrante de couleurs. Ce symbole iconique de la culture espagnole pr\u00e9sente une vari\u00e9t\u00e9 de tons, tels que le bleu, le jaune, le rouge et le vert, qui capturent l&rsquo;essence de l&rsquo;art folklorique. L&rsquo;attention port\u00e9e aux d\u00e9tails dans son design souligne la majest\u00e9 du taureau, en faisant un souvenir exclusif qui \u00e9voque la tradition et l&rsquo;esprit de l&rsquo;Espagne. Id\u00e9al pour d\u00e9corer n&rsquo;importe quel espace.<\/p>\n","protected":false},"featured_media":6143,"template":"","meta":{"_acf_changed":false},"product_brand":[],"product_cat":[540],"product_tag":[530],"class_list":{"0":"post-35641","1":"product","2":"type-product","3":"status-publish","4":"has-post-thumbnail","6":"product_cat-chiffres","7":"product_tag-animaux","8":"pa_motivo-taureaux","10":"first","11":"instock","12":"shipping-taxable","13":"product-type-simple"},"acf":[],"_links":{"self":[{"href":"https:\/\/olemosaic.orbitalia.org\/fr\/wp-json\/wp\/v2\/product\/35641","targetHints":{"allow":["GET"]}}],"collection":[{"href":"https:\/\/olemosaic.orbitalia.org\/fr\/wp-json\/wp\/v2\/product"}],"about":[{"href":"https:\/\/olemosaic.orbitalia.org\/fr\/wp-json\/wp\/v2\/types\/product"}],"wp:featuredmedia":[{"embeddable":true,"href":"https:\/\/olemosaic.orbitalia.org\/fr\/wp-json\/wp\/v2\/media\/6143"}],"wp:attachment":[{"href":"https:\/\/olemosaic.orbitalia.org\/fr\/wp-json\/wp\/v2\/media?parent=35641"}],"wp:term":[{"taxonomy":"product_brand","embeddable":true,"href":"https:\/\/olemosaic.orbitalia.org\/fr\/wp-json\/wp\/v2\/product_brand?post=35641"},{"taxonomy":"product_cat","embeddable":true,"href":"https:\/\/olemosaic.orbitalia.org\/fr\/wp-json\/wp\/v2\/product_cat?post=35641"},{"taxonomy":"product_tag","embeddable":true,"href":"https:\/\/olemosaic.orbitalia.org\/fr\/wp-json\/wp\/v2\/product_tag?post=35641"}],"curies":[{"name":"wp","href":"https:\/\/api.w.org\/{rel}","templated":true}]}}