{"id":35639,"date":"2025-02-20T23:37:36","date_gmt":"2025-02-20T22:37:36","guid":{"rendered":"https:\/\/olemosaic.orbitalia.org\/producto\/toro-figura-de-resina-de-14-cm-pintada-a-mano-2\/"},"modified":"2025-07-25T19:58:54","modified_gmt":"2025-07-25T17:58:54","slug":"taureau-figurine-en-resine-de-14-cm-peinte-a-la-main-2","status":"publish","type":"product","link":"https:\/\/olemosaic.orbitalia.org\/fr\/produit\/taureau-figurine-en-resine-de-14-cm-peinte-a-la-main-2\/","title":{"rendered":"Taureau. Figurine en mosa\u00efque de 14 cm. Taureau. Design en mosa\u00efque."},"content":{"rendered":"<p>Ce vibrant taureau en r\u00e9sine de 14 cm est une repr\u00e9sentation exquise de la riche tradition culturelle espagnole, id\u00e9al comme souvenir pour ceux qui souhaitent emporter un fragment authentique d&rsquo;Espagne. Peinte \u00e0 la main, chaque figurine pr\u00e9sente une mosa\u00efque color\u00e9e combinant des tons bleus, jaunes, rouges et verts, capturant l&rsquo;essence du folklore espagnol. L&rsquo;attention port\u00e9e aux d\u00e9tails dans sa forme robuste et son expression dynamique souligne la beaut\u00e9 de l&rsquo;art taurin, un symbole profond\u00e9ment ancr\u00e9 dans la culture de diverses r\u00e9gions d&rsquo;Espagne.<\/p>\n<p>La technique artisanale employ\u00e9e garantit que chaque taureau est une pi\u00e8ce unique, reflet du d\u00e9vouement et du talent des artisans espagnols. Son design vibrant n&rsquo;en fait pas seulement une \u0153uvre d&rsquo;art d\u00e9corative, mais le positionne \u00e9galement comme un souvenir significatif pour les touristes en qu\u00eate d&rsquo;authenticit\u00e9 et de connexion culturelle. Ce souvenir est parfait pour ceux qui s&rsquo;int\u00e9ressent \u00e0 la culture taurine, restant comme un rappel embl\u00e9matique de leur visite en Espagne.<\/p>\n<p>Chez Ol\u00e9 Mosaic, nous sommes fiers d&rsquo;\u00eatre des distributeurs de souvenirs authentiques et de qualit\u00e9. Ce taureau en r\u00e9sine est une excellente option pour les boutiques de cadeaux touristiques souhaitant proposer des produits c\u00e9l\u00e9brant le riche h\u00e9ritage culturel espagnol. En choisissant notre grossiste de souvenirs, les commerces garantissent \u00e0 leurs clients un morceau authentique de tradition et d&rsquo;art.<\/p>\n","protected":false},"excerpt":{"rendered":"<p>Figurine de taureau de 14 cm au design artisanal, peinte \u00e0 la main, inspir\u00e9e de la riche tradition culturelle espagnole. Ce taureau color\u00e9, d\u00e9cor\u00e9 d&rsquo;une mosa\u00efque vibrante de tons bleus, jaunes, rouges et verts, capture l&rsquo;essence du folklore espagnol. Chaque pi\u00e8ce est unique gr\u00e2ce \u00e0 sa fabrication artisanale, qui met en valeur les d\u00e9tails de sa forme robuste et de son expression dynamique. Un souvenir parfait pour les amateurs de culture taurine et d&rsquo;artisanat espagnol.<\/p>\n","protected":false},"featured_media":11095,"template":"","meta":{"_acf_changed":false},"product_brand":[],"product_cat":[540],"product_tag":[530],"class_list":{"0":"post-35639","1":"product","2":"type-product","3":"status-publish","4":"has-post-thumbnail","6":"product_cat-chiffres","7":"product_tag-animaux","8":"pa_motivo-taureaux","10":"first","11":"instock","12":"shipping-taxable","13":"product-type-simple"},"acf":[],"_links":{"self":[{"href":"https:\/\/olemosaic.orbitalia.org\/fr\/wp-json\/wp\/v2\/product\/35639","targetHints":{"allow":["GET"]}}],"collection":[{"href":"https:\/\/olemosaic.orbitalia.org\/fr\/wp-json\/wp\/v2\/product"}],"about":[{"href":"https:\/\/olemosaic.orbitalia.org\/fr\/wp-json\/wp\/v2\/types\/product"}],"wp:featuredmedia":[{"embeddable":true,"href":"https:\/\/olemosaic.orbitalia.org\/fr\/wp-json\/wp\/v2\/media\/11095"}],"wp:attachment":[{"href":"https:\/\/olemosaic.orbitalia.org\/fr\/wp-json\/wp\/v2\/media?parent=35639"}],"wp:term":[{"taxonomy":"product_brand","embeddable":true,"href":"https:\/\/olemosaic.orbitalia.org\/fr\/wp-json\/wp\/v2\/product_brand?post=35639"},{"taxonomy":"product_cat","embeddable":true,"href":"https:\/\/olemosaic.orbitalia.org\/fr\/wp-json\/wp\/v2\/product_cat?post=35639"},{"taxonomy":"product_tag","embeddable":true,"href":"https:\/\/olemosaic.orbitalia.org\/fr\/wp-json\/wp\/v2\/product_tag?post=35639"}],"curies":[{"name":"wp","href":"https:\/\/api.w.org\/{rel}","templated":true}]}}