{"id":35632,"date":"2025-02-20T23:37:36","date_gmt":"2025-02-20T22:37:36","guid":{"rendered":"https:\/\/olemosaic.orbitalia.org\/producto\/toro-figura-de-resina-de-11-cm-pintada-a-mano\/"},"modified":"2025-07-25T19:06:10","modified_gmt":"2025-07-25T17:06:10","slug":"taureau-figurine-resine-11-cm-peinte-a-la-main","status":"publish","type":"product","link":"https:\/\/olemosaic.orbitalia.org\/fr\/produit\/taureau-figurine-resine-11-cm-peinte-a-la-main\/","title":{"rendered":"Taureau. Figurine mosa\u00efque de 11 cm. Taureau. Design en mosa\u00efque."},"content":{"rendered":"<p>Ce taureau original en r\u00e9sine de 11 cm est un magnifique exemple de la riche tradition culturelle espagnole, id\u00e9al pour ceux qui recherchent un souvenir repr\u00e9sentatif et authentique. Peinte \u00e0 la main avec un design de mosa\u00efque vibrant, cette figurine se distingue par son coloris et son style artistique, int\u00e9grant une palette vari\u00e9e de tons incluant des bleus, des rouges, des jaunes et des verts, ce qui cr\u00e9e un attrait visuel unique. Le taureau, symbole de la force et du folklore espagnol, est pr\u00e9sent\u00e9 de mani\u00e8re stylis\u00e9e, avec des formes fluides qui capturent l&rsquo;essence de l&rsquo;animal et son importance dans la culture ib\u00e9rique, particuli\u00e8rement dans les festivit\u00e9s li\u00e9es \u00e0 la tauromachie.<\/p>\n<p>Chaque d\u00e9tail de cette figurine refl\u00e8te le d\u00e9vouement et la ma\u00eetrise des artisans qui l&rsquo;ont produite, soulignant l&rsquo;authenticit\u00e9 et le caract\u00e8re distinctif des souvenirs d&rsquo;Espagne. Cet objet n&rsquo;est pas seulement un merveilleux souvenir d&rsquo;un voyage, mais repr\u00e9sente \u00e9galement un morceau de l&rsquo;histoire et de l&rsquo;art du pays. Chez Ol\u00e9 Mosaic, en tant que distributeurs de souvenirs en gros, nous proposons cette charmante figurine de taureau comme une option exceptionnelle pour les boutiques de cadeaux touristiques, apportant une touche culturelle et authentique \u00e0 leur collection de produits. Sans aucun doute, le taureau en mosa\u00efque est un excellent ajout qui s\u00e9duira les visiteurs souhaitant ramener chez eux un fragment de la tradition espagnole.<\/p>\n","protected":false},"excerpt":{"rendered":"<p>Figurine de taureau de 11 cm, design artisanal, peinte \u00e0 la main, avec un design de mosa\u00efque vibrant. Cette pi\u00e8ce repr\u00e9sentative du folklore espagnol se distingue par son coloris et son style artistique, incorporant une vari\u00e9t\u00e9 de tons bleus, rouges, jaunes et verts qui cr\u00e9ent un attrait visuel. La figurine repr\u00e9sente la robustesse et le symbolisme du taureau dans la culture espagnole, en faisant un souvenir id\u00e9al qui capture l&rsquo;essence de la tradition et de l&rsquo;art.<\/p>\n","protected":false},"featured_media":6144,"template":"","meta":{"_acf_changed":false},"product_brand":[],"product_cat":[540],"product_tag":[530],"class_list":{"0":"post-35632","1":"product","2":"type-product","3":"status-publish","4":"has-post-thumbnail","6":"product_cat-chiffres","7":"product_tag-animaux","8":"pa_motivo-taureaux","10":"first","11":"instock","12":"shipping-taxable","13":"product-type-simple"},"acf":[],"_links":{"self":[{"href":"https:\/\/olemosaic.orbitalia.org\/fr\/wp-json\/wp\/v2\/product\/35632","targetHints":{"allow":["GET"]}}],"collection":[{"href":"https:\/\/olemosaic.orbitalia.org\/fr\/wp-json\/wp\/v2\/product"}],"about":[{"href":"https:\/\/olemosaic.orbitalia.org\/fr\/wp-json\/wp\/v2\/types\/product"}],"wp:featuredmedia":[{"embeddable":true,"href":"https:\/\/olemosaic.orbitalia.org\/fr\/wp-json\/wp\/v2\/media\/6144"}],"wp:attachment":[{"href":"https:\/\/olemosaic.orbitalia.org\/fr\/wp-json\/wp\/v2\/media?parent=35632"}],"wp:term":[{"taxonomy":"product_brand","embeddable":true,"href":"https:\/\/olemosaic.orbitalia.org\/fr\/wp-json\/wp\/v2\/product_brand?post=35632"},{"taxonomy":"product_cat","embeddable":true,"href":"https:\/\/olemosaic.orbitalia.org\/fr\/wp-json\/wp\/v2\/product_cat?post=35632"},{"taxonomy":"product_tag","embeddable":true,"href":"https:\/\/olemosaic.orbitalia.org\/fr\/wp-json\/wp\/v2\/product_tag?post=35632"}],"curies":[{"name":"wp","href":"https:\/\/api.w.org\/{rel}","templated":true}]}}