{"id":35630,"date":"2025-02-20T23:37:36","date_gmt":"2025-02-20T22:37:36","guid":{"rendered":"https:\/\/olemosaic.orbitalia.org\/producto\/toro-figura-de-resina-de-24-cm-pintada-a-mano-2\/"},"modified":"2025-07-25T20:18:09","modified_gmt":"2025-07-25T18:18:09","slug":"taureau-figurine-resine-24-cm-peinte-a-la-main-2","status":"publish","type":"product","link":"https:\/\/olemosaic.orbitalia.org\/fr\/produit\/taureau-figurine-resine-24-cm-peinte-a-la-main-2\/","title":{"rendered":"Taureau. Figurine mosa\u00efque de 24 cm. Taureau."},"content":{"rendered":"<p>Ce souvenir attrayant en r\u00e9sine est une magnifique figurine du c\u00e9l\u00e8bre taureau espagnol, une repr\u00e9sentation iconique de la culture hispanique qui capture l&rsquo;essence du folklore espagnol. Avec ses 24 cm de hauteur, cette figurine \u00e0 l&rsquo;effet peint \u00e0 la main se distingue par sa mosa\u00efque vibrante de couleurs, incluant le bleu, le jaune, le rouge et le noir, qui non seulement embellit sa silhouette, mais symbolise \u00e9galement la force et le caract\u00e8re de cet animal embl\u00e9matique. Avec un design soigneusement \u00e9labor\u00e9, chaque d\u00e9tail de la figurine est pens\u00e9 pour souligner son expressivit\u00e9, des cornes pro\u00e9minentes aux pattes puissantes, faisant de cette pi\u00e8ce un \u00e9l\u00e9ment d&rsquo;admiration.<\/p>\n<p>Le taureau, en tant que symbole de la tradition espagnole, est un rappel du riche h\u00e9ritage culturel associ\u00e9 \u00e0 la tauromachie et \u00e0 la vie rurale en Espagne, transformant ce souvenir en une c\u00e9l\u00e9bration de l&rsquo;identit\u00e9 nationale. C&rsquo;est le cadeau parfait pour les touristes \u00e0 la recherche d&rsquo;un souvenir authentique et repr\u00e9sentatif de leur exp\u00e9rience dans le pays. Ce type de figurines est une excellente option pour les boutiques de cadeaux touristiques souhaitant proposer des articles uniques et de qualit\u00e9.<\/p>\n<p>Chez Ol\u00e9 Mosaic, en tant que distributeurs de souvenirs de qualit\u00e9 en gros, nous proposons cette figurine dans le cadre de notre collection d&rsquo;articles typiques espagnols, garantissant que chaque client emporte avec lui un petit morceau d&rsquo;Espagne et de sa riche culture.<\/p>\n","protected":false},"excerpt":{"rendered":"<p>Figurine du c\u00e9l\u00e8bre taureau espagnol, mesurant 24 cm et semblant peinte \u00e0 la main. Son design vibrant, avec une mosa\u00efque de couleurs \u00e9clatantes comme le bleu, le jaune, le rouge et le noir, repr\u00e9sente un symbole iconique de la culture espagnole. La figurine capture l&rsquo;essence de la tradition et du folklore espagnol, devenant un excellent souvenir. Id\u00e9al pour ajouter une touche artistique \u00e0 n&rsquo;importe quel espace ou comme cadeau repr\u00e9sentatif de l&rsquo;Espagne.<\/p>\n","protected":false},"featured_media":6411,"template":"","meta":{"_acf_changed":false},"product_brand":[],"product_cat":[540],"product_tag":[530],"class_list":{"0":"post-35630","1":"product","2":"type-product","3":"status-publish","4":"has-post-thumbnail","6":"product_cat-chiffres","7":"product_tag-animaux","8":"pa_motivo-taureaux","10":"first","11":"instock","12":"shipping-taxable","13":"product-type-simple"},"acf":[],"_links":{"self":[{"href":"https:\/\/olemosaic.orbitalia.org\/fr\/wp-json\/wp\/v2\/product\/35630","targetHints":{"allow":["GET"]}}],"collection":[{"href":"https:\/\/olemosaic.orbitalia.org\/fr\/wp-json\/wp\/v2\/product"}],"about":[{"href":"https:\/\/olemosaic.orbitalia.org\/fr\/wp-json\/wp\/v2\/types\/product"}],"wp:featuredmedia":[{"embeddable":true,"href":"https:\/\/olemosaic.orbitalia.org\/fr\/wp-json\/wp\/v2\/media\/6411"}],"wp:attachment":[{"href":"https:\/\/olemosaic.orbitalia.org\/fr\/wp-json\/wp\/v2\/media?parent=35630"}],"wp:term":[{"taxonomy":"product_brand","embeddable":true,"href":"https:\/\/olemosaic.orbitalia.org\/fr\/wp-json\/wp\/v2\/product_brand?post=35630"},{"taxonomy":"product_cat","embeddable":true,"href":"https:\/\/olemosaic.orbitalia.org\/fr\/wp-json\/wp\/v2\/product_cat?post=35630"},{"taxonomy":"product_tag","embeddable":true,"href":"https:\/\/olemosaic.orbitalia.org\/fr\/wp-json\/wp\/v2\/product_tag?post=35630"}],"curies":[{"name":"wp","href":"https:\/\/api.w.org\/{rel}","templated":true}]}}