{"id":35629,"date":"2025-02-20T23:37:36","date_gmt":"2025-02-20T22:37:36","guid":{"rendered":"https:\/\/olemosaic.orbitalia.org\/producto\/toro-figura-de-resina-de-12-cm-pintada-a-mano-2\/"},"modified":"2025-07-25T19:30:02","modified_gmt":"2025-07-25T17:30:02","slug":"taureau-figurine-resine-12-cm-peinte-a-la-main-2","status":"publish","type":"product","link":"https:\/\/olemosaic.orbitalia.org\/fr\/produit\/taureau-figurine-resine-12-cm-peinte-a-la-main-2\/","title":{"rendered":"Taureau. Figurine mosa\u00efque de 12 cm. Taureau. Design en mosa\u00efque."},"content":{"rendered":"<p>Cet impressionnant taureau en r\u00e9sine de 12 cm est la repr\u00e9sentation parfaite de l&rsquo;essence de la culture espagnole, \u00e9voquant la force et la majest\u00e9 de cet animal embl\u00e9matique. Chaque figurine, avec un effet peint \u00e0 la main et un m\u00e9lange vibrant de couleurs, a \u00e9t\u00e9 con\u00e7ue artistiquement dans un style mosa\u00efque qui souligne sa singularit\u00e9. Avec des tons radieux de rouge, bleu, jaune et vert, chaque section du taureau est un hommage \u00e0 la riche tradition folklorique de l&rsquo;Espagne, en faisant un excellent \u00e9l\u00e9ment d\u00e9coratif pour n&rsquo;importe quel coin de votre maison.<\/p>\n<p>Le design d\u00e9taill\u00e9 de cette figurine ne met pas seulement en valeur la beaut\u00e9 du taureau, symbole de lutte et de passion dans la culture espagnole, mais sert \u00e9galement de souvenir attrayant pour ceux qui visitent l&rsquo;Espagne. L&rsquo;authenticit\u00e9 et le d\u00e9vouement \u00e0 l&rsquo;artisanat se refl\u00e8tent dans chaque trait et couleur, ce qui fait de ce souvenir une pi\u00e8ce unique qui captive l&rsquo;attention et l&rsquo;admiration de ceux qui le contemplent.<\/p>\n<p>Chez Ol\u00e9 Mosaic, nous sommes des distributeurs de souvenirs de qualit\u00e9 en gros, et nous proposons ce taureau en r\u00e9sine comme une excellente option pour les boutiques de cadeaux touristiques \u00e0 la recherche de produits authentiques et repr\u00e9sentatifs de la culture espagnole. Ce souvenir attrayant n&rsquo;est pas seulement un rappel, mais un morceau d&rsquo;art et de tradition qui apporte un fragment d&rsquo;Espagne dans n&rsquo;importe quel foyer.<\/p>\n","protected":false},"excerpt":{"rendered":"<p>Figurine d&rsquo;un taureau de 12 cm, design artisanal, peinte \u00e0 la main, avec un m\u00e9lange vibrant de couleurs. Ce souvenir attrayant capture l&rsquo;essence de la culture espagnole, repr\u00e9sentant le symbole du taureau dans un design de mosa\u00efque artistique. Chaque section du taureau est d\u00e9cor\u00e9e en d\u00e9tail, montrant une combinaison de tons rouges, bleus, jaunes et verts. C&rsquo;est un excellent \u00e9l\u00e9ment d\u00e9coratif qui \u00e9voque la tradition et le folklore espagnol, parfait pour n&rsquo;importe quel coin de votre maison.<\/p>\n","protected":false},"featured_media":8703,"template":"","meta":{"_acf_changed":false},"product_brand":[],"product_cat":[540],"product_tag":[530],"class_list":{"0":"post-35629","1":"product","2":"type-product","3":"status-publish","4":"has-post-thumbnail","6":"product_cat-chiffres","7":"product_tag-animaux","8":"pa_motivo-taureaux","10":"first","11":"instock","12":"shipping-taxable","13":"product-type-simple"},"acf":[],"_links":{"self":[{"href":"https:\/\/olemosaic.orbitalia.org\/fr\/wp-json\/wp\/v2\/product\/35629","targetHints":{"allow":["GET"]}}],"collection":[{"href":"https:\/\/olemosaic.orbitalia.org\/fr\/wp-json\/wp\/v2\/product"}],"about":[{"href":"https:\/\/olemosaic.orbitalia.org\/fr\/wp-json\/wp\/v2\/types\/product"}],"wp:featuredmedia":[{"embeddable":true,"href":"https:\/\/olemosaic.orbitalia.org\/fr\/wp-json\/wp\/v2\/media\/8703"}],"wp:attachment":[{"href":"https:\/\/olemosaic.orbitalia.org\/fr\/wp-json\/wp\/v2\/media?parent=35629"}],"wp:term":[{"taxonomy":"product_brand","embeddable":true,"href":"https:\/\/olemosaic.orbitalia.org\/fr\/wp-json\/wp\/v2\/product_brand?post=35629"},{"taxonomy":"product_cat","embeddable":true,"href":"https:\/\/olemosaic.orbitalia.org\/fr\/wp-json\/wp\/v2\/product_cat?post=35629"},{"taxonomy":"product_tag","embeddable":true,"href":"https:\/\/olemosaic.orbitalia.org\/fr\/wp-json\/wp\/v2\/product_tag?post=35629"}],"curies":[{"name":"wp","href":"https:\/\/api.w.org\/{rel}","templated":true}]}}