{"id":35607,"date":"2025-02-20T23:37:35","date_gmt":"2025-02-20T22:37:35","guid":{"rendered":"https:\/\/olemosaic.orbitalia.org\/producto\/toro-figura-de-resina-de-15-cm-pintada-a-mano\/"},"modified":"2025-07-25T20:13:59","modified_gmt":"2025-07-25T18:13:59","slug":"taureau-figurine-en-resine-de-15-cm-peinte-a-la-main","status":"publish","type":"product","link":"https:\/\/olemosaic.orbitalia.org\/fr\/produit\/taureau-figurine-en-resine-de-15-cm-peinte-a-la-main\/","title":{"rendered":"Taureau. Figurine en mosa\u00efque de 15 cm."},"content":{"rendered":"<p>Ce taureau en r\u00e9sine est un souvenir impressionnant qui rend hommage \u00e0 la riche culture espagnole et \u00e0 son profond symbolisme. Avec 15 cm de hauteur, cette figurine a \u00e9t\u00e9 \u00e9labor\u00e9e et peinte \u00e0 la main avec un effet mosa\u00efque, ce qui garantit que chaque pi\u00e8ce est unique et sp\u00e9ciale. Le design comprend une mosa\u00efque vibrante de couleurs telles que le bleu, le rouge, le jaune et le noir, qui se combinent dans un motif artistique captivant, apportant luminosit\u00e9 et caract\u00e8re \u00e0 n&rsquo;importe quel espace. Repr\u00e9sentant la tradition du folklore espagnol, le taureau est une ic\u00f4ne qui incarne le courage et la force, et son association fr\u00e9quente avec les festivit\u00e9s et traditions espagnoles, comme la c\u00e9l\u00e8bre corrida, en fait un souvenir qui \u00e9voque des \u00e9motions et des souvenirs des terres ib\u00e9riques.<\/p>\n<p>Ce souvenir n&rsquo;est pas seulement un \u00e9l\u00e9ment d\u00e9coratif attrayant, mais aussi un hommage \u00e0 l&rsquo;h\u00e9ritage culturel de l&rsquo;Espagne, id\u00e9al pour les touristes qui souhaitent emporter un morceau authentique du pays. Chez Ol\u00e9 Mosaic, nous comprenons l&rsquo;importance de l&rsquo;authenticit\u00e9 dans chaque produit, et cette figurine de taureau est une excellente option pour les boutiques de cadeaux touristiques souhaitant offrir \u00e0 leurs clients un souvenir significatif et repr\u00e9sentatif. En tant que grossistes de souvenirs, nous fournissons des pi\u00e8ces de qualit\u00e9 qui capturent l&rsquo;essence de la tradition espagnole, id\u00e9ales pour toute collection.<\/p>\n","protected":false},"excerpt":{"rendered":"<p>Figurine de 15 cm en forme de taureau, design artisanal, peinte \u00e0 la main, et d\u00e9cor\u00e9e d&rsquo;une mosa\u00efque aux couleurs vibrantes. Ce souvenir repr\u00e9sente l&rsquo;essence du folklore espagnol, exaltant le symbolisme du taureau comme ic\u00f4ne de la culture espagnole. Son design int\u00e8gre des teintes bleues, rouges, jaunes et noires, qui s&rsquo;entrelacent dans un motif artistique, en faisant un \u00e9l\u00e9ment d\u00e9coratif attrayant pour tout int\u00e9rieur ou collection.<\/p>\n","protected":false},"featured_media":6412,"template":"","meta":{"_acf_changed":false},"product_brand":[],"product_cat":[540],"product_tag":[530],"class_list":{"0":"post-35607","1":"product","2":"type-product","3":"status-publish","4":"has-post-thumbnail","6":"product_cat-chiffres","7":"product_tag-animaux","8":"pa_motivo-taureaux","10":"first","11":"instock","12":"shipping-taxable","13":"product-type-simple"},"acf":[],"_links":{"self":[{"href":"https:\/\/olemosaic.orbitalia.org\/fr\/wp-json\/wp\/v2\/product\/35607","targetHints":{"allow":["GET"]}}],"collection":[{"href":"https:\/\/olemosaic.orbitalia.org\/fr\/wp-json\/wp\/v2\/product"}],"about":[{"href":"https:\/\/olemosaic.orbitalia.org\/fr\/wp-json\/wp\/v2\/types\/product"}],"wp:featuredmedia":[{"embeddable":true,"href":"https:\/\/olemosaic.orbitalia.org\/fr\/wp-json\/wp\/v2\/media\/6412"}],"wp:attachment":[{"href":"https:\/\/olemosaic.orbitalia.org\/fr\/wp-json\/wp\/v2\/media?parent=35607"}],"wp:term":[{"taxonomy":"product_brand","embeddable":true,"href":"https:\/\/olemosaic.orbitalia.org\/fr\/wp-json\/wp\/v2\/product_brand?post=35607"},{"taxonomy":"product_cat","embeddable":true,"href":"https:\/\/olemosaic.orbitalia.org\/fr\/wp-json\/wp\/v2\/product_cat?post=35607"},{"taxonomy":"product_tag","embeddable":true,"href":"https:\/\/olemosaic.orbitalia.org\/fr\/wp-json\/wp\/v2\/product_tag?post=35607"}],"curies":[{"name":"wp","href":"https:\/\/api.w.org\/{rel}","templated":true}]}}