{"id":35606,"date":"2025-02-20T23:37:35","date_gmt":"2025-02-20T22:37:35","guid":{"rendered":"https:\/\/olemosaic.orbitalia.org\/producto\/toro-figura-de-resina-de-14-cm-pintada-a-mano\/"},"modified":"2025-07-25T18:50:18","modified_gmt":"2025-07-25T16:50:18","slug":"taureau-figurine-en-resine-de-14-cm-peinte-a-la-main","status":"publish","type":"product","link":"https:\/\/olemosaic.orbitalia.org\/fr\/produit\/taureau-figurine-en-resine-de-14-cm-peinte-a-la-main\/","title":{"rendered":"Taureau. Figurine en mosa\u00efque de 14 cm."},"content":{"rendered":"<p>Ce taureau vibrant en r\u00e9sine est un v\u00e9ritable symbole de la culture espagnole, capturant l&rsquo;essence de la tradition ib\u00e9rique dans une magnifique figurine de 14 cm. Peinte \u00e0 la main, cette pi\u00e8ce color\u00e9e pr\u00e9sente un design en mosa\u00efque qui se distingue par son utilisation riche de tons brillants et vari\u00e9s, en faisant un \u00e9l\u00e9ment d\u00e9coratif attrayant. Chaque facette refl\u00e8te la force et la majest\u00e9 du taureau, un animal profond\u00e9ment enracin\u00e9 dans l&rsquo;histoire et le folklore de l&rsquo;Espagne, pr\u00e9sent dans les f\u00eates et les corridas qui c\u00e9l\u00e8brent l&rsquo;art et le courage.<\/p>\n<p>L&rsquo;attention m\u00e9ticuleuse port\u00e9e aux d\u00e9tails dans la peinture de ce taureau souligne non seulement sa beaut\u00e9 esth\u00e9tique, mais aussi son authenticit\u00e9 en tant que souvenir repr\u00e9sentatif. La figurine allie art et folklore, offrant aux touristes un souvenir unique qui encapsule le riche h\u00e9ritage culturel du pays. Son format compact en fait un cadeau id\u00e9al pour les amoureux de l&rsquo;Espagne et de sa diversit\u00e9 culturelle, parfait pour orner des \u00e9tag\u00e8res, des bureaux ou des vitrines.<\/p>\n<p>Chez Ol\u00e9 Mosaic, nous sommes sp\u00e9cialistes de la distribution de souvenirs en gros, et cette figurine de taureau est une excellente option pour les boutiques de cadeaux touristiques \u00e0 la recherche de produits authentiques et de qualit\u00e9. En tant que grossistes de souvenirs, nous garantissons la singularit\u00e9 et le savoir-faire artisanal de chacune de nos pi\u00e8ces, faisant de ce taureau un charme irr\u00e9sistible pour ceux qui appr\u00e9cient l&rsquo;art et la culture espagnole.<\/p>\n","protected":false},"excerpt":{"rendered":"<p>Figurine de 14 cm repr\u00e9sentant un taureau, design artisanal, peinte \u00e0 la main. Cette pi\u00e8ce color\u00e9e et vibrante, qui capture l&rsquo;essence de la culture espagnole, se distingue par son design en mosa\u00efque aux tons brillants et vari\u00e9s, symbolisant la force et la tradition du taureau dans la culture ib\u00e9rique. Id\u00e9ale comme souvenir ou \u00e9l\u00e9ment d\u00e9coratif, cette figurine allie art et folklore, constituant un excellent cadeau pour les amoureux de l&rsquo;Espagne et de sa richesse culturelle.<\/p>\n","protected":false},"featured_media":8702,"template":"","meta":{"_acf_changed":false},"product_brand":[],"product_cat":[540],"product_tag":[530],"class_list":{"0":"post-35606","1":"product","2":"type-product","3":"status-publish","4":"has-post-thumbnail","6":"product_cat-chiffres","7":"product_tag-animaux","8":"pa_motivo-taureaux","10":"first","11":"instock","12":"shipping-taxable","13":"product-type-simple"},"acf":[],"_links":{"self":[{"href":"https:\/\/olemosaic.orbitalia.org\/fr\/wp-json\/wp\/v2\/product\/35606","targetHints":{"allow":["GET"]}}],"collection":[{"href":"https:\/\/olemosaic.orbitalia.org\/fr\/wp-json\/wp\/v2\/product"}],"about":[{"href":"https:\/\/olemosaic.orbitalia.org\/fr\/wp-json\/wp\/v2\/types\/product"}],"wp:featuredmedia":[{"embeddable":true,"href":"https:\/\/olemosaic.orbitalia.org\/fr\/wp-json\/wp\/v2\/media\/8702"}],"wp:attachment":[{"href":"https:\/\/olemosaic.orbitalia.org\/fr\/wp-json\/wp\/v2\/media?parent=35606"}],"wp:term":[{"taxonomy":"product_brand","embeddable":true,"href":"https:\/\/olemosaic.orbitalia.org\/fr\/wp-json\/wp\/v2\/product_brand?post=35606"},{"taxonomy":"product_cat","embeddable":true,"href":"https:\/\/olemosaic.orbitalia.org\/fr\/wp-json\/wp\/v2\/product_cat?post=35606"},{"taxonomy":"product_tag","embeddable":true,"href":"https:\/\/olemosaic.orbitalia.org\/fr\/wp-json\/wp\/v2\/product_tag?post=35606"}],"curies":[{"name":"wp","href":"https:\/\/api.w.org\/{rel}","templated":true}]}}