{"id":35605,"date":"2025-02-20T23:37:35","date_gmt":"2025-02-20T22:37:35","guid":{"rendered":"https:\/\/olemosaic.orbitalia.org\/producto\/toro-figura-de-resina-de-12-cm-pintada-a-mano\/"},"modified":"2025-07-25T19:30:57","modified_gmt":"2025-07-25T17:30:57","slug":"taureau-figurine-en-resine-de-12-cm-peinte-a-la-main","status":"publish","type":"product","link":"https:\/\/olemosaic.orbitalia.org\/fr\/produit\/taureau-figurine-en-resine-de-12-cm-peinte-a-la-main\/","title":{"rendered":"Taureau. Figurine en mosa\u00efque de 12 cm."},"content":{"rendered":"<p>Ce taureau vibrant en r\u00e9sine, de 12 cm de haut, est une \u0153uvre d&rsquo;art peinte \u00e0 la main avec un effet mosa\u00efque qui capture l&rsquo;essence et le symbolisme de l&rsquo;Espagne. Son design en mosa\u00efque, avec un m\u00e9lange captivant de tons rouges, jaunes, bleus et verts, fait de cette figurine bien plus qu&rsquo;un simple objet d\u00e9coratif : c&rsquo;est un hommage \u00e9vocateur \u00e0 la riche tradition du folklore espagnol. Chaque pi\u00e8ce a \u00e9t\u00e9 m\u00e9ticuleusement \u00e9labor\u00e9e, soulignant les d\u00e9tails qui font de ce taureau un symbole iconique de l&rsquo;esprit taurin, profond\u00e9ment enracin\u00e9 dans la culture espagnole.<\/p>\n<p>La splendeur de ses couleurs et la qualit\u00e9 artisanale en font un attrait visuel et un souvenir embl\u00e9matique de l&rsquo;Espagne. Cette figurine est un cadeau id\u00e9al pour les touristes \u00e0 la recherche d&rsquo;un souvenir authentique, repr\u00e9sentatif de la passion et de l&rsquo;histoire espagnoles. De plus, sa singularit\u00e9 la rend parfaite pour \u00eatre expos\u00e9e dans des vitrines ou sur des tables, attirant les regards et suscitant des conversations sur sa signification culturelle.<\/p>\n<p>Chez Ol\u00e9 Mosaic, nous sommes fiers de proposer des souvenirs comme ce taureau, qui r\u00e9sonnent avec l&rsquo;authenticit\u00e9 de l&rsquo;art populaire et sont parfaits pour les boutiques de cadeaux touristiques. En tant que grossistes de souvenirs, nous garantissons que nos figurines sont, en plus d&rsquo;\u00eatre d\u00e9coratives, des repr\u00e9sentations authentiques de l&rsquo;h\u00e9ritage culturel espagnol.<\/p>\n","protected":false},"excerpt":{"rendered":"<p>Figurine de 12 cm, design artisanal, peinte \u00e0 la main, repr\u00e9sentant un taureau, symbole iconique de l&rsquo;Espagne. Cette sculpture color\u00e9e se distingue par son design en mosa\u00efque, avec un m\u00e9lange vibrant de tons tels que le rouge, le jaune, le bleu et le vert. Chaque d\u00e9tail a \u00e9t\u00e9 soigneusement \u00e9labor\u00e9, refl\u00e9tant la tradition culturelle et l&rsquo;esprit du folklore espagnol. Id\u00e9ale comme souvenir ou \u00e9l\u00e9ment d\u00e9coratif, cette figurine capture l&rsquo;essence de la passion taurine dans un format artistique attrayant.<\/p>\n","protected":false},"featured_media":11098,"template":"","meta":{"_acf_changed":false},"product_brand":[],"product_cat":[540],"product_tag":[530],"class_list":{"0":"post-35605","1":"product","2":"type-product","3":"status-publish","4":"has-post-thumbnail","6":"product_cat-chiffres","7":"product_tag-animaux","8":"pa_motivo-taureaux","10":"first","11":"instock","12":"shipping-taxable","13":"product-type-simple"},"acf":[],"_links":{"self":[{"href":"https:\/\/olemosaic.orbitalia.org\/fr\/wp-json\/wp\/v2\/product\/35605","targetHints":{"allow":["GET"]}}],"collection":[{"href":"https:\/\/olemosaic.orbitalia.org\/fr\/wp-json\/wp\/v2\/product"}],"about":[{"href":"https:\/\/olemosaic.orbitalia.org\/fr\/wp-json\/wp\/v2\/types\/product"}],"wp:featuredmedia":[{"embeddable":true,"href":"https:\/\/olemosaic.orbitalia.org\/fr\/wp-json\/wp\/v2\/media\/11098"}],"wp:attachment":[{"href":"https:\/\/olemosaic.orbitalia.org\/fr\/wp-json\/wp\/v2\/media?parent=35605"}],"wp:term":[{"taxonomy":"product_brand","embeddable":true,"href":"https:\/\/olemosaic.orbitalia.org\/fr\/wp-json\/wp\/v2\/product_brand?post=35605"},{"taxonomy":"product_cat","embeddable":true,"href":"https:\/\/olemosaic.orbitalia.org\/fr\/wp-json\/wp\/v2\/product_cat?post=35605"},{"taxonomy":"product_tag","embeddable":true,"href":"https:\/\/olemosaic.orbitalia.org\/fr\/wp-json\/wp\/v2\/product_tag?post=35605"}],"curies":[{"name":"wp","href":"https:\/\/api.w.org\/{rel}","templated":true}]}}