{"id":35598,"date":"2025-02-20T22:37:35","date_gmt":"2025-02-20T22:37:35","guid":{"rendered":"https:\/\/olemosaic.orbitalia.org\/producto\/toro-figura-de-ceramica-de-12-cm-rojo-glaceado\/"},"modified":"2025-07-25T19:43:01","modified_gmt":"2025-07-25T17:43:01","slug":"taureau-figurine-en-ceramique-de-12-cm-rouge-glace","status":"publish","type":"product","link":"https:\/\/olemosaic.orbitalia.org\/fr\/produit\/taureau-figurine-en-ceramique-de-12-cm-rouge-glace\/","title":{"rendered":"Taureau. Figurine en c\u00e9ramique de 12 cm. Rouge. Glac\u00e9."},"content":{"rendered":"<p>Ce vibrant taureau en c\u00e9ramique est un fascinant souvenir espagnol qui encapsule la riche tradition taurine du pays. Avec une hauteur de 12 cm, cette figurine se distingue par sa finition vitrifi\u00e9e, qui lui conf\u00e8re une surface brillante et contemporaine, en faisant une pi\u00e8ce polyvalente, id\u00e9ale tant pour la d\u00e9coration int\u00e9rieure que pour un cadeau distinctif. Son design stylis\u00e9 et \u00e9l\u00e9gant souligne les caract\u00e9ristiques du taureau, symbolisant la force et le courage, valeurs essentielles du folklore espagnol. La couleur rouge intense \u00e9voque la passion et l&rsquo;\u00e9nergie, faisant de cette figurine une repr\u00e9sentation iconique de la culture espagnole.<\/p>\n<p>La figurine du taureau est un symbole profond\u00e9ment ancr\u00e9 dans l&rsquo;histoire de l&rsquo;Espagne, particuli\u00e8rement li\u00e9 aux f\u00eates populaires et \u00e0 la tauromachie, un aspect repr\u00e9sentatif du patrimoine culturel. Ce souvenir ne comm\u00e9more pas seulement la tradition, mais met \u00e9galement en avant un style moderne qui s&rsquo;int\u00e8gre dans n&rsquo;importe quel d\u00e9cor. Chez Ol\u00e9 Mosaic, nous nous sp\u00e9cialisons dans la distribution de souvenirs authentiques, comme cette figurine de taureau, parfaite pour les boutiques de cadeaux touristiques cherchant \u00e0 offrir des produits qui racontent une histoire. Ce taureau en c\u00e9ramique n&rsquo;est pas seulement un souvenir, mais un v\u00e9ritable morceau d&rsquo;Espagne qui attirera tous les touristes d\u00e9sireux de repartir avec un souvenir significatif et culturel.<\/p>\n","protected":false},"excerpt":{"rendered":"<p>Figurine en c\u00e9ramique en forme de taureau, de couleur rouge intense et finition \u00e9maill\u00e9e, mesurant 12 cm. Ce souvenir espagnol embl\u00e9matique capture l&rsquo;essence du folklore et de la tradition taurine, symbolisant la force et le courage. Son design stylis\u00e9 souligne les d\u00e9tails du corps du taureau, tandis que la surface brillante apporte une touche moderne. Id\u00e9al comme \u00e9l\u00e9ment d\u00e9coratif ou cadeau, il refl\u00e8te la riche culture espagnole de mani\u00e8re attrayante et contemporaine.<\/p>\n","protected":false},"featured_media":7447,"template":"","meta":{"_acf_changed":false},"product_brand":[],"product_cat":[540],"product_tag":[530,585],"class_list":{"0":"post-35598","1":"product","2":"type-product","3":"status-publish","4":"has-post-thumbnail","6":"product_cat-chiffres","7":"product_tag-animaux","8":"product_tag-ceramique","9":"pa_motivo-taureaux","11":"first","12":"instock","13":"shipping-taxable","14":"product-type-simple"},"acf":[],"_links":{"self":[{"href":"https:\/\/olemosaic.orbitalia.org\/fr\/wp-json\/wp\/v2\/product\/35598","targetHints":{"allow":["GET"]}}],"collection":[{"href":"https:\/\/olemosaic.orbitalia.org\/fr\/wp-json\/wp\/v2\/product"}],"about":[{"href":"https:\/\/olemosaic.orbitalia.org\/fr\/wp-json\/wp\/v2\/types\/product"}],"wp:featuredmedia":[{"embeddable":true,"href":"https:\/\/olemosaic.orbitalia.org\/fr\/wp-json\/wp\/v2\/media\/7447"}],"wp:attachment":[{"href":"https:\/\/olemosaic.orbitalia.org\/fr\/wp-json\/wp\/v2\/media?parent=35598"}],"wp:term":[{"taxonomy":"product_brand","embeddable":true,"href":"https:\/\/olemosaic.orbitalia.org\/fr\/wp-json\/wp\/v2\/product_brand?post=35598"},{"taxonomy":"product_cat","embeddable":true,"href":"https:\/\/olemosaic.orbitalia.org\/fr\/wp-json\/wp\/v2\/product_cat?post=35598"},{"taxonomy":"product_tag","embeddable":true,"href":"https:\/\/olemosaic.orbitalia.org\/fr\/wp-json\/wp\/v2\/product_tag?post=35598"}],"curies":[{"name":"wp","href":"https:\/\/api.w.org\/{rel}","templated":true}]}}