{"id":35597,"date":"2025-02-20T22:37:34","date_gmt":"2025-02-20T22:37:34","guid":{"rendered":"https:\/\/olemosaic.orbitalia.org\/producto\/toro-figura-de-ceramica-de-12-cm-negro-glaceado\/"},"modified":"2025-07-25T18:57:59","modified_gmt":"2025-07-25T16:57:59","slug":"taureau-figurine-en-ceramique-de-12-cm-noir-glace","status":"publish","type":"product","link":"https:\/\/olemosaic.orbitalia.org\/fr\/produit\/taureau-figurine-en-ceramique-de-12-cm-noir-glace\/","title":{"rendered":"Taureau. Figurine en c\u00e9ramique de 12 cm. Noir Glac\u00e9."},"content":{"rendered":"<p>Cette figurine en c\u00e9ramique d&rsquo;un taureau est un \u00e9l\u00e9gant souvenir d&rsquo;Espagne qui capture l&rsquo;essence de la culture taurine. Avec une hauteur de 12 cm, sa finition noire vitrifi\u00e9e souligne la silhouette stylis\u00e9e et puissante du taureau, symbole de force et de tradition dans le monde hispanique. L&rsquo;\u00e9laboration m\u00e9ticuleuse de cette pi\u00e8ce d\u00e9corative t\u00e9moigne non seulement du talent des artisans, mais en fait \u00e9galement un \u00e9l\u00e9ment de d\u00e9coration attrayant pour tout environnement, que ce soit \u00e0 la maison ou dans un \u00e9tablissement touristique.<\/p>\n<p>Le design moderne de cette figurine de taureau s&rsquo;aligne sur les tendances contemporaines, en faisant un choix parfait tant pour les amateurs d&rsquo;art que pour ceux qui s&rsquo;int\u00e9ressent \u00e0 la riche culture m\u00e9diterran\u00e9enne. Ce produit n&rsquo;est pas simplement un objet d\u00e9coratif, mais un morceau d&rsquo;histoire qui \u00e9mane l&rsquo;esprit des corridas et l&rsquo;importance du taureau dans la culture espagnole.<\/p>\n<p>Chez Ol\u00e9 Mosaic, en tant que grossistes de souvenirs en c\u00e9ramique, nous proposons des produits authentiques qui c\u00e9l\u00e8brent les traditions locales. Cette figurine de taureau, repr\u00e9sentative de l&rsquo;Espagne, est une excellente option pour les boutiques de cadeaux touristiques \u00e0 la recherche d&rsquo;articles de qualit\u00e9 et de pertinence culturelle, constituant un souvenir parfait pour les visiteurs souhaitant emporter un symbole iconique de leur voyage.<\/p>\n","protected":false},"excerpt":{"rendered":"<p>Figurine en c\u00e9ramique d&rsquo;un taureau, avec une finition noire brillante qui rehausse son \u00e9l\u00e9gante silhouette. Avec une hauteur de 12 cm, cette repr\u00e9sentation stylis\u00e9e de l&rsquo;animal embl\u00e9matique espagnol symbolise la force et le caract\u00e8re de la culture taurine. Le design poli et moderne s&rsquo;adapte \u00e0 tout environnement, en faisant un souvenir attrayant de l&rsquo;Espagne ou une pi\u00e8ce d\u00e9corative distinctive pour les amateurs d&rsquo;art et de culture m\u00e9diterran\u00e9enne.<\/p>\n","protected":false},"featured_media":7453,"template":"","meta":{"_acf_changed":false},"product_brand":[],"product_cat":[540],"product_tag":[530,585],"class_list":{"0":"post-35597","1":"product","2":"type-product","3":"status-publish","4":"has-post-thumbnail","6":"product_cat-chiffres","7":"product_tag-animaux","8":"product_tag-ceramique","9":"pa_motivo-taureaux","11":"first","12":"instock","13":"shipping-taxable","14":"product-type-simple"},"acf":[],"_links":{"self":[{"href":"https:\/\/olemosaic.orbitalia.org\/fr\/wp-json\/wp\/v2\/product\/35597","targetHints":{"allow":["GET"]}}],"collection":[{"href":"https:\/\/olemosaic.orbitalia.org\/fr\/wp-json\/wp\/v2\/product"}],"about":[{"href":"https:\/\/olemosaic.orbitalia.org\/fr\/wp-json\/wp\/v2\/types\/product"}],"wp:featuredmedia":[{"embeddable":true,"href":"https:\/\/olemosaic.orbitalia.org\/fr\/wp-json\/wp\/v2\/media\/7453"}],"wp:attachment":[{"href":"https:\/\/olemosaic.orbitalia.org\/fr\/wp-json\/wp\/v2\/media?parent=35597"}],"wp:term":[{"taxonomy":"product_brand","embeddable":true,"href":"https:\/\/olemosaic.orbitalia.org\/fr\/wp-json\/wp\/v2\/product_brand?post=35597"},{"taxonomy":"product_cat","embeddable":true,"href":"https:\/\/olemosaic.orbitalia.org\/fr\/wp-json\/wp\/v2\/product_cat?post=35597"},{"taxonomy":"product_tag","embeddable":true,"href":"https:\/\/olemosaic.orbitalia.org\/fr\/wp-json\/wp\/v2\/product_tag?post=35597"}],"curies":[{"name":"wp","href":"https:\/\/api.w.org\/{rel}","templated":true}]}}