{"id":35594,"date":"2025-02-20T23:37:34","date_gmt":"2025-02-20T22:37:34","guid":{"rendered":"https:\/\/olemosaic.orbitalia.org\/producto\/dedal-de-ceramica-sardinas-blanco\/"},"modified":"2025-07-25T20:05:12","modified_gmt":"2025-07-25T18:05:12","slug":"de-a-coudre-en-ceramique-sardines-blanc","status":"publish","type":"product","link":"https:\/\/olemosaic.orbitalia.org\/fr\/produit\/de-a-coudre-en-ceramique-sardines-blanc\/","title":{"rendered":"D\u00e9 \u00e0 coudre en c\u00e9ramique. Sardines. Blanc"},"content":{"rendered":"<p>Ce d\u00e9 \u00e0 coudre en c\u00e9ramique, d\u00e9cor\u00e9 d&rsquo;une illustration vibrante de sardines, est un v\u00e9ritable reflet de la tradition de p\u00eache espagnole et un beau souvenir qui capture l&rsquo;essence du folklore c\u00f4tier. Son design artistique, peint \u00e0 la main, pr\u00e9sente trois sardines dans des tons vibrants de rouge, vert et jaune, qui contrastent parfaitement avec le fond bleu et blanc, embelli de d\u00e9licats motifs floraux. Chaque sardine, soigneusement d\u00e9taill\u00e9e, symbolise non seulement la richesse de l&rsquo;oc\u00e9an, mais aussi la culture et la gastronomie qui entourent la vie c\u00f4ti\u00e8re dans des r\u00e9gions comme la Galice ou le Pays Basque, o\u00f9 la p\u00eache fait partie int\u00e9grante de l&rsquo;identit\u00e9 locale.<\/p>\n<p>Ce d\u00e9 \u00e0 coudre n&rsquo;est pas seulement une pi\u00e8ce fonctionnelle pour les amateurs de couture, c&rsquo;est aussi un objet de collection id\u00e9al pour ceux qui cherchent \u00e0 se souvenir de leurs voyages \u00e0 travers des souvenirs de qualit\u00e9. La c\u00e9ramique, un mat\u00e9riau traditionnel espagnol, apporte de l&rsquo;authenticit\u00e9 \u00e0 ce produit, en faisant un symbole de l&rsquo;artisanat local.<\/p>\n<p>Chez Ol\u00e9 Mosaic, sp\u00e9cialistes de la distribution de souvenirs en gros, nous proposons ce d\u00e9 \u00e0 coudre comme une excellente option pour les boutiques de cadeaux touristiques souhaitant offrir des produits repr\u00e9sentatifs et de grande valeur culturelle. Ce d\u00e9 \u00e0 coudre en c\u00e9ramique d\u00e9cor\u00e9 de sardines est le souvenir parfait des couleurs et de la joie du littoral espagnol.<\/p>\n","protected":false},"excerpt":{"rendered":"<p>D\u00e9 \u00e0 coudre en c\u00e9ramique d\u00e9cor\u00e9 d&rsquo;une illustration color\u00e9e de sardines, repr\u00e9sentant la tradition de p\u00eache de la r\u00e9gion. Ce d\u00e9 d\u00e9licat, dans les tons bleus et blancs, pr\u00e9sente un design artisanal, peint \u00e0 la main, mettant en valeur trois sardines aux tons vibrants de rouge, vert et jaune, sur un fond aux motifs floraux. Parfait pour les collectionneurs et les amateurs d&rsquo;artisanat, ce souvenir capture l&rsquo;essence du folklore c\u00f4tier espagnol.<\/p>\n","protected":false},"featured_media":9057,"template":"","meta":{"_acf_changed":false},"product_brand":[],"product_cat":[603],"product_tag":[530,585],"class_list":{"0":"post-35594","1":"product","2":"type-product","3":"status-publish","4":"has-post-thumbnail","6":"product_cat-des-a-coudre","7":"product_tag-animaux","8":"product_tag-ceramique","9":"pa_motivo-sardines","11":"first","12":"instock","13":"shipping-taxable","14":"product-type-simple"},"acf":[],"_links":{"self":[{"href":"https:\/\/olemosaic.orbitalia.org\/fr\/wp-json\/wp\/v2\/product\/35594","targetHints":{"allow":["GET"]}}],"collection":[{"href":"https:\/\/olemosaic.orbitalia.org\/fr\/wp-json\/wp\/v2\/product"}],"about":[{"href":"https:\/\/olemosaic.orbitalia.org\/fr\/wp-json\/wp\/v2\/types\/product"}],"wp:featuredmedia":[{"embeddable":true,"href":"https:\/\/olemosaic.orbitalia.org\/fr\/wp-json\/wp\/v2\/media\/9057"}],"wp:attachment":[{"href":"https:\/\/olemosaic.orbitalia.org\/fr\/wp-json\/wp\/v2\/media?parent=35594"}],"wp:term":[{"taxonomy":"product_brand","embeddable":true,"href":"https:\/\/olemosaic.orbitalia.org\/fr\/wp-json\/wp\/v2\/product_brand?post=35594"},{"taxonomy":"product_cat","embeddable":true,"href":"https:\/\/olemosaic.orbitalia.org\/fr\/wp-json\/wp\/v2\/product_cat?post=35594"},{"taxonomy":"product_tag","embeddable":true,"href":"https:\/\/olemosaic.orbitalia.org\/fr\/wp-json\/wp\/v2\/product_tag?post=35594"}],"curies":[{"name":"wp","href":"https:\/\/api.w.org\/{rel}","templated":true}]}}