{"id":35588,"date":"2025-02-20T23:37:34","date_gmt":"2025-02-20T22:37:34","guid":{"rendered":"https:\/\/olemosaic.orbitalia.org\/producto\/dedal-de-ceramica-toro-beige\/"},"modified":"2025-07-25T18:37:41","modified_gmt":"2025-07-25T16:37:41","slug":"de-a-coudre-en-ceramique-taureau-beige","status":"publish","type":"product","link":"https:\/\/olemosaic.orbitalia.org\/fr\/produit\/de-a-coudre-en-ceramique-taureau-beige\/","title":{"rendered":"D\u00e9 \u00e0 coudre en c\u00e9ramique. Taureau. Beige"},"content":{"rendered":"<p>Ce d\u00e9 \u00e0 coudre en c\u00e9ramique, d\u00e9cor\u00e9 d&rsquo;un taureau vibrant au design mosa\u00efque, est un v\u00e9ritable symbole de la culture espagnole, id\u00e9al pour ceux qui recherchent des souvenirs de qualit\u00e9. Sur un fond blanc color\u00e9, la pi\u00e8ce se distingue par son illustration \u00e9clatante d&rsquo;un taureau, qui incarne l&rsquo;essence du folklore espagnol passionnant. De plus, les ornements floraux rouges et les spirales vertes sur les c\u00f4t\u00e9s apportent un charme singulier, cr\u00e9ant un contraste visuel attrayant qui souligne la fiert\u00e9 et la force de cette figure si repr\u00e9sentative.<\/p>\n<p>La base de ton beige ajoute une touche d&rsquo;\u00e9l\u00e9gance et d&rsquo;\u00e9quilibre au design, tandis que les d\u00e9tails m\u00e9ticuleusement peints \u00e0 la main soulignent le savoir-faire artisanal derri\u00e8re chaque d\u00e9. Ce d\u00e9 \u00e0 coudre n&rsquo;est pas seulement un accessoire fonctionnel pour la couture, mais aussi un souvenir id\u00e9al pour les collectionneurs et les passionn\u00e9s de la tradition espagnole. Le lien culturel avec la figure du taureau est profond : il symbolise le courage et l&rsquo;esprit de l&rsquo;Espagne, des \u00e9l\u00e9ments qui r\u00e9sonnent dans l&rsquo;histoire de la tauromachie et l&rsquo;identit\u00e9 forte de la nation.<\/p>\n<p>Chez Ol\u00e9 Mosaic, nous proposons ce d\u00e9 \u00e0 coudre comme un souvenir repr\u00e9sentatif, parfait pour les boutiques de cadeaux touristiques souhaitant offrir des produits authentiques et de qualit\u00e9. En choisissant ce d\u00e9 \u00e0 coudre en c\u00e9ramique, les touristes n&#8217;emportent pas seulement une pi\u00e8ce d&rsquo;art, mais aussi un fragment de l&rsquo;h\u00e9ritage culturel espagnol qui durera dans le temps.<\/p>\n","protected":false},"excerpt":{"rendered":"<p>D\u00e9 \u00e0 coudre en c\u00e9ramique d\u00e9cor\u00e9 d&rsquo;un taureau vibrant au design mosa\u00efque, symbole embl\u00e9matique de la culture espagnole. La pi\u00e8ce pr\u00e9sente un fond blanc color\u00e9 orn\u00e9 de fleurs rouges et de spirales vertes sur les c\u00f4t\u00e9s, cr\u00e9ant un contraste tr\u00e8s attrayant. La base de ton beige ajoute \u00e9l\u00e9gance et \u00e9quilibre au design, tandis que les d\u00e9tails peints \u00e0 la main soulignent l&rsquo;artisanat. Id\u00e9al pour les collectionneurs ou comme souvenir repr\u00e9sentatif de la tradition espagnole.<\/p>\n","protected":false},"featured_media":8482,"template":"","meta":{"_acf_changed":false},"product_brand":[],"product_cat":[603],"product_tag":[530,585],"class_list":{"0":"post-35588","1":"product","2":"type-product","3":"status-publish","4":"has-post-thumbnail","6":"product_cat-des-a-coudre","7":"product_tag-animaux","8":"product_tag-ceramique","9":"pa_motivo-taureaux","11":"first","12":"instock","13":"shipping-taxable","14":"product-type-simple"},"acf":[],"_links":{"self":[{"href":"https:\/\/olemosaic.orbitalia.org\/fr\/wp-json\/wp\/v2\/product\/35588","targetHints":{"allow":["GET"]}}],"collection":[{"href":"https:\/\/olemosaic.orbitalia.org\/fr\/wp-json\/wp\/v2\/product"}],"about":[{"href":"https:\/\/olemosaic.orbitalia.org\/fr\/wp-json\/wp\/v2\/types\/product"}],"wp:featuredmedia":[{"embeddable":true,"href":"https:\/\/olemosaic.orbitalia.org\/fr\/wp-json\/wp\/v2\/media\/8482"}],"wp:attachment":[{"href":"https:\/\/olemosaic.orbitalia.org\/fr\/wp-json\/wp\/v2\/media?parent=35588"}],"wp:term":[{"taxonomy":"product_brand","embeddable":true,"href":"https:\/\/olemosaic.orbitalia.org\/fr\/wp-json\/wp\/v2\/product_brand?post=35588"},{"taxonomy":"product_cat","embeddable":true,"href":"https:\/\/olemosaic.orbitalia.org\/fr\/wp-json\/wp\/v2\/product_cat?post=35588"},{"taxonomy":"product_tag","embeddable":true,"href":"https:\/\/olemosaic.orbitalia.org\/fr\/wp-json\/wp\/v2\/product_tag?post=35588"}],"curies":[{"name":"wp","href":"https:\/\/api.w.org\/{rel}","templated":true}]}}