{"id":35587,"date":"2025-02-20T22:37:34","date_gmt":"2025-02-20T22:37:34","guid":{"rendered":"https:\/\/olemosaic.orbitalia.org\/producto\/cucharon-de-ceramica-sardinas-blanco-2\/"},"modified":"2025-07-25T19:56:09","modified_gmt":"2025-07-25T17:56:09","slug":"louche-en-ceramique-sardines-blanc","status":"publish","type":"product","link":"https:\/\/olemosaic.orbitalia.org\/fr\/produit\/louche-en-ceramique-sardines-blanc\/","title":{"rendered":"Louche en c\u00e9ramique. Sardines. Blanc"},"content":{"rendered":"<p>Cette louche en c\u00e9ramique, d\u00e9cor\u00e9e de motifs de sardines, est une pi\u00e8ce unique qui apporte \u00e0 votre cuisine la riche tradition gastronomique de la M\u00e9diterran\u00e9e. Avec un design vibrant en blanc et bleu, cette louche pr\u00e9sente des sardines \u00e9clatantes en rouge, vert et jaune, se d\u00e9tachant sur un fond de motifs ornementaux d\u00e9licats \u00e9voquant la c\u00e9ramique traditionnelle andalouse. Sa forme ergonomique facilite non seulement le service de vos plats pr\u00e9f\u00e9r\u00e9s, mais en fait \u00e9galement une ic\u00f4ne d\u00e9corative qui attirera l&rsquo;attention de vos invit\u00e9s.<\/p>\n<p>L&rsquo;inspiration de la culture de la p\u00eache du sud de l&rsquo;Espagne souligne l&rsquo;importance de la sardine dans la gastronomie m\u00e9diterran\u00e9enne, symbole de fra\u00eecheur et d&rsquo;authenticit\u00e9. Cette louche allie parfaitement fonctionnalit\u00e9 et art, devenant un souvenir id\u00e9al pour ceux qui souhaitent emporter un morceau de la culture andalouse.<\/p>\n<p>Chez Ol\u00e9 Mosaic, nous proposons des produits authentiques qui c\u00e9l\u00e8brent le patrimoine culturel, et cette louche est sans aucun doute une excellente option pour les boutiques de cadeaux touristiques \u00e0 la recherche d&rsquo;articles uniques et repr\u00e9sentatifs. En int\u00e9grant cette louche en c\u00e9ramique d\u00e9cor\u00e9e \u00e0 vos \u00e9tag\u00e8res, vous offrez non seulement un ustensile utile, mais aussi un souvenir \u00e9vocateur qui connecte les touristes \u00e0 l&rsquo;essence de la c\u00f4te espagnole, en faisant un souvenir m\u00e9morable.<\/p>\n","protected":false},"excerpt":{"rendered":"<p>Louche en c\u00e9ramique d\u00e9cor\u00e9e de motifs de sardines, id\u00e9ale pour donner une touche culturelle \u00e0 votre cuisine. Avec un design en blanc et bleu rappelant la c\u00e9ramique traditionnelle andalouse, elle pr\u00e9sente des sardines aux couleurs vibrantes, comme le rouge et le vert, sur un fond ornemental. Cette louche est parfaite aussi bien pour servir que pour exposer, alliant fonctionnalit\u00e9 et art en un seul produit repr\u00e9sentant la riche gastronomie m\u00e9diterran\u00e9enne.<\/p>\n","protected":false},"featured_media":9054,"template":"","meta":{"_acf_changed":false},"product_brand":[],"product_cat":[798],"product_tag":[530,585],"class_list":{"0":"post-35587","1":"product","2":"type-product","3":"status-publish","4":"has-post-thumbnail","6":"product_cat-louches","7":"product_tag-animaux","8":"product_tag-ceramique","9":"pa_motivo-sardines","11":"first","12":"instock","13":"shipping-taxable","14":"product-type-simple"},"acf":[],"_links":{"self":[{"href":"https:\/\/olemosaic.orbitalia.org\/fr\/wp-json\/wp\/v2\/product\/35587","targetHints":{"allow":["GET"]}}],"collection":[{"href":"https:\/\/olemosaic.orbitalia.org\/fr\/wp-json\/wp\/v2\/product"}],"about":[{"href":"https:\/\/olemosaic.orbitalia.org\/fr\/wp-json\/wp\/v2\/types\/product"}],"wp:featuredmedia":[{"embeddable":true,"href":"https:\/\/olemosaic.orbitalia.org\/fr\/wp-json\/wp\/v2\/media\/9054"}],"wp:attachment":[{"href":"https:\/\/olemosaic.orbitalia.org\/fr\/wp-json\/wp\/v2\/media?parent=35587"}],"wp:term":[{"taxonomy":"product_brand","embeddable":true,"href":"https:\/\/olemosaic.orbitalia.org\/fr\/wp-json\/wp\/v2\/product_brand?post=35587"},{"taxonomy":"product_cat","embeddable":true,"href":"https:\/\/olemosaic.orbitalia.org\/fr\/wp-json\/wp\/v2\/product_cat?post=35587"},{"taxonomy":"product_tag","embeddable":true,"href":"https:\/\/olemosaic.orbitalia.org\/fr\/wp-json\/wp\/v2\/product_tag?post=35587"}],"curies":[{"name":"wp","href":"https:\/\/api.w.org\/{rel}","templated":true}]}}