{"id":35585,"date":"2025-02-20T22:37:33","date_gmt":"2025-02-20T22:37:33","guid":{"rendered":"https:\/\/olemosaic.orbitalia.org\/producto\/cucharilla-de-metal-toro-rojo\/"},"modified":"2025-07-25T20:05:33","modified_gmt":"2025-07-25T18:05:33","slug":"petite-cuillere-en-metal-taureau-rouge","status":"publish","type":"product","link":"https:\/\/olemosaic.orbitalia.org\/fr\/produit\/petite-cuillere-en-metal-taureau-rouge\/","title":{"rendered":"Petite cuill\u00e8re en m\u00e9tal. Taureau. Rouge"},"content":{"rendered":"<p>Cette petite cuill\u00e8re en m\u00e9tal, d\u00e9cor\u00e9e d&rsquo;un design embl\u00e9matique de taureau, est un v\u00e9ritable hommage \u00e0 la riche culture et au folklore espagnol. La partie sup\u00e9rieure de la cuill\u00e8re pr\u00e9sente un taureau vibrant \u00e9labor\u00e9 avec une mosa\u00efque de couleurs rouges et oranges \u00e9clatantes, qui soulignent sa silhouette robuste et fi\u00e8re. Elle symbolise la bravoure et la force du b\u00e9tail ib\u00e9rique, si pr\u00e9sent dans les traditions de pays comme l&rsquo;Espagne. Cet article est non seulement fonctionnel, mais aussi un excellent objet d\u00e9coratif qui ajoute une touche distinctive \u00e0 n&rsquo;importe quelle table, id\u00e9al pour servir des desserts ou de d\u00e9licieux caf\u00e9s. Le m\u00e9tal de la base garantit sa durabilit\u00e9, tandis que le design artistique apporte une dose de vitalit\u00e9 et de caract\u00e8re \u00e0 son usage quotidien.<\/p>\n<p>Ce souvenir ne capture pas seulement l&rsquo;essence du folklore espagnol, mais devient \u00e9galement un cadeau m\u00e9morable pour ceux qui souhaitent emporter une petite partie de notre culture. Chez Ol\u00e9 Mosaic, nous sommes fiers de proposer des produits authentiques qui refl\u00e8tent l&rsquo;identit\u00e9 culturelle de l&rsquo;Espagne. Cette cuill\u00e8re d\u00e9corative est une excellente option pour les boutiques de cadeaux touristiques \u00e0 la recherche de souvenirs repr\u00e9sentatifs, alliant art et fonctionnalit\u00e9. Parfaite pour les amateurs de gastronomie et de culture, cette cuill\u00e8re est un excellent souvenir des traditions espagnoles.<\/p>\n","protected":false},"excerpt":{"rendered":"<p>Petite cuill\u00e8re en m\u00e9tal d\u00e9cor\u00e9e d&rsquo;un design embl\u00e9matique de taureau, repr\u00e9sentant le folklore espagnol. Sur la partie sup\u00e9rieure, le taureau est r\u00e9alis\u00e9 avec une mosa\u00efque de couleurs rouges et oranges \u00e9clatantes, soulignant sa silhouette robuste et fi\u00e8re. Cet article allie fonctionnalit\u00e9 et art, id\u00e9al pour les amoureux de la culture espagnole. Sa base en m\u00e9tal apporte de la durabilit\u00e9, tandis que le design artistique ajoute une touche distinctive \u00e0 la table.<\/p>\n","protected":false},"featured_media":8684,"template":"","meta":{"_acf_changed":false},"product_brand":[],"product_cat":[802],"product_tag":[530],"class_list":{"0":"post-35585","1":"product","2":"type-product","3":"status-publish","4":"has-post-thumbnail","6":"product_cat-cuilleres","7":"product_tag-animaux","8":"pa_motivo-taureaux","10":"first","11":"instock","12":"shipping-taxable","13":"product-type-simple"},"acf":[],"_links":{"self":[{"href":"https:\/\/olemosaic.orbitalia.org\/fr\/wp-json\/wp\/v2\/product\/35585","targetHints":{"allow":["GET"]}}],"collection":[{"href":"https:\/\/olemosaic.orbitalia.org\/fr\/wp-json\/wp\/v2\/product"}],"about":[{"href":"https:\/\/olemosaic.orbitalia.org\/fr\/wp-json\/wp\/v2\/types\/product"}],"wp:featuredmedia":[{"embeddable":true,"href":"https:\/\/olemosaic.orbitalia.org\/fr\/wp-json\/wp\/v2\/media\/8684"}],"wp:attachment":[{"href":"https:\/\/olemosaic.orbitalia.org\/fr\/wp-json\/wp\/v2\/media?parent=35585"}],"wp:term":[{"taxonomy":"product_brand","embeddable":true,"href":"https:\/\/olemosaic.orbitalia.org\/fr\/wp-json\/wp\/v2\/product_brand?post=35585"},{"taxonomy":"product_cat","embeddable":true,"href":"https:\/\/olemosaic.orbitalia.org\/fr\/wp-json\/wp\/v2\/product_cat?post=35585"},{"taxonomy":"product_tag","embeddable":true,"href":"https:\/\/olemosaic.orbitalia.org\/fr\/wp-json\/wp\/v2\/product_tag?post=35585"}],"curies":[{"name":"wp","href":"https:\/\/api.w.org\/{rel}","templated":true}]}}