{"id":35584,"date":"2025-02-20T22:37:33","date_gmt":"2025-02-20T22:37:33","guid":{"rendered":"https:\/\/olemosaic.orbitalia.org\/producto\/cucharilla-de-metal-toro\/"},"modified":"2025-07-25T18:35:22","modified_gmt":"2025-07-25T16:35:22","slug":"petite-cuillere-en-metal-taureau","status":"publish","type":"product","link":"https:\/\/olemosaic.orbitalia.org\/fr\/produit\/petite-cuillere-en-metal-taureau\/","title":{"rendered":"Petite cuill\u00e8re en m\u00e9tal. Taureau."},"content":{"rendered":"<p>Nous vous pr\u00e9sentons la cuill\u00e8re en m\u00e9tal d\u00e9cor\u00e9e d&rsquo;un taureau color\u00e9, un v\u00e9ritable hommage \u00e0 la riche tradition culturelle espagnole. Cette petite cuill\u00e8re allie fonctionnalit\u00e9 et design artistique c\u00e9l\u00e9brant l&rsquo;un des symboles les plus embl\u00e9matiques de la culture espagnole : le taureau. La partie sup\u00e9rieure pr\u00e9sente une illustration vibrante inspir\u00e9e des mosa\u00efques, cr\u00e9ant une explosion de couleurs avec des bleus, des oranges, des verts et des rouges. Ce design moderne et d\u00e9taill\u00e9 met non seulement en valeur la figure du taureau de mani\u00e8re captivante, mais apporte \u00e9galement une touche contemporaine \u00e0 un objet du quotidien.<\/p>\n<p>Parfaite comme souvenir, cette petite cuill\u00e8re n&rsquo;est pas seulement un ustensile utile, mais aussi une pi\u00e8ce d\u00e9corative qui \u00e9voque la tradition taurine espagnole, emportant avec elle l&rsquo;essence des festivit\u00e9s et la passion que ce symbole repr\u00e9sente. Chaque cuill\u00e8re est \u00e9labor\u00e9e avec une attention particuli\u00e8re aux d\u00e9tails, garantissant sa durabilit\u00e9 et sa fonctionnalit\u00e9, ce qui en fait un cadeau id\u00e9al pour ceux qui souhaitent ramener un morceau de la culture espagnole chez eux.<\/p>\n<p>Chez Ol\u00e9 Mosaic, nous sommes fiers d&rsquo;\u00eatre des distributeurs de souvenirs authentiques, et cette petite cuill\u00e8re taureau est une excellente option pour les boutiques de cadeaux touristiques \u00e0 la recherche de produits refl\u00e9tant le patrimoine culturel espagnol. En tant que grossistes en souvenirs, nous fournissons des articles qui ajoutent de la valeur et du style \u00e0 l&rsquo;exp\u00e9rience d&rsquo;achat des touristes, la rendant v\u00e9ritablement m\u00e9morable.<\/p>\n","protected":false},"excerpt":{"rendered":"<p>Petite cuill\u00e8re en m\u00e9tal d\u00e9cor\u00e9e d&rsquo;un taureau color\u00e9, symbole embl\u00e9matique de la culture espagnole. La partie sup\u00e9rieure pr\u00e9sente un design inspir\u00e9 des mosa\u00efques aux tons vibrants de bleu, orange, vert et rouge, mettant en valeur la figure du taureau dans un style moderne et artistique. Id\u00e9ale comme souvenir repr\u00e9sentatif de la tradition taurine espagnole, cette cuill\u00e8re allie fonctionnalit\u00e9 et touche folklorique, ce qui en fait un cadeau unique et attrayant.<\/p>\n","protected":false},"featured_media":8683,"template":"","meta":{"_acf_changed":false},"product_brand":[],"product_cat":[802],"product_tag":[530],"class_list":{"0":"post-35584","1":"product","2":"type-product","3":"status-publish","4":"has-post-thumbnail","6":"product_cat-cuilleres","7":"product_tag-animaux","8":"pa_motivo-taureaux","10":"first","11":"instock","12":"shipping-taxable","13":"product-type-simple"},"acf":[],"_links":{"self":[{"href":"https:\/\/olemosaic.orbitalia.org\/fr\/wp-json\/wp\/v2\/product\/35584","targetHints":{"allow":["GET"]}}],"collection":[{"href":"https:\/\/olemosaic.orbitalia.org\/fr\/wp-json\/wp\/v2\/product"}],"about":[{"href":"https:\/\/olemosaic.orbitalia.org\/fr\/wp-json\/wp\/v2\/types\/product"}],"wp:featuredmedia":[{"embeddable":true,"href":"https:\/\/olemosaic.orbitalia.org\/fr\/wp-json\/wp\/v2\/media\/8683"}],"wp:attachment":[{"href":"https:\/\/olemosaic.orbitalia.org\/fr\/wp-json\/wp\/v2\/media?parent=35584"}],"wp:term":[{"taxonomy":"product_brand","embeddable":true,"href":"https:\/\/olemosaic.orbitalia.org\/fr\/wp-json\/wp\/v2\/product_brand?post=35584"},{"taxonomy":"product_cat","embeddable":true,"href":"https:\/\/olemosaic.orbitalia.org\/fr\/wp-json\/wp\/v2\/product_cat?post=35584"},{"taxonomy":"product_tag","embeddable":true,"href":"https:\/\/olemosaic.orbitalia.org\/fr\/wp-json\/wp\/v2\/product_tag?post=35584"}],"curies":[{"name":"wp","href":"https:\/\/api.w.org\/{rel}","templated":true}]}}