{"id":35578,"date":"2025-02-20T23:37:33","date_gmt":"2025-02-20T22:37:33","guid":{"rendered":"https:\/\/olemosaic.orbitalia.org\/producto\/4-bols-de-coco-de-13-x-6-cm-sardina-lisboa-13\/"},"modified":"2025-07-25T18:42:28","modified_gmt":"2025-07-25T16:42:28","slug":"4-bols-noix-de-coco-13-x-6-cm-sardine-lisbonne-13","status":"publish","type":"product","link":"https:\/\/olemosaic.orbitalia.org\/fr\/produit\/4-bols-noix-de-coco-13-x-6-cm-sardine-lisbonne-13\/","title":{"rendered":"Lot de 4 bols en noix de coco 13 x 6 cm. Sardine. Bleu, rose et dor\u00e9. Lisbonne."},"content":{"rendered":"<p>Cet ensemble de quatre bols en noix de coco d\u00e9cor\u00e9s de sardines color\u00e9es est le souvenir parfait pour \u00e9voquer la vibrante culture maritime de Lisbonne. Chaque bol, de 13 x 6 cm, pr\u00e9sente un design unique et artisanal qui souligne la beaut\u00e9 de l&rsquo;environnement de p\u00eache de la ville. Avec des taches brillantes dans des tons bleus, roses et dor\u00e9s, ces bols ne sont pas seulement visuellement attrayants, mais poss\u00e8dent \u00e9galement une finition impeccable qui refl\u00e8te la lumi\u00e8re de mani\u00e8re captivante.<\/p>\n<p>Le motif de la sardine est repr\u00e9sentatif du patrimoine culinaire de Lisbonne, o\u00f9 ce poisson est devenu un symbole tant de la gastronomie locale que de sa tradition de p\u00eache. Les bols sont id\u00e9aux pour servir des ap\u00e9ritifs lors d&rsquo;un d\u00eener ou comme \u00e9l\u00e9ments d\u00e9coratifs qui ajoutent une touche vibrante \u00e0 n&rsquo;importe quel espace. Cette collection captivante est une excellente option pour ceux qui recherchent des souvenirs capturant l&rsquo;essence de la ville.<\/p>\n<p>Chez Ol\u00e9 Mosaic, nous nous sp\u00e9cialisons dans la distribution de souvenirs en gros, offrant des produits authentiques qui c\u00e9l\u00e8brent la culture des destinations touristiques. Ces bols en noix de coco sont un choix incontournable pour les boutiques de cadeaux touristiques cherchant \u00e0 proposer des articles de qualit\u00e9 qui connectent les clients \u00e0 la riche histoire et aux traditions de Lisbonne.<\/p>\n","protected":false},"excerpt":{"rendered":"<p>Quatre bols en noix de coco de 13 x 6 cm, d\u00e9cor\u00e9s de sardines color\u00e9es inspir\u00e9es de l&rsquo;ambiance maritime de Lisbonne. Chaque bol pr\u00e9sente un design unique avec des taches dans des tons bleus, roses et dor\u00e9s, soulignant sa finition brillante et artisanale. Id\u00e9aux pour servir des ap\u00e9ritifs ou comme \u00e9l\u00e9ment d\u00e9coratif, ces bols apportent une touche vibrante et exotique, refl\u00e9tant la riche culture et la tradition de p\u00eache de la ville. Parfaits pour toute collection de souvenirs.<\/p>\n","protected":false},"featured_media":13957,"template":"","meta":{"_acf_changed":false},"product_brand":[],"product_cat":[521],"product_tag":[530],"class_list":{"0":"post-35578","1":"product","2":"type-product","3":"status-publish","4":"has-post-thumbnail","6":"product_cat-bols","7":"product_tag-animaux","8":"pa_ciudad-lisboa","9":"pa_motivo-sardines","10":"pa_pais-portugal","12":"first","13":"instock","14":"shipping-taxable","15":"product-type-simple"},"acf":[],"_links":{"self":[{"href":"https:\/\/olemosaic.orbitalia.org\/fr\/wp-json\/wp\/v2\/product\/35578","targetHints":{"allow":["GET"]}}],"collection":[{"href":"https:\/\/olemosaic.orbitalia.org\/fr\/wp-json\/wp\/v2\/product"}],"about":[{"href":"https:\/\/olemosaic.orbitalia.org\/fr\/wp-json\/wp\/v2\/types\/product"}],"wp:featuredmedia":[{"embeddable":true,"href":"https:\/\/olemosaic.orbitalia.org\/fr\/wp-json\/wp\/v2\/media\/13957"}],"wp:attachment":[{"href":"https:\/\/olemosaic.orbitalia.org\/fr\/wp-json\/wp\/v2\/media?parent=35578"}],"wp:term":[{"taxonomy":"product_brand","embeddable":true,"href":"https:\/\/olemosaic.orbitalia.org\/fr\/wp-json\/wp\/v2\/product_brand?post=35578"},{"taxonomy":"product_cat","embeddable":true,"href":"https:\/\/olemosaic.orbitalia.org\/fr\/wp-json\/wp\/v2\/product_cat?post=35578"},{"taxonomy":"product_tag","embeddable":true,"href":"https:\/\/olemosaic.orbitalia.org\/fr\/wp-json\/wp\/v2\/product_tag?post=35578"}],"curies":[{"name":"wp","href":"https:\/\/api.w.org\/{rel}","templated":true}]}}