{"id":35575,"date":"2025-02-20T23:37:32","date_gmt":"2025-02-20T22:37:32","guid":{"rendered":"https:\/\/olemosaic.orbitalia.org\/producto\/cortador-de-ceramica-salamandra-lanzarote-2\/"},"modified":"2025-07-25T18:37:22","modified_gmt":"2025-07-25T16:37:22","slug":"coupe-pizza-ceramique-salamandre-lanzarote-2","status":"publish","type":"product","link":"https:\/\/olemosaic.orbitalia.org\/fr\/produit\/coupe-pizza-ceramique-salamandre-lanzarote-2\/","title":{"rendered":"Coupe-pizza en c\u00e9ramique. Salamandre. Design Mosa\u00efque. Lanzarote."},"content":{"rendered":"<p>Coupe-pizza en c\u00e9ramique inspir\u00e9 de la faune de Lanzarote. Cet attrayant coupeur, con\u00e7u pour les amateurs de cuisine et de d\u00e9coration, pr\u00e9sente une mosa\u00efque captivante qui int\u00e8gre des l\u00e9zards color\u00e9s, repr\u00e9sentatifs de la faune unique de cette \u00eele canarienne. Fabriqu\u00e9 en c\u00e9ramique de haute qualit\u00e9, sa finition brillante fait ressortir les tons vibrants de rouge, bleu, vert et jaune, entrelac\u00e9s de d\u00e9licates fleurs d\u00e9coratives, cr\u00e9ant une pi\u00e8ce visuellement percutante. Sur la partie sup\u00e9rieure du coupeur, le nom \u00ab\u00a0Lanzarote\u00a0\u00bb est imprim\u00e9 avec des lettres joyeuses, soulignant le lien culturel avec l&rsquo;\u00eele et sa riche tradition artistique.<\/p>\n<p>Ce coupe-pizza en c\u00e9ramique n&rsquo;est pas seulement un outil utile dans n&rsquo;importe quelle cuisine, mais aussi un authentique souvenir de Lanzarote qui capture l&rsquo;essence de son paysage et de sa vie sauvage, en faisant un souvenir parfait de votre visite. La repr\u00e9sentation des l\u00e9zards et des fleurs refl\u00e8te la vitalit\u00e9 naturelle et l&rsquo;esth\u00e9tique color\u00e9e de l&rsquo;\u00eele, \u00e9tant une excellente option pour les touristes \u00e0 la recherche de souvenirs de qualit\u00e9. Chez Ol\u00e9 Mosaic, nous proposons ce coupeur en gros, id\u00e9al pour les boutiques de cadeaux touristiques souhaitant ajouter \u00e0 leur offre des articles alliant fonctionnalit\u00e9 et beaut\u00e9 culturelle.<\/p>\n","protected":false},"excerpt":{"rendered":"<p>Coupe-pizza en c\u00e9ramique inspir\u00e9 de la faune de Lanzarote, d\u00e9cor\u00e9 de l\u00e9zards color\u00e9s dans un design en mosa\u00efque. Ce produit, fabriqu\u00e9 en c\u00e9ramique, pr\u00e9sente une finition brillante avec des d\u00e9tails peints \u00e0 la main dans des tons vibrants de rouge, bleu, vert et jaune, accompagn\u00e9s de fleurs d\u00e9coratives. Il arbore le nom \u00ab\u00a0Lanzarote\u00a0\u00bb imprim\u00e9 en lettres voyantes, refl\u00e9tant la riche culture de l&rsquo;\u00eele et son esth\u00e9tique artistique particuli\u00e8re. Parfait pour ajouter une touche singuli\u00e8re \u00e0 toute cuisine ou collection.<\/p>\n","protected":false},"featured_media":13954,"template":"","meta":{"_acf_changed":false},"product_brand":[],"product_cat":[832],"product_tag":[530,585],"class_list":{"0":"post-35575","1":"product","2":"type-product","3":"status-publish","4":"has-post-thumbnail","6":"product_cat-emporte-pieces","7":"product_tag-animaux","8":"product_tag-ceramique","9":"pa_ciudad-lanzarote","10":"pa_motivo-salamandres","11":"pa_pais-espana","13":"first","14":"instock","15":"shipping-taxable","16":"product-type-simple"},"acf":[],"_links":{"self":[{"href":"https:\/\/olemosaic.orbitalia.org\/fr\/wp-json\/wp\/v2\/product\/35575","targetHints":{"allow":["GET"]}}],"collection":[{"href":"https:\/\/olemosaic.orbitalia.org\/fr\/wp-json\/wp\/v2\/product"}],"about":[{"href":"https:\/\/olemosaic.orbitalia.org\/fr\/wp-json\/wp\/v2\/types\/product"}],"wp:featuredmedia":[{"embeddable":true,"href":"https:\/\/olemosaic.orbitalia.org\/fr\/wp-json\/wp\/v2\/media\/13954"}],"wp:attachment":[{"href":"https:\/\/olemosaic.orbitalia.org\/fr\/wp-json\/wp\/v2\/media?parent=35575"}],"wp:term":[{"taxonomy":"product_brand","embeddable":true,"href":"https:\/\/olemosaic.orbitalia.org\/fr\/wp-json\/wp\/v2\/product_brand?post=35575"},{"taxonomy":"product_cat","embeddable":true,"href":"https:\/\/olemosaic.orbitalia.org\/fr\/wp-json\/wp\/v2\/product_cat?post=35575"},{"taxonomy":"product_tag","embeddable":true,"href":"https:\/\/olemosaic.orbitalia.org\/fr\/wp-json\/wp\/v2\/product_tag?post=35575"}],"curies":[{"name":"wp","href":"https:\/\/api.w.org\/{rel}","templated":true}]}}