{"id":35574,"date":"2025-02-20T23:37:32","date_gmt":"2025-02-20T22:37:32","guid":{"rendered":"https:\/\/olemosaic.orbitalia.org\/producto\/cortador-de-ceramica-salamandra-fuerteventura-2\/"},"modified":"2025-07-25T19:49:36","modified_gmt":"2025-07-25T17:49:36","slug":"coupe-pizza-ceramique-salamandre-fuerteventura-2","status":"publish","type":"product","link":"https:\/\/olemosaic.orbitalia.org\/fr\/produit\/coupe-pizza-ceramique-salamandre-fuerteventura-2\/","title":{"rendered":"Coupe-pizza en c\u00e9ramique. Salamandre. Fuerteventura."},"content":{"rendered":"<p>Ce coupe-pizza en c\u00e9ramique, inspir\u00e9 de la faune de Fuerteventura, est un cadeau parfait qui capture l&rsquo;essence vibrante des \u00eeles Canaries. Fabriqu\u00e9 en c\u00e9ramique de haute qualit\u00e9, cet objet pratique est non seulement fonctionnel, mais sert \u00e9galement de souvenir d\u00e9coratif fascinant. Son design se distingue par un d\u00e9ploiement color\u00e9 de joyeuses salamandres aux tons brillants, qui semblent prendre vie sur un fond blanc. Les d\u00e9tails peints \u00e0 la main garantissent que chaque pi\u00e8ce est unique, rehaussant la beaut\u00e9 de ces reptiles avec une finition brillante qui resplendit.<\/p>\n<p>Le motif central des salamandres, entour\u00e9 de mosa\u00efques multicolores et de fleurs, fait r\u00e9f\u00e9rence \u00e0 la riche biodiversit\u00e9 de Fuerteventura, o\u00f9 la faune autochtone fait partie int\u00e9grante du patrimoine naturel de l&rsquo;\u00eele. Ce coupeur n&rsquo;est pas seulement un ustensile de cuisine, mais devient \u00e9galement un rappel culturel d&rsquo;une destination touristique singuli\u00e8re, parfait pour ceux qui souhaitent emporter un fragment de la chaleur canarienne.<\/p>\n<p>Chez Ol\u00e9 Mosaic, en tant que distributeurs de souvenirs en c\u00e9ramique en gros, nous proposons ce coupe-pizza salamandre, qui est un excellent choix pour les boutiques de cadeaux touristiques. Son authenticit\u00e9 et son attrait visuel en font un cadeau id\u00e9al pour ceux qui recherchent un souvenir de Fuerteventura alliant qualit\u00e9 et pertinence culturelle.<\/p>\n","protected":false},"excerpt":{"rendered":"<p>Coupe-pizza en c\u00e9ramique inspir\u00e9 de la faune de Fuerteventura, d\u00e9cor\u00e9 de joyeuses salamandres dans une vari\u00e9t\u00e9 de couleurs. Ce design original, fabriqu\u00e9 en c\u00e9ramique de haute qualit\u00e9, pr\u00e9sente des d\u00e9tails peints \u00e0 la main avec une finition brillante qui souligne la beaut\u00e9 des reptiles. Le fond blanc, avec des mosa\u00efques multicolores et des fleurs, ajoute une touche vibrante, faisant de ce coupeur un souvenir parfait qui capture l&rsquo;essence canarienne.<\/p>\n","protected":false},"featured_media":13953,"template":"","meta":{"_acf_changed":false},"product_brand":[],"product_cat":[832],"product_tag":[530,585],"class_list":{"0":"post-35574","1":"product","2":"type-product","3":"status-publish","4":"has-post-thumbnail","6":"product_cat-emporte-pieces","7":"product_tag-animaux","8":"product_tag-ceramique","9":"pa_ciudad-fuerteventura","10":"pa_motivo-salamandres","11":"pa_pais-espana","13":"first","14":"instock","15":"shipping-taxable","16":"product-type-simple"},"acf":[],"_links":{"self":[{"href":"https:\/\/olemosaic.orbitalia.org\/fr\/wp-json\/wp\/v2\/product\/35574","targetHints":{"allow":["GET"]}}],"collection":[{"href":"https:\/\/olemosaic.orbitalia.org\/fr\/wp-json\/wp\/v2\/product"}],"about":[{"href":"https:\/\/olemosaic.orbitalia.org\/fr\/wp-json\/wp\/v2\/types\/product"}],"wp:featuredmedia":[{"embeddable":true,"href":"https:\/\/olemosaic.orbitalia.org\/fr\/wp-json\/wp\/v2\/media\/13953"}],"wp:attachment":[{"href":"https:\/\/olemosaic.orbitalia.org\/fr\/wp-json\/wp\/v2\/media?parent=35574"}],"wp:term":[{"taxonomy":"product_brand","embeddable":true,"href":"https:\/\/olemosaic.orbitalia.org\/fr\/wp-json\/wp\/v2\/product_brand?post=35574"},{"taxonomy":"product_cat","embeddable":true,"href":"https:\/\/olemosaic.orbitalia.org\/fr\/wp-json\/wp\/v2\/product_cat?post=35574"},{"taxonomy":"product_tag","embeddable":true,"href":"https:\/\/olemosaic.orbitalia.org\/fr\/wp-json\/wp\/v2\/product_tag?post=35574"}],"curies":[{"name":"wp","href":"https:\/\/api.w.org\/{rel}","templated":true}]}}