{"id":35551,"date":"2025-02-20T22:37:32","date_gmt":"2025-02-20T22:37:32","guid":{"rendered":"https:\/\/olemosaic.orbitalia.org\/producto\/cortador-de-ceramica-salamandra-lanzarote\/"},"modified":"2025-07-25T18:58:58","modified_gmt":"2025-07-25T16:58:58","slug":"coupe-pizza-ceramique-salamandre-lanzarote","status":"publish","type":"product","link":"https:\/\/olemosaic.orbitalia.org\/fr\/produit\/coupe-pizza-ceramique-salamandre-lanzarote\/","title":{"rendered":"Coupe-pizza en c\u00e9ramique. Salamandre. Lanzarote."},"content":{"rendered":"<p>Ce coupe-pizza d\u00e9coratif en c\u00e9ramique, inspir\u00e9 de la faune de Lanzarote, est une pi\u00e8ce unique qui fusionne fonctionnalit\u00e9 et art, en faisant un souvenir canarien exceptionnel. Son design vibrant pr\u00e9sente des salamandres color\u00e9es dans une vari\u00e9t\u00e9 de teintes, du bleu au rouge et du vert au jaune, intercal\u00e9es de fleurs d\u00e9licates qui ajoutent une touche fra\u00eeche et joyeuse. Le fond en mosa\u00efque, caract\u00e9ristique de l&rsquo;art local, \u00e9voque la riche biodiversit\u00e9 de Lanzarote et son paysage singulier. Id\u00e9al aussi bien pour un usage pratique en cuisine que pour d\u00e9corer la maison, ce coupe-pizza refl\u00e8te l&rsquo;esprit cr\u00e9atif de l&rsquo;\u00eele, o\u00f9 la c\u00e9ramique est devenue un symbole de l&rsquo;identit\u00e9 culturelle canarienne.<\/p>\n<p>En tant que souvenir de Lanzarote, ce coupe-pizza capture l&rsquo;essence de l&rsquo;\u00eele, une destination touristique embl\u00e9matique connue pour sa beaut\u00e9 naturelle et son riche h\u00e9ritage artistique. Chez Ol\u00e9 Mosaic, nous sommes fiers de proposer des souvenirs authentiques qui repr\u00e9sentent le meilleur de la tradition locale. Ce coupe-pizza en c\u00e9ramique est une excellente option pour les boutiques de cadeaux touristiques, attirant les touristes \u00e0 la recherche de souvenirs significatifs refl\u00e9tant leur exp\u00e9rience \u00e0 Lanzarote. Notre engagement en tant que distributeurs de souvenirs de qualit\u00e9 garantit que chaque pi\u00e8ce, comme ce coupe-pizza, c\u00e9l\u00e8bre l&rsquo;authenticit\u00e9 et la beaut\u00e9 de la culture canarienne.<\/p>\n","protected":false},"excerpt":{"rendered":"<p>Coupe-pizza d\u00e9coratif en c\u00e9ramique, inspir\u00e9 de la faune de Lanzarote, avec un design de salamandres et de fleurs color\u00e9es sur un fond de mosa\u00efque. Id\u00e9al pour un usage pratique et d\u00e9coratif, ce produit en c\u00e9ramique pr\u00e9sente une finition vibrante avec des d\u00e9tails en bleu, rouge, vert et jaune, capturant l&rsquo;essence de l&rsquo;art local et de la biodiversit\u00e9 de l&rsquo;archipel des Canaries. Un souvenir parfait pour se rappeler la beaut\u00e9 de Lanzarote.<\/p>\n","protected":false},"featured_media":13950,"template":"","meta":{"_acf_changed":false},"product_brand":[],"product_cat":[832],"product_tag":[530,585],"class_list":{"0":"post-35551","1":"product","2":"type-product","3":"status-publish","4":"has-post-thumbnail","6":"product_cat-emporte-pieces","7":"product_tag-animaux","8":"product_tag-ceramique","9":"pa_ciudad-lanzarote","10":"pa_motivo-salamandres","11":"pa_pais-espana","13":"first","14":"instock","15":"shipping-taxable","16":"product-type-simple"},"acf":[],"_links":{"self":[{"href":"https:\/\/olemosaic.orbitalia.org\/fr\/wp-json\/wp\/v2\/product\/35551","targetHints":{"allow":["GET"]}}],"collection":[{"href":"https:\/\/olemosaic.orbitalia.org\/fr\/wp-json\/wp\/v2\/product"}],"about":[{"href":"https:\/\/olemosaic.orbitalia.org\/fr\/wp-json\/wp\/v2\/types\/product"}],"wp:featuredmedia":[{"embeddable":true,"href":"https:\/\/olemosaic.orbitalia.org\/fr\/wp-json\/wp\/v2\/media\/13950"}],"wp:attachment":[{"href":"https:\/\/olemosaic.orbitalia.org\/fr\/wp-json\/wp\/v2\/media?parent=35551"}],"wp:term":[{"taxonomy":"product_brand","embeddable":true,"href":"https:\/\/olemosaic.orbitalia.org\/fr\/wp-json\/wp\/v2\/product_brand?post=35551"},{"taxonomy":"product_cat","embeddable":true,"href":"https:\/\/olemosaic.orbitalia.org\/fr\/wp-json\/wp\/v2\/product_cat?post=35551"},{"taxonomy":"product_tag","embeddable":true,"href":"https:\/\/olemosaic.orbitalia.org\/fr\/wp-json\/wp\/v2\/product_tag?post=35551"}],"curies":[{"name":"wp","href":"https:\/\/api.w.org\/{rel}","templated":true}]}}