{"id":35543,"date":"2025-02-20T22:37:31","date_gmt":"2025-02-20T22:37:31","guid":{"rendered":"https:\/\/olemosaic.orbitalia.org\/producto\/cortador-de-ceramica-salamandra-fuerteventura\/"},"modified":"2025-07-25T19:32:18","modified_gmt":"2025-07-25T17:32:18","slug":"coupe-pizza-ceramique-salamandre-fuerteventura","status":"publish","type":"product","link":"https:\/\/olemosaic.orbitalia.org\/fr\/produit\/coupe-pizza-ceramique-salamandre-fuerteventura\/","title":{"rendered":"Coupe-pizza en c\u00e9ramique. Salamandre. Fuerteventura."},"content":{"rendered":"<p>Ce coupe-pizza en c\u00e9ramique, d\u00e9cor\u00e9 d&rsquo;un design vibrant de salamandres et de fleurs, est un hommage \u00e0 la beaut\u00e9 naturelle de Fuerteventura. Fabriqu\u00e9 en c\u00e9ramique de haute qualit\u00e9, cet ustensile pratique pr\u00e9sente un style color\u00e9 et attrayant qui se distingue par ses motifs joyeux en mosa\u00efque, o\u00f9 se combinent des tons verts, bleus, orange et rouges. Le fond blanc simule une surface en mosa\u00efque, apportant une touche artistique et moderne qui renforce son attrait visuel. Sur cette composition color\u00e9e, le texte \u00ab\u00a0FUERTEVENTURA\u00a0\u00bb est situ\u00e9 dans la partie sup\u00e9rieure, ancrant le coupeur \u00e0 son origine insulaire et culturelle.<\/p>\n<p>Les salamandres, avec leur iconographie vibrante, repr\u00e9sentent ne solo la faune autochtone de Fuerteventura, mais aussi la riche biodiversit\u00e9 des \u00eeles Canaries. Ce coupeur n&rsquo;est pas seulement un outil de cuisine essentiel, mais aussi un souvenir attrayant qui \u00e9voque les traditions et l&rsquo;essence de l&rsquo;\u00eele. Id\u00e9al pour les touristes \u00e0 la recherche de souvenirs authentiques, ce produit est le reflet du patrimoine culturel et naturel de la r\u00e9gion. Chez Ol\u00e9 Mosaic, distributeur de souvenirs en gros, nous proposons ce coupe-pizza en c\u00e9ramique comme une excellente option pour les boutiques de cadeaux touristiques, garantissant que chaque pi\u00e8ce souligne le caract\u00e8re unique et artisanal de Fuerteventura.<\/p>\n","protected":false},"excerpt":{"rendered":"<p>Coupe-pizza en c\u00e9ramique d\u00e9cor\u00e9 d&rsquo;un design vibrant de salamandres et de fleurs inspir\u00e9 par Fuerteventura. Ce coupeur pratique, en c\u00e9ramique, pr\u00e9sente un style color\u00e9 avec des motifs en mosa\u00efque, combinant des tons verts, bleus, orange et rouges. Son fond blanc simule une mosa\u00efque, ajoutant une touche artistique. Dans la partie sup\u00e9rieure, l&rsquo;inscription \u00ab\u00a0FUERTEVENTURA\u00a0\u00bb compl\u00e8te ce souvenir qui \u00e9voque l&rsquo;essence et la beaut\u00e9 de l&rsquo;\u00eele.<\/p>\n","protected":false},"featured_media":13948,"template":"","meta":{"_acf_changed":false},"product_brand":[],"product_cat":[832],"product_tag":[530,585],"class_list":{"0":"post-35543","1":"product","2":"type-product","3":"status-publish","4":"has-post-thumbnail","6":"product_cat-emporte-pieces","7":"product_tag-animaux","8":"product_tag-ceramique","9":"pa_ciudad-fuerteventura","10":"pa_motivo-salamandres","11":"pa_pais-espana","13":"first","14":"instock","15":"shipping-taxable","16":"product-type-simple"},"acf":[],"_links":{"self":[{"href":"https:\/\/olemosaic.orbitalia.org\/fr\/wp-json\/wp\/v2\/product\/35543","targetHints":{"allow":["GET"]}}],"collection":[{"href":"https:\/\/olemosaic.orbitalia.org\/fr\/wp-json\/wp\/v2\/product"}],"about":[{"href":"https:\/\/olemosaic.orbitalia.org\/fr\/wp-json\/wp\/v2\/types\/product"}],"wp:featuredmedia":[{"embeddable":true,"href":"https:\/\/olemosaic.orbitalia.org\/fr\/wp-json\/wp\/v2\/media\/13948"}],"wp:attachment":[{"href":"https:\/\/olemosaic.orbitalia.org\/fr\/wp-json\/wp\/v2\/media?parent=35543"}],"wp:term":[{"taxonomy":"product_brand","embeddable":true,"href":"https:\/\/olemosaic.orbitalia.org\/fr\/wp-json\/wp\/v2\/product_brand?post=35543"},{"taxonomy":"product_cat","embeddable":true,"href":"https:\/\/olemosaic.orbitalia.org\/fr\/wp-json\/wp\/v2\/product_cat?post=35543"},{"taxonomy":"product_tag","embeddable":true,"href":"https:\/\/olemosaic.orbitalia.org\/fr\/wp-json\/wp\/v2\/product_tag?post=35543"}],"curies":[{"name":"wp","href":"https:\/\/api.w.org\/{rel}","templated":true}]}}