{"id":35542,"date":"2025-02-20T22:37:31","date_gmt":"2025-02-20T22:37:31","guid":{"rendered":"https:\/\/olemosaic.orbitalia.org\/producto\/cortador-de-ceramica-salamandra-y-flores-lanzarote\/"},"modified":"2025-07-25T18:37:24","modified_gmt":"2025-07-25T16:37:24","slug":"coupe-pizza-ceramique-salamandre-et-fleurs-lanzarote","status":"publish","type":"product","link":"https:\/\/olemosaic.orbitalia.org\/fr\/produit\/coupe-pizza-ceramique-salamandre-et-fleurs-lanzarote\/","title":{"rendered":"Coupe-pizza en c\u00e9ramique. Salamandre et fleurs. Lanzarote."},"content":{"rendered":"<p>Ce coupe-pizza en c\u00e9ramique, d\u00e9cor\u00e9 d&rsquo;un design vibrant de salamandres et de fleurs, est un reflet authentique de l&rsquo;art typique de Lanzarote. Avec une finition aux couleurs \u00e9clatantes, cet accessoire se distingue par ses formes en mosa\u00efque, \u00e9voquant la riche faune et flore de l&rsquo;\u00eele. Le fond gris fait ressortir parfaitement les d\u00e9tails en rouge, bleu et jaune, qui symbolisent le folklore local et la beaut\u00e9 naturelle de Lanzarote.<\/p>\n<p>Les salamandres, repr\u00e9sent\u00e9es dans un style graphique attrayant, donnent vie au coupeur, tandis que les fleurs ajoutent une touche de fra\u00eecheur et de couleur, en faisant une pi\u00e8ce fonctionnelle qui sert \u00e9galement d&rsquo;objet d\u00e9coratif. L&rsquo;inspiration claire des motifs canariens s&rsquo;observe dans le texte \u00ab\u00a0Lanzarote\u00a0\u00bb, qui ajoute un caract\u00e8re distinctif, faisant de ce coupeur un souvenir id\u00e9al pour les visiteurs qui cherchent \u00e0 emporter un morceau de l&rsquo;\u00eele.<\/p>\n<p>Ol\u00e9 Mosaic, en tant que distributeur de souvenirs en gros, propose ce produit comme une excellente option pour les boutiques de cadeaux touristiques cherchant \u00e0 ajouter de l&rsquo;authenticit\u00e9 et de la pertinence culturelle \u00e0 leur catalogue. Ce coupe-pizza en c\u00e9ramique ne symbolise pas seulement la culture de Lanzarote, mais repr\u00e9sente \u00e9galement un merveilleux souvenir, parfait pour les touristes qui souhaitent se souvenir de leur exp\u00e9rience sur cette \u00eele magnifique et vibrante.<\/p>\n","protected":false},"excerpt":{"rendered":"<p>Coupe-pizza en c\u00e9ramique d\u00e9cor\u00e9 d&rsquo;un design vibrant de salamandres et de fleurs, inspir\u00e9 par l&rsquo;art typique de Lanzarote. Cet accessoire pratique pr\u00e9sente une finition aux couleurs \u00e9clatantes et des formes en mosa\u00efque qui \u00e9voquent la riche faune et flore de l&rsquo;\u00eele. Le fond gris fait ressortir les d\u00e9tails en rouge, bleu et jaune, qui repr\u00e9sentent le folklore local, tandis que le texte \u00ab\u00a0Lanzarote\u00a0\u00bb ajoute une touche distinctive et attrayante pour les visiteurs. Id\u00e9al pour ajouter une touche canarienne \u00e0 vos ustensiles de cuisine.<\/p>\n","protected":false},"featured_media":13947,"template":"","meta":{"_acf_changed":false},"product_brand":[],"product_cat":[832],"product_tag":[530,585],"class_list":{"0":"post-35542","1":"product","2":"type-product","3":"status-publish","4":"has-post-thumbnail","6":"product_cat-emporte-pieces","7":"product_tag-animaux","8":"product_tag-ceramique","9":"pa_ciudad-lanzarote","10":"pa_motivo-salamandres","11":"pa_pais-espana","13":"first","14":"instock","15":"shipping-taxable","16":"product-type-simple"},"acf":[],"_links":{"self":[{"href":"https:\/\/olemosaic.orbitalia.org\/fr\/wp-json\/wp\/v2\/product\/35542","targetHints":{"allow":["GET"]}}],"collection":[{"href":"https:\/\/olemosaic.orbitalia.org\/fr\/wp-json\/wp\/v2\/product"}],"about":[{"href":"https:\/\/olemosaic.orbitalia.org\/fr\/wp-json\/wp\/v2\/types\/product"}],"wp:featuredmedia":[{"embeddable":true,"href":"https:\/\/olemosaic.orbitalia.org\/fr\/wp-json\/wp\/v2\/media\/13947"}],"wp:attachment":[{"href":"https:\/\/olemosaic.orbitalia.org\/fr\/wp-json\/wp\/v2\/media?parent=35542"}],"wp:term":[{"taxonomy":"product_brand","embeddable":true,"href":"https:\/\/olemosaic.orbitalia.org\/fr\/wp-json\/wp\/v2\/product_brand?post=35542"},{"taxonomy":"product_cat","embeddable":true,"href":"https:\/\/olemosaic.orbitalia.org\/fr\/wp-json\/wp\/v2\/product_cat?post=35542"},{"taxonomy":"product_tag","embeddable":true,"href":"https:\/\/olemosaic.orbitalia.org\/fr\/wp-json\/wp\/v2\/product_tag?post=35542"}],"curies":[{"name":"wp","href":"https:\/\/api.w.org\/{rel}","templated":true}]}}