{"id":35540,"date":"2025-02-20T22:37:31","date_gmt":"2025-02-20T22:37:31","guid":{"rendered":"https:\/\/olemosaic.orbitalia.org\/producto\/cortador-de-ceramica-mariposa-lanzarote\/"},"modified":"2025-07-25T18:56:22","modified_gmt":"2025-07-25T16:56:22","slug":"coupe-pizza-ceramique-papillon-lanzarote","status":"publish","type":"product","link":"https:\/\/olemosaic.orbitalia.org\/fr\/produit\/coupe-pizza-ceramique-papillon-lanzarote\/","title":{"rendered":"Coupe-pizza en c\u00e9ramique. Papillon. Lanzarote."},"content":{"rendered":"<p>Ce coupe-pizza en c\u00e9ramique, d\u00e9cor\u00e9 d&rsquo;un design vibrant de papillons et de fleurs, est un v\u00e9ritable hommage \u00e0 l&rsquo;artisanat color\u00e9 de Lanzarote. Fabriqu\u00e9 en c\u00e9ramique de haute qualit\u00e9, il est non seulement fonctionnel, mais aussi une pi\u00e8ce d\u00e9corative qui ajoute une touche artistique \u00e0 n&rsquo;importe quelle cuisine. Sa finition brillante souligne les illustrations complexes de papillons, qui symbolisent la beaut\u00e9 et la diversit\u00e9 naturelle de l&rsquo;\u00eele, ainsi que les motifs floraux color\u00e9s qui \u00e9voquent la flore locale. Les tons bleus, jaunes, orange et rouges qui pr\u00e9dominent dans son design refl\u00e8tent la chaleur du soleil et le paysage vibrant de Lanzarote.<\/p>\n<p>Dans la partie sup\u00e9rieure du coupeur, le mot \u00ab\u00a0Lanzarote\u00a0\u00bb est \u00e9l\u00e9gamment imprim\u00e9, compl\u00e9tant parfaitement les illustrations et renfor\u00e7ant sa connexion culturelle avec cette belle \u00eele canarienne. Ce souvenir est id\u00e9al pour les touristes qui cherchent \u00e0 ramener chez eux un morceau de la culture insulaire et un souvenir de leur voyage. Chez Ol\u00e9 Mosaic, en tant que grossistes de cadeaux touristiques, nous garantissons l&rsquo;authenticit\u00e9 et la qualit\u00e9 de nos produits, faisant de ce coupe-pizza en c\u00e9ramique une excellente option pour les boutiques proposant des souvenirs de Lanzarote et d&rsquo;autres souvenirs canariens uniques.<\/p>\n","protected":false},"excerpt":{"rendered":"<p>Coupe-pizza en c\u00e9ramique d\u00e9cor\u00e9 d&rsquo;un design vibrant de papillons et de fleurs, inspir\u00e9 par l&rsquo;artisanat color\u00e9 de Lanzarote. Cet article, fabriqu\u00e9 en c\u00e9ramique de haute qualit\u00e9, pr\u00e9sente une finition brillante avec des d\u00e9tails en mosa\u00efque, mettant en valeur les tons bleus, jaunes, orange et rouges. Le mot \u00ab\u00a0Lanzarote\u00a0\u00bb est imprim\u00e9 sur la partie sup\u00e9rieure, compl\u00e9tant parfaitement les illustrations des papillons, qui symbolisent la beaut\u00e9 de l&rsquo;\u00eele. Id\u00e9al pour ajouter une touche artistique \u00e0 n&rsquo;importe quelle cuisine.<\/p>\n","protected":false},"featured_media":13945,"template":"","meta":{"_acf_changed":false},"product_brand":[],"product_cat":[832],"product_tag":[530,585],"class_list":{"0":"post-35540","1":"product","2":"type-product","3":"status-publish","4":"has-post-thumbnail","6":"product_cat-emporte-pieces","7":"product_tag-animaux","8":"product_tag-ceramique","9":"pa_ciudad-lanzarote","10":"pa_motivo-papillons","11":"pa_pais-espana","13":"first","14":"instock","15":"shipping-taxable","16":"product-type-simple"},"acf":[],"_links":{"self":[{"href":"https:\/\/olemosaic.orbitalia.org\/fr\/wp-json\/wp\/v2\/product\/35540","targetHints":{"allow":["GET"]}}],"collection":[{"href":"https:\/\/olemosaic.orbitalia.org\/fr\/wp-json\/wp\/v2\/product"}],"about":[{"href":"https:\/\/olemosaic.orbitalia.org\/fr\/wp-json\/wp\/v2\/types\/product"}],"wp:featuredmedia":[{"embeddable":true,"href":"https:\/\/olemosaic.orbitalia.org\/fr\/wp-json\/wp\/v2\/media\/13945"}],"wp:attachment":[{"href":"https:\/\/olemosaic.orbitalia.org\/fr\/wp-json\/wp\/v2\/media?parent=35540"}],"wp:term":[{"taxonomy":"product_brand","embeddable":true,"href":"https:\/\/olemosaic.orbitalia.org\/fr\/wp-json\/wp\/v2\/product_brand?post=35540"},{"taxonomy":"product_cat","embeddable":true,"href":"https:\/\/olemosaic.orbitalia.org\/fr\/wp-json\/wp\/v2\/product_cat?post=35540"},{"taxonomy":"product_tag","embeddable":true,"href":"https:\/\/olemosaic.orbitalia.org\/fr\/wp-json\/wp\/v2\/product_tag?post=35540"}],"curies":[{"name":"wp","href":"https:\/\/api.w.org\/{rel}","templated":true}]}}