{"id":35527,"date":"2025-02-20T22:37:30","date_gmt":"2025-02-20T22:37:30","guid":{"rendered":"https:\/\/olemosaic.orbitalia.org\/producto\/cortador-de-ceramica-gato-fuerteventura\/"},"modified":"2025-07-25T18:37:21","modified_gmt":"2025-07-25T16:37:21","slug":"coupe-pizza-ceramique-chat-fuerteventura","status":"publish","type":"product","link":"https:\/\/olemosaic.orbitalia.org\/fr\/produit\/coupe-pizza-ceramique-chat-fuerteventura\/","title":{"rendered":"Coupe-pizza en c\u00e9ramique. Chat. Fuerteventura."},"content":{"rendered":"<p>Ce coupe-pizza en c\u00e9ramique, d\u00e9cor\u00e9 d&rsquo;un design vibrant de chats, est un souvenir exclusif de Fuerteventura qui se distingue par son coloris et son originalit\u00e9. Fabriqu\u00e9 avec une c\u00e9ramique de haute qualit\u00e9, cet accessoire pr\u00e9sente un motif attrayant de plusieurs chats dans des tons frappants, tels que le bleu, l&rsquo;orange et le vert, qui refl\u00e8tent la joie et la vitalit\u00e9 de l&rsquo;art canarien. Entour\u00e9s de charmants papillons, les chats sont dispos\u00e9s sur un fond de trencad\u00eds, une technique artisanale typique de l&rsquo;\u00eele qui \u00e9voque la riche tradition de la mosa\u00efque de la r\u00e9gion.<\/p>\n<p>Le design n&rsquo;est pas seulement visuellement percutant, il capture \u00e9galement l&rsquo;essence de la faune locale et la relation des Canariens avec leurs animaux de compagnie, ce qui fait de ce coupe-pizza un cadeau parfait pour ceux qui recherchent un souvenir authentique et repr\u00e9sentatif de Fuerteventura. Sa fonctionnalit\u00e9 en fait un article id\u00e9al pour n&rsquo;importe quel foyer, tandis que son esth\u00e9tique garantit qu&rsquo;il sera un objet remarqu\u00e9 dans la cuisine ou la d\u00e9coration.<\/p>\n<p>Chez Ol\u00e9 Mosaic, nous nous sp\u00e9cialisons dans la distribution de souvenirs en gros, offrant des produits qui sont le reflet fid\u00e8le de la culture locale. Ce coupe-pizza en c\u00e9ramique est une excellente option pour les boutiques de cadeaux touristiques \u00e0 la recherche d&rsquo;articles authentiques et attrayants. En int\u00e9grant ce souvenir de Fuerteventura dans votre offre, vous pourrez ravir vos clients avec une pi\u00e8ce qui fusionne art, fonctionnalit\u00e9 et tradition.<\/p>\n","protected":false},"excerpt":{"rendered":"<p>Coupe-pizza en c\u00e9ramique d\u00e9cor\u00e9 d&rsquo;un design vibrant de chats, inspir\u00e9 du style mosa\u00efque typique de Fuerteventura. Cet accessoire color\u00e9 pr\u00e9sente plusieurs chats dans des tons frappants comme le bleu, l&rsquo;orange et le vert, entour\u00e9s de papillons, le tout sur un fond de trencad\u00eds qui \u00e9voque la riche tradition artisanale de l&rsquo;\u00eele. Id\u00e9al pour ceux qui recherchent un souvenir unique capturant l&rsquo;essence de l&rsquo;art canarien.<\/p>\n","protected":false},"featured_media":13942,"template":"","meta":{"_acf_changed":false},"product_brand":[],"product_cat":[832],"product_tag":[530,585],"class_list":{"0":"post-35527","1":"product","2":"type-product","3":"status-publish","4":"has-post-thumbnail","6":"product_cat-emporte-pieces","7":"product_tag-animaux","8":"product_tag-ceramique","9":"pa_ciudad-fuerteventura","10":"pa_motivo-chats","11":"pa_pais-espana","13":"first","14":"instock","15":"shipping-taxable","16":"product-type-simple"},"acf":[],"_links":{"self":[{"href":"https:\/\/olemosaic.orbitalia.org\/fr\/wp-json\/wp\/v2\/product\/35527","targetHints":{"allow":["GET"]}}],"collection":[{"href":"https:\/\/olemosaic.orbitalia.org\/fr\/wp-json\/wp\/v2\/product"}],"about":[{"href":"https:\/\/olemosaic.orbitalia.org\/fr\/wp-json\/wp\/v2\/types\/product"}],"wp:featuredmedia":[{"embeddable":true,"href":"https:\/\/olemosaic.orbitalia.org\/fr\/wp-json\/wp\/v2\/media\/13942"}],"wp:attachment":[{"href":"https:\/\/olemosaic.orbitalia.org\/fr\/wp-json\/wp\/v2\/media?parent=35527"}],"wp:term":[{"taxonomy":"product_brand","embeddable":true,"href":"https:\/\/olemosaic.orbitalia.org\/fr\/wp-json\/wp\/v2\/product_brand?post=35527"},{"taxonomy":"product_cat","embeddable":true,"href":"https:\/\/olemosaic.orbitalia.org\/fr\/wp-json\/wp\/v2\/product_cat?post=35527"},{"taxonomy":"product_tag","embeddable":true,"href":"https:\/\/olemosaic.orbitalia.org\/fr\/wp-json\/wp\/v2\/product_tag?post=35527"}],"curies":[{"name":"wp","href":"https:\/\/api.w.org\/{rel}","templated":true}]}}