{"id":35498,"date":"2025-02-20T23:37:27","date_gmt":"2025-02-20T22:37:27","guid":{"rendered":"https:\/\/olemosaic.orbitalia.org\/producto\/4-bols-de-coco-de-13-x-6-cm-caballito-de-mar-mallorca-5\/"},"modified":"2025-07-25T19:06:04","modified_gmt":"2025-07-25T17:06:04","slug":"4-bols-en-coco-13-x-6-cm-hippocampe-majorque","status":"publish","type":"product","link":"https:\/\/olemosaic.orbitalia.org\/fr\/produit\/4-bols-en-coco-13-x-6-cm-hippocampe-majorque\/","title":{"rendered":"4 Bols en coco de 13 x 6 cm. Mosa\u00efque. Hippocampe. Majorque."},"content":{"rendered":"<p>Cet ensemble de quatre bols en coco, de 13 x 6 cm, est un t\u00e9moignage vibrant du folklore bal\u00e9are, orn\u00e9 d&rsquo;\u00e9l\u00e9gants motifs d&rsquo;hippocampes qui \u00e9voquent la beaut\u00e9 marine de Majorque. Chaque bol, peint \u00e0 la main, pr\u00e9sente des tons brillants et \u00e9clatants : un bleu profond, un rouge vibrant, un orange chaud et un rose d\u00e9licat, qui cr\u00e9ent ensemble une explosion de couleurs qui illuminera n&rsquo;importe quelle table ou coin de votre maison. Le design en mosa\u00efque qui encadre les hippocampes ne renforce pas seulement son attrait visuel, mais connecte \u00e9galement les touristes \u00e0 la riche tradition artisanale de l&rsquo;\u00eele.<\/p>\n<p>Ces bols ne sont pas seulement des ustensiles pour servir des ap\u00e9ritifs ; ce sont de v\u00e9ritables pi\u00e8ces d\u00e9coratives qui transportent un petit morceau de l&rsquo;essence majorquine. Id\u00e9aux pour ceux qui recherchent des souvenirs de Majorque \u00e0 la fois fonctionnels et esth\u00e9tiquement plaisants, chaque bol devient un rappel tangible des magnifiques plages et du charme de la mer M\u00e9diterran\u00e9e. Chez Ol\u00e9 Mosaic, nous nous sp\u00e9cialisons dans la distribution de souvenirs en gros et cet ensemble de bols en coco est parfait pour les boutiques de cadeaux touristiques souhaitant offrir \u00e0 leurs clients des souvenirs authentiques et significatifs de la culture locale. En choisissant ces bols, on n&rsquo;opte pas seulement pour un produit attrayant, mais aussi pour un lien culturel qui c\u00e9l\u00e8bre le riche h\u00e9ritage de Majorque.<\/p>\n","protected":false},"excerpt":{"rendered":"<p>Ensemble de quatre bols en coco de 13 x 6 cm, d\u00e9cor\u00e9s de motifs d&rsquo;hippocampes, repr\u00e9sentatifs de la beaut\u00e9 marine de Majorque. Chaque bol pr\u00e9sente une couleur vibrante : bleu, rouge, orange et rose, compl\u00e9t\u00e9e par un design en mosa\u00efque qui rehausse son attrait. Finis \u00e0 la main, ces bols sont id\u00e9aux pour servir des ap\u00e9ritifs ou comme \u00e9l\u00e9ment d\u00e9coratif, emportant avec eux un morceau du charmant folklore bal\u00e9are.<\/p>\n","protected":false},"featured_media":13928,"template":"","meta":{"_acf_changed":false},"product_brand":[],"product_cat":[521],"product_tag":[530],"class_list":{"0":"post-35498","1":"product","2":"type-product","3":"status-publish","4":"has-post-thumbnail","6":"product_cat-bols","7":"product_tag-animaux","8":"pa_ciudad-mallorca","9":"pa_motivo-hippocampes","10":"pa_pais-espana","12":"first","13":"instock","14":"shipping-taxable","15":"product-type-simple"},"acf":[],"_links":{"self":[{"href":"https:\/\/olemosaic.orbitalia.org\/fr\/wp-json\/wp\/v2\/product\/35498","targetHints":{"allow":["GET"]}}],"collection":[{"href":"https:\/\/olemosaic.orbitalia.org\/fr\/wp-json\/wp\/v2\/product"}],"about":[{"href":"https:\/\/olemosaic.orbitalia.org\/fr\/wp-json\/wp\/v2\/types\/product"}],"wp:featuredmedia":[{"embeddable":true,"href":"https:\/\/olemosaic.orbitalia.org\/fr\/wp-json\/wp\/v2\/media\/13928"}],"wp:attachment":[{"href":"https:\/\/olemosaic.orbitalia.org\/fr\/wp-json\/wp\/v2\/media?parent=35498"}],"wp:term":[{"taxonomy":"product_brand","embeddable":true,"href":"https:\/\/olemosaic.orbitalia.org\/fr\/wp-json\/wp\/v2\/product_brand?post=35498"},{"taxonomy":"product_cat","embeddable":true,"href":"https:\/\/olemosaic.orbitalia.org\/fr\/wp-json\/wp\/v2\/product_cat?post=35498"},{"taxonomy":"product_tag","embeddable":true,"href":"https:\/\/olemosaic.orbitalia.org\/fr\/wp-json\/wp\/v2\/product_tag?post=35498"}],"curies":[{"name":"wp","href":"https:\/\/api.w.org\/{rel}","templated":true}]}}