{"id":35496,"date":"2025-02-20T23:37:27","date_gmt":"2025-02-20T22:37:27","guid":{"rendered":"https:\/\/olemosaic.orbitalia.org\/producto\/4-bols-de-coco-de-13-x-6-cm-mano-4\/"},"modified":"2025-07-25T18:44:37","modified_gmt":"2025-07-25T16:44:37","slug":"4-bols-en-coco-13-x-6-cm-main-de-fatma","status":"publish","type":"product","link":"https:\/\/olemosaic.orbitalia.org\/fr\/produit\/4-bols-en-coco-13-x-6-cm-main-de-fatma\/","title":{"rendered":"4 Bols en coco de 13 x 6 cm. Hamsa. Main de Fatma."},"content":{"rendered":"<p>Cet ensemble de 4 bols en coco est un exemple exquis de l&rsquo;artisanat m\u00e9diterran\u00e9en, parfait pour ajouter une touche de couleur et de culture \u00e0 n&rsquo;importe quel espace. Chaque bol, aux dimensions de 13 x 6 cm, a \u00e9t\u00e9 fabriqu\u00e9 de mani\u00e8re artisanale selon des techniques traditionnelles qui mettent en valeur la beaut\u00e9 naturelle du coco, cr\u00e9ant une texture unique aussi agr\u00e9able au toucher qu&rsquo;\u00e0 l&rsquo;\u0153il. De chaque pi\u00e8ce \u00e9mergent des couleurs vibrantes, telles que des bleus profonds, des oranges chauds et des dor\u00e9s resplendissants, tous orn\u00e9s du symbole iconique de la main de Fatma, qui repr\u00e9sente la protection et la bonne fortune dans la culture m\u00e9diterran\u00e9enne.<\/p>\n<p>Ces bols ne sont pas seulement fonctionnels pour servir des ap\u00e9ritifs ou des collations, ils servent \u00e9galement d&rsquo;\u00e9l\u00e9ments d\u00e9coratifs captivants sur des \u00e9tag\u00e8res, des tables ou des centres de table. Leur design tr\u00e8s sp\u00e9cial en fait un cadeau ou un souvenir fabuleux d&rsquo;une exp\u00e9rience culturelle.<\/p>\n<p>Chez Ol\u00e9 Mosaic, nous sommes fiers d&rsquo;offrir des souvenirs authentiques qui encapsulent l&rsquo;h\u00e9ritage artisanal de la r\u00e9gion. Cet ensemble de bols en coco est parfait pour les boutiques de cadeaux touristiques cherchant \u00e0 ajouter de la valeur \u00e0 leur offre avec des produits uniques et repr\u00e9sentatifs. En tant que distributeurs de souvenirs en gros, nous garantissons qualit\u00e9 et authenticit\u00e9, offrant aux touristes une pi\u00e8ce m\u00e9morable qui c\u00e9l\u00e8bre l&rsquo;art et la culture m\u00e9diterran\u00e9enne.<\/p>\n","protected":false},"excerpt":{"rendered":"<p>Ensemble de 4 bols en coco de 13 x 6 cm, fabriqu\u00e9s \u00e0 la main avec une technique artisanale qui rehausse la beaut\u00e9 naturelle du mat\u00e9riau. Chaque bol pr\u00e9sente une combinaison vibrante de couleurs, incluant des bleus, des oranges et des dor\u00e9s, orn\u00e9s du symbole de la main de Fatma. Leur design unique et distinctif en fait un \u00e9l\u00e9ment d\u00e9coratif id\u00e9al pour tout espace, apportant une touche de culture et de style. Parfaits pour servir des ap\u00e9ritifs ou comme pi\u00e8ces d\u00e9coratives.<\/p>\n","protected":false},"featured_media":13926,"template":"","meta":{"_acf_changed":false},"product_brand":[],"product_cat":[521],"product_tag":[],"class_list":{"0":"post-35496","1":"product","2":"type-product","3":"status-publish","4":"has-post-thumbnail","6":"product_cat-bols","7":"pa_motivo-mains","9":"first","10":"instock","11":"shipping-taxable","12":"product-type-simple"},"acf":[],"_links":{"self":[{"href":"https:\/\/olemosaic.orbitalia.org\/fr\/wp-json\/wp\/v2\/product\/35496","targetHints":{"allow":["GET"]}}],"collection":[{"href":"https:\/\/olemosaic.orbitalia.org\/fr\/wp-json\/wp\/v2\/product"}],"about":[{"href":"https:\/\/olemosaic.orbitalia.org\/fr\/wp-json\/wp\/v2\/types\/product"}],"wp:featuredmedia":[{"embeddable":true,"href":"https:\/\/olemosaic.orbitalia.org\/fr\/wp-json\/wp\/v2\/media\/13926"}],"wp:attachment":[{"href":"https:\/\/olemosaic.orbitalia.org\/fr\/wp-json\/wp\/v2\/media?parent=35496"}],"wp:term":[{"taxonomy":"product_brand","embeddable":true,"href":"https:\/\/olemosaic.orbitalia.org\/fr\/wp-json\/wp\/v2\/product_brand?post=35496"},{"taxonomy":"product_cat","embeddable":true,"href":"https:\/\/olemosaic.orbitalia.org\/fr\/wp-json\/wp\/v2\/product_cat?post=35496"},{"taxonomy":"product_tag","embeddable":true,"href":"https:\/\/olemosaic.orbitalia.org\/fr\/wp-json\/wp\/v2\/product_tag?post=35496"}],"curies":[{"name":"wp","href":"https:\/\/api.w.org\/{rel}","templated":true}]}}