{"id":35494,"date":"2025-02-20T23:37:27","date_gmt":"2025-02-20T22:37:27","guid":{"rendered":"https:\/\/olemosaic.orbitalia.org\/producto\/4-bols-de-coco-de-13-x-6-cm-mariposa-4\/"},"modified":"2025-07-25T19:53:42","modified_gmt":"2025-07-25T17:53:42","slug":"4-bols-en-coco-13-x-6-cm-papillon","status":"publish","type":"product","link":"https:\/\/olemosaic.orbitalia.org\/fr\/produit\/4-bols-en-coco-13-x-6-cm-papillon\/","title":{"rendered":"4 Bols en coco de 13 x 6 cm. Papillon."},"content":{"rendered":"<p>Cet ensemble de 4 bols en coco de 13 x 6 cm est une pi\u00e8ce unique alliant fonctionnalit\u00e9 et esth\u00e9tique, parfaite pour toutes les ambiances. Chaque bol est m\u00e9ticuleusement d\u00e9cor\u00e9 d&rsquo;un \u00e9l\u00e9gant motif de papillon, soulignant son attrait visuel et son lien avec la nature. Les couleurs vibrantes \u2014 bleu, rouge, orange et dor\u00e9 \u2014 apportent une \u00e9nergie joyeuse et sophistiqu\u00e9e, tandis que la texture du coco ajoute une dimension naturelle et rustique \u00e0 chaque pi\u00e8ce. La technique de peinture \u00e0 la main garantit une finition artisanale, ce qui signifie que chaque bol est v\u00e9ritablement singulier, avec des nuances et des d\u00e9tails refl\u00e9tant le talent des artisans qui les cr\u00e9ent.<\/p>\n<p>La d\u00e9coupe d\u00e9licate du papillon au centre de chaque bol n&rsquo;est pas seulement esth\u00e9tique, elle symbolise \u00e9galement les transformations et les nouveaux d\u00e9parts, des aspects profond\u00e9ment ancr\u00e9s dans la culture de diff\u00e9rentes r\u00e9gions. Ces bols sont id\u00e9aux pour servir des ap\u00e9ritifs lors de r\u00e9unions ou comme \u00e9l\u00e9ment d\u00e9coratif \u00e9l\u00e9gant qui apportera une touche exotique \u00e0 tout int\u00e9rieur. Par leur authenticit\u00e9 et leur qualit\u00e9, cet ensemble devient un souvenir repr\u00e9sentatif du riche h\u00e9ritage artisanal que l&rsquo;on trouve dans diverses cultures. Chez Ol\u00e9 Mosaic, nous sommes fiers de proposer des souvenirs qui ne sont pas seulement beaux, mais qui racontent aussi des histoires, et cet ensemble de bols en coco est un choix exceptionnel pour les boutiques de cadeaux touristiques \u00e0 la recherche de produits authentiques et culturellement significatifs.<\/p>\n","protected":false},"excerpt":{"rendered":"<p>Ensemble de 4 bols en coco de 13 x 6 cm, d\u00e9cor\u00e9s d&rsquo;un \u00e9l\u00e9gant motif de papillon. Chaque bol pr\u00e9sente une finition aux couleurs vibrantes : bleu, rouge, orange et dor\u00e9, soulignant sa texture unique. La technique de peinture \u00e0 la main garantit une touche artisanale, tandis que la d\u00e9coupe d\u00e9licate du papillon au centre ajoute un attrait distinctif. Id\u00e9aux pour servir des ap\u00e9ritifs ou comme \u00e9l\u00e9ment d\u00e9coratif \u00e9l\u00e9gant, ces bols refl\u00e8tent la beaut\u00e9 naturelle et l&rsquo;art traditionnel.<\/p>\n","protected":false},"featured_media":13924,"template":"","meta":{"_acf_changed":false},"product_brand":[],"product_cat":[521],"product_tag":[530],"class_list":{"0":"post-35494","1":"product","2":"type-product","3":"status-publish","4":"has-post-thumbnail","6":"product_cat-bols","7":"product_tag-animaux","8":"pa_motivo-papillons","10":"first","11":"instock","12":"shipping-taxable","13":"product-type-simple"},"acf":[],"_links":{"self":[{"href":"https:\/\/olemosaic.orbitalia.org\/fr\/wp-json\/wp\/v2\/product\/35494","targetHints":{"allow":["GET"]}}],"collection":[{"href":"https:\/\/olemosaic.orbitalia.org\/fr\/wp-json\/wp\/v2\/product"}],"about":[{"href":"https:\/\/olemosaic.orbitalia.org\/fr\/wp-json\/wp\/v2\/types\/product"}],"wp:featuredmedia":[{"embeddable":true,"href":"https:\/\/olemosaic.orbitalia.org\/fr\/wp-json\/wp\/v2\/media\/13924"}],"wp:attachment":[{"href":"https:\/\/olemosaic.orbitalia.org\/fr\/wp-json\/wp\/v2\/media?parent=35494"}],"wp:term":[{"taxonomy":"product_brand","embeddable":true,"href":"https:\/\/olemosaic.orbitalia.org\/fr\/wp-json\/wp\/v2\/product_brand?post=35494"},{"taxonomy":"product_cat","embeddable":true,"href":"https:\/\/olemosaic.orbitalia.org\/fr\/wp-json\/wp\/v2\/product_cat?post=35494"},{"taxonomy":"product_tag","embeddable":true,"href":"https:\/\/olemosaic.orbitalia.org\/fr\/wp-json\/wp\/v2\/product_tag?post=35494"}],"curies":[{"name":"wp","href":"https:\/\/api.w.org\/{rel}","templated":true}]}}