{"id":35486,"date":"2025-02-20T23:37:26","date_gmt":"2025-02-20T22:37:26","guid":{"rendered":"https:\/\/olemosaic.orbitalia.org\/producto\/4-bols-de-coco-de-13-x-6-cm-ibiscus-5\/"},"modified":"2025-07-25T19:37:55","modified_gmt":"2025-07-25T17:37:55","slug":"4-bols-en-noix-de-coco-de-13-x-6-cm-hibiscus-5","status":"publish","type":"product","link":"https:\/\/olemosaic.orbitalia.org\/fr\/produit\/4-bols-en-noix-de-coco-de-13-x-6-cm-hibiscus-5\/","title":{"rendered":"4 Bols en noix de coco de 13 x 6 cm. Motif hibiscus. Hibiscus."},"content":{"rendered":"<p>Cet ensemble de 4 bols en noix de coco est un v\u00e9ritable bijou artisanal qui irradie l&rsquo;esprit tropical, id\u00e9al pour n&rsquo;importe quelle table. Chaque bol, d&rsquo;une taille de 13 x 6 cm, pr\u00e9sente un design unique, m\u00e9ticuleusement d\u00e9cor\u00e9 de tons vibrants allant du bleu intense au rouge et \u00e0 l&rsquo;orange chaud, capturant l&rsquo;essence des paysages naturels vibrants. La forme organique des bols souligne la texture authentique de la noix de coco, offrant une exp\u00e9rience visuelle et tactile sans pareille. Au centre de chaque bol, une \u00e9l\u00e9gante fleur d&rsquo;hibiscus brille, symbole tropical qui ajoute une touche exotique et attrayante.<\/p>\n<p>La connexion culturelle de ces bols avec la tradition artisanale locale en fait le souvenir parfait pour ceux qui cherchent \u00e0 emporter un morceau de la richesse culturelle de la r\u00e9gion. Id\u00e9aux pour servir des ap\u00e9ritifs, des fruits ou m\u00eame comme \u00e9l\u00e9ments d\u00e9coratifs, ces bols sont polyvalents et fonctionnels, apportant une touche de couleur et de style \u00e0 toute occasion. Chez Ol\u00e9 Mosaic, notre engagement en tant que grossiste de souvenirs refl\u00e8te notre d\u00e9vouement \u00e0 offrir des produits authentiques et de qualit\u00e9 qui captivent les touristes et les amoureux de la culture. Cet ensemble de bols en noix de coco est une option exceptionnelle pour les boutiques de cadeaux touristiques souhaitant se d\u00e9marquer dans leur offre.<\/p>\n","protected":false},"excerpt":{"rendered":"<p>Ensemble de 4 bols en noix de coco de 13 x 6 cm, d\u00e9cor\u00e9s de motifs inspir\u00e9s de l&rsquo;hibiscus. Chaque bol pr\u00e9sente un design unique dans des tons vibrants allant du bleu au rouge et \u00e0 l&rsquo;orange, avec une finition brillante qui souligne sa forme organique. Les motifs complexes imitent la texture naturelle de la noix de coco et sont orn\u00e9s d&rsquo;une fleur d&rsquo;hibiscus au centre, cr\u00e9ant une pi\u00e8ce id\u00e9ale pour donner une touche tropicale \u00e0 n&rsquo;importe quelle table. Parfaits pour servir des ap\u00e9ritifs ou comme \u00e9l\u00e9ment d\u00e9coratif.<\/p>\n","protected":false},"featured_media":13921,"template":"","meta":{"_acf_changed":false},"product_brand":[],"product_cat":[521],"product_tag":[],"class_list":{"0":"post-35486","1":"product","2":"type-product","3":"status-publish","4":"has-post-thumbnail","6":"product_cat-bols","7":"pa_motivo-hibiscus","9":"first","10":"instock","11":"shipping-taxable","12":"product-type-simple"},"acf":[],"_links":{"self":[{"href":"https:\/\/olemosaic.orbitalia.org\/fr\/wp-json\/wp\/v2\/product\/35486","targetHints":{"allow":["GET"]}}],"collection":[{"href":"https:\/\/olemosaic.orbitalia.org\/fr\/wp-json\/wp\/v2\/product"}],"about":[{"href":"https:\/\/olemosaic.orbitalia.org\/fr\/wp-json\/wp\/v2\/types\/product"}],"wp:featuredmedia":[{"embeddable":true,"href":"https:\/\/olemosaic.orbitalia.org\/fr\/wp-json\/wp\/v2\/media\/13921"}],"wp:attachment":[{"href":"https:\/\/olemosaic.orbitalia.org\/fr\/wp-json\/wp\/v2\/media?parent=35486"}],"wp:term":[{"taxonomy":"product_brand","embeddable":true,"href":"https:\/\/olemosaic.orbitalia.org\/fr\/wp-json\/wp\/v2\/product_brand?post=35486"},{"taxonomy":"product_cat","embeddable":true,"href":"https:\/\/olemosaic.orbitalia.org\/fr\/wp-json\/wp\/v2\/product_cat?post=35486"},{"taxonomy":"product_tag","embeddable":true,"href":"https:\/\/olemosaic.orbitalia.org\/fr\/wp-json\/wp\/v2\/product_tag?post=35486"}],"curies":[{"name":"wp","href":"https:\/\/api.w.org\/{rel}","templated":true}]}}