{"id":35458,"date":"2025-02-20T23:37:26","date_gmt":"2025-02-20T22:37:26","guid":{"rendered":"https:\/\/olemosaic.orbitalia.org\/producto\/4-bols-de-coco-de-13-x-6-cm-ibiscus-4\/"},"modified":"2025-07-25T18:44:54","modified_gmt":"2025-07-25T16:44:54","slug":"4-bols-en-noix-de-coco-de-13-x-6-cm-hibiscus-4","status":"publish","type":"product","link":"https:\/\/olemosaic.orbitalia.org\/fr\/produit\/4-bols-en-noix-de-coco-de-13-x-6-cm-hibiscus-4\/","title":{"rendered":"4 Bols en noix de coco de 13 x 6 cm. Motif c\u0153urs. Hibiscus."},"content":{"rendered":"<p>Cet ensemble de quatre bols en noix de coco d\u00e9cor\u00e9s de motifs d&rsquo;hibiscus est un exemple vibrant et color\u00e9 d&rsquo;artisanat tropical. Avec 13 cm de diam\u00e8tre et 6 cm de hauteur, chaque bol arbore un design peint \u00e0 la main dans des couleurs intenses : bleu, rouge, jaune et fuchsia. Au centre, un d\u00e9licat hibiscus, symbole de beaut\u00e9 et de d\u00e9licatesse, est entour\u00e9 de joyeux motifs de c\u0153urs qui cr\u00e9ent un contraste visuel charmant.<\/p>\n<p>La texture naturelle de la noix de coco apporte une touche authentique et rustique, soulignant le lien avec la culture artisanale des r\u00e9gions tropicales. La finition brillante non seulement embellit le produit, mais en fait \u00e9galement une excellente option tant pour servir des ap\u00e9ritifs que pour d\u00e9corer n&rsquo;importe quel foyer, ajoutant un air festif et joyeux \u00e0 toute occasion.<\/p>\n<p>Cet ensemble de bols est un souvenir id\u00e9al qui capture l&rsquo;essence estivale des c\u00f4tes m\u00e9diterran\u00e9ennes. Son design unique en fait un cadeau parfait pour ceux qui cherchent \u00e0 ramener chez eux un morceau de la culture locale. Chez Ol\u00e9 Mosaic, nous sommes des distributeurs de souvenirs authentiques et de qualit\u00e9, parfaits pour les boutiques de cadeaux touristiques qui souhaitent proposer des produits repr\u00e9sentatifs du riche h\u00e9ritage culturel de l&rsquo;Espagne et du Portugal. Ces bols en noix de coco sont une option exceptionnelle pour attirer les clients \u00e0 la recherche de souvenirs m\u00e9morables et de caract\u00e8re.<\/p>\n","protected":false},"excerpt":{"rendered":"<p>Ensemble de 4 bols en noix de coco de 13 x 6 cm, d\u00e9cor\u00e9s de motifs d&rsquo;hibiscus. Chaque bol pr\u00e9sente des couleurs vibrantes : bleu, rouge, jaune et fuchsia, avec un design artisanal, peint \u00e0 la main, qui met en valeur le d\u00e9licat hibiscus au centre. La texture naturelle de la noix de coco apporte une touche authentique, tandis que la finition brillante et les motifs de c\u0153urs tout autour cr\u00e9ent un contraste attrayant et festif. Id\u00e9aux pour servir des ap\u00e9ritifs ou comme \u00e9l\u00e9ments d\u00e9coratifs dans n&rsquo;importe quel foyer.<\/p>\n","protected":false},"featured_media":13918,"template":"","meta":{"_acf_changed":false},"product_brand":[],"product_cat":[521],"product_tag":[],"class_list":{"0":"post-35458","1":"product","2":"type-product","3":"status-publish","4":"has-post-thumbnail","6":"product_cat-bols","7":"pa_motivo-hibiscus","9":"first","10":"instock","11":"shipping-taxable","12":"product-type-simple"},"acf":[],"_links":{"self":[{"href":"https:\/\/olemosaic.orbitalia.org\/fr\/wp-json\/wp\/v2\/product\/35458","targetHints":{"allow":["GET"]}}],"collection":[{"href":"https:\/\/olemosaic.orbitalia.org\/fr\/wp-json\/wp\/v2\/product"}],"about":[{"href":"https:\/\/olemosaic.orbitalia.org\/fr\/wp-json\/wp\/v2\/types\/product"}],"wp:featuredmedia":[{"embeddable":true,"href":"https:\/\/olemosaic.orbitalia.org\/fr\/wp-json\/wp\/v2\/media\/13918"}],"wp:attachment":[{"href":"https:\/\/olemosaic.orbitalia.org\/fr\/wp-json\/wp\/v2\/media?parent=35458"}],"wp:term":[{"taxonomy":"product_brand","embeddable":true,"href":"https:\/\/olemosaic.orbitalia.org\/fr\/wp-json\/wp\/v2\/product_brand?post=35458"},{"taxonomy":"product_cat","embeddable":true,"href":"https:\/\/olemosaic.orbitalia.org\/fr\/wp-json\/wp\/v2\/product_cat?post=35458"},{"taxonomy":"product_tag","embeddable":true,"href":"https:\/\/olemosaic.orbitalia.org\/fr\/wp-json\/wp\/v2\/product_tag?post=35458"}],"curies":[{"name":"wp","href":"https:\/\/api.w.org\/{rel}","templated":true}]}}