{"id":35454,"date":"2025-02-20T23:37:25","date_gmt":"2025-02-20T22:37:25","guid":{"rendered":"https:\/\/olemosaic.orbitalia.org\/producto\/4-bols-de-coco-de-13-x-6-cm-toro-2\/"},"modified":"2025-07-25T20:25:12","modified_gmt":"2025-07-25T18:25:12","slug":"4-bols-en-noix-de-coco-de-13-x-6-cm-taureau-2","status":"publish","type":"product","link":"https:\/\/olemosaic.orbitalia.org\/fr\/produit\/4-bols-en-noix-de-coco-de-13-x-6-cm-taureau-2\/","title":{"rendered":"4 Bols en noix de coco de 13 x 6 cm. Bleu, rose, jaune et lilas. Taureau."},"content":{"rendered":"<p>Cet ensemble de quatre bols en noix de coco, d\u00e9cor\u00e9s du symbole embl\u00e9matique du taureau espagnol, est un produit qui fusionne tradition et artisanat en une pi\u00e8ce unique, id\u00e9ale pour tout amateur de culture espagnole. Chaque bol, de 13 x 6 cm, pr\u00e9sente un design vibrant et color\u00e9, rehauss\u00e9 par une finition brillante qui souligne sa forme arrondie. Les d\u00e9tails en bleu, rose, jaune et lilas apportent une touche joyeuse et festive, tandis que les motifs \u00e0 pois dans divers tons donnent vie \u00e0 la surface, transformant chaque bol en une petite \u0153uvre d&rsquo;art.<\/p>\n<p>Au centre de chaque bol se trouve la repr\u00e9sentation du taureau, imprim\u00e9e dans un ton marron chaud, \u00e9voquant la passion et le folklore qui entourent cet animal embl\u00e9matique, fondamental dans la culture espagnole. Cet ensemble est non seulement fonctionnel, id\u00e9al pour servir des ap\u00e9ritifs, mais aussi parfait comme \u00e9l\u00e9ment d\u00e9coratif qui ajoute une touche authentique \u00e0 n&rsquo;importe quel foyer. En tant que souvenir d&rsquo;Espagne, chaque bol capture l&rsquo;essence de son riche h\u00e9ritage culturel, en faisant un souvenir repr\u00e9sentatif qui ravira les touristes \u00e0 la recherche d&rsquo;un morceau d&rsquo;Espagne.<\/p>\n<p>Chez Ol\u00e9 Mosaic, nous nous sp\u00e9cialisons dans la distribution de souvenirs en gros, offrant des produits authentiques qui refl\u00e8tent la tradition et la beaut\u00e9 de l&rsquo;Espagne. Cet ensemble de bols en noix de coco est une excellente option pour les boutiques de cadeaux touristiques \u00e0 la recherche d&rsquo;articles exclusifs et culturels. En tant que grossistes en souvenirs, nous garantissons la qualit\u00e9 et l&rsquo;authenticit\u00e9 de chacun de nos produits.<\/p>\n","protected":false},"excerpt":{"rendered":"<p>Ensemble de 4 bols en noix de coco de 13 x 6 cm d\u00e9cor\u00e9s d&rsquo;un symbole iconique du folklore espagnol : le taureau. Chaque bol pr\u00e9sente un design unique avec des d\u00e9tails color\u00e9s en bleu, rose, jaune et lilas, rehauss\u00e9s par une finition brillante qui souligne sa forme arrondie. Les motifs \u00e0 pois aux tons vari\u00e9s apportent une touche vibrante, tandis que l&rsquo;image du taureau, imprim\u00e9e dans un ton marron chaud, incorpore un aspect culturel distinctif, id\u00e9al pour servir des ap\u00e9ritifs ou comme \u00e9l\u00e9ment d\u00e9coratif.<\/p>\n","protected":false},"featured_media":13914,"template":"","meta":{"_acf_changed":false},"product_brand":[],"product_cat":[521],"product_tag":[530],"class_list":{"0":"post-35454","1":"product","2":"type-product","3":"status-publish","4":"has-post-thumbnail","6":"product_cat-bols","7":"product_tag-animaux","8":"pa_motivo-taureaux","10":"first","11":"instock","12":"shipping-taxable","13":"product-type-simple"},"acf":[],"_links":{"self":[{"href":"https:\/\/olemosaic.orbitalia.org\/fr\/wp-json\/wp\/v2\/product\/35454","targetHints":{"allow":["GET"]}}],"collection":[{"href":"https:\/\/olemosaic.orbitalia.org\/fr\/wp-json\/wp\/v2\/product"}],"about":[{"href":"https:\/\/olemosaic.orbitalia.org\/fr\/wp-json\/wp\/v2\/types\/product"}],"wp:featuredmedia":[{"embeddable":true,"href":"https:\/\/olemosaic.orbitalia.org\/fr\/wp-json\/wp\/v2\/media\/13914"}],"wp:attachment":[{"href":"https:\/\/olemosaic.orbitalia.org\/fr\/wp-json\/wp\/v2\/media?parent=35454"}],"wp:term":[{"taxonomy":"product_brand","embeddable":true,"href":"https:\/\/olemosaic.orbitalia.org\/fr\/wp-json\/wp\/v2\/product_brand?post=35454"},{"taxonomy":"product_cat","embeddable":true,"href":"https:\/\/olemosaic.orbitalia.org\/fr\/wp-json\/wp\/v2\/product_cat?post=35454"},{"taxonomy":"product_tag","embeddable":true,"href":"https:\/\/olemosaic.orbitalia.org\/fr\/wp-json\/wp\/v2\/product_tag?post=35454"}],"curies":[{"name":"wp","href":"https:\/\/api.w.org\/{rel}","templated":true}]}}