{"id":35453,"date":"2025-02-20T23:37:25","date_gmt":"2025-02-20T22:37:25","guid":{"rendered":"https:\/\/olemosaic.orbitalia.org\/producto\/4-bols-de-coco-de-13-x-6-cm-ibiscus-3\/"},"modified":"2025-07-25T20:36:21","modified_gmt":"2025-07-25T18:36:21","slug":"4-bols-en-noix-de-coco-de-13-x-6-cm-hibiscus-3","status":"publish","type":"product","link":"https:\/\/olemosaic.orbitalia.org\/fr\/produit\/4-bols-en-noix-de-coco-de-13-x-6-cm-hibiscus-3\/","title":{"rendered":"Lot de 4 bols en noix de coco de 13 x 6 cm. Bleu, rouge, orange et rose. Hibiscus."},"content":{"rendered":"<p>Cet ensemble de 4 bols en noix de coco d\u00e9cor\u00e9s de motifs d&rsquo;hibiscus est le choix id\u00e9al pour ceux qui cherchent \u00e0 ajouter une touche exotique et color\u00e9e \u00e0 leur table. Chaque bol, de 13 x 6 cm, est m\u00e9ticuleusement fabriqu\u00e9 \u00e0 partir de mat\u00e9riaux naturels, ce qui garantit son authenticit\u00e9 et sa singularit\u00e9. Les couleurs vives de ces bols varient entre le bleu, le rouge, l&rsquo;orange et le rose, cr\u00e9ant un attrait visuel qui \u00e9voque la beaut\u00e9 tropicale. Au centre de chaque bol, un \u00e9l\u00e9gant motif de fleur d&rsquo;hibiscus, peint \u00e0 la main, souligne l&rsquo;artisanat et le soin apport\u00e9 \u00e0 chaque d\u00e9tail.<\/p>\n<p>La technique employ\u00e9e met en valeur aussi bien la texture de la noix de coco que la palette de couleurs vibrantes, transformant ces bols en un hommage \u00e0 la nature et \u00e0 sa splendeur. Id\u00e9aux pour pr\u00e9senter des fruits, des ap\u00e9ritifs ou m\u00eame comme d\u00e9coration, ils sont parfaits pour toutes les occasions, d&rsquo;un d\u00eener \u00e9l\u00e9gant \u00e0 une r\u00e9union informelle. Ils repr\u00e9sentent l&rsquo;essence de la culture tropicale, \u00e9tant un souvenir authentique qui refl\u00e8te la richesse des traditions locales.<\/p>\n<p>Chez Ol\u00e9 Mosaic, nous nous sp\u00e9cialisons dans la distribution de souvenirs en gros, et cet ensemble de bols est une excellente option pour les boutiques de cadeaux touristiques qui cherchent \u00e0 proposer des produits distinctifs et de qualit\u00e9. En tant que grossiste de bols en noix de coco, nous garantissons que chaque pi\u00e8ce est non seulement fonctionnelle, mais aussi un \u00e9l\u00e9ment d\u00e9coratif qui attire les touristes en qu\u00eate de souvenirs authentiques.<\/p>\n","protected":false},"excerpt":{"rendered":"<p>Ensemble de 4 bols en noix de coco de 13 x 6 cm d\u00e9cor\u00e9s de motifs d&rsquo;hibiscus. Chaque bol, fabriqu\u00e9 en mat\u00e9riau naturel, pr\u00e9sente une couleur vibrante variant entre le bleu, le rouge, l&rsquo;orange et le rose, avec un \u00e9l\u00e9gant motif de fleur d&rsquo;hibiscus au centre. La technique employ\u00e9e inclut des d\u00e9tails peints \u00e0 la main qui apportent une touche artisanale, id\u00e9ale pour pr\u00e9senter des fruits ou des ap\u00e9ritifs en toute occasion. Un hommage \u00e0 la beaut\u00e9 et aux couleurs naturelles, parfait pour ajouter une touche exotique \u00e0 votre table.<\/p>\n","protected":false},"featured_media":13913,"template":"","meta":{"_acf_changed":false},"product_brand":[],"product_cat":[521],"product_tag":[],"class_list":{"0":"post-35453","1":"product","2":"type-product","3":"status-publish","4":"has-post-thumbnail","6":"product_cat-bols","7":"pa_motivo-hibiscus","9":"first","10":"instock","11":"shipping-taxable","12":"product-type-simple"},"acf":[],"_links":{"self":[{"href":"https:\/\/olemosaic.orbitalia.org\/fr\/wp-json\/wp\/v2\/product\/35453","targetHints":{"allow":["GET"]}}],"collection":[{"href":"https:\/\/olemosaic.orbitalia.org\/fr\/wp-json\/wp\/v2\/product"}],"about":[{"href":"https:\/\/olemosaic.orbitalia.org\/fr\/wp-json\/wp\/v2\/types\/product"}],"wp:featuredmedia":[{"embeddable":true,"href":"https:\/\/olemosaic.orbitalia.org\/fr\/wp-json\/wp\/v2\/media\/13913"}],"wp:attachment":[{"href":"https:\/\/olemosaic.orbitalia.org\/fr\/wp-json\/wp\/v2\/media?parent=35453"}],"wp:term":[{"taxonomy":"product_brand","embeddable":true,"href":"https:\/\/olemosaic.orbitalia.org\/fr\/wp-json\/wp\/v2\/product_brand?post=35453"},{"taxonomy":"product_cat","embeddable":true,"href":"https:\/\/olemosaic.orbitalia.org\/fr\/wp-json\/wp\/v2\/product_cat?post=35453"},{"taxonomy":"product_tag","embeddable":true,"href":"https:\/\/olemosaic.orbitalia.org\/fr\/wp-json\/wp\/v2\/product_tag?post=35453"}],"curies":[{"name":"wp","href":"https:\/\/api.w.org\/{rel}","templated":true}]}}