{"id":35452,"date":"2025-02-20T23:37:25","date_gmt":"2025-02-20T22:37:25","guid":{"rendered":"https:\/\/olemosaic.orbitalia.org\/producto\/4-bols-de-coco-de-13-x-6-cm-ibiscus-2\/"},"modified":"2025-07-25T20:13:37","modified_gmt":"2025-07-25T18:13:37","slug":"4-bols-en-noix-de-coco-de-13-x-6-cm-hibiscus-2","status":"publish","type":"product","link":"https:\/\/olemosaic.orbitalia.org\/fr\/produit\/4-bols-en-noix-de-coco-de-13-x-6-cm-hibiscus-2\/","title":{"rendered":"Lot de 4 bols en noix de coco de 13 x 6 cm. Bleu, rose, jaune et blanc. Hibiscus."},"content":{"rendered":"<p>Cet ensemble de 4 bols en noix de coco est un exemple parfait de la fusion entre art et fonctionnalit\u00e9. Chaque bol, d&rsquo;une dimension de 13 x 6 cm, est m\u00e9ticuleusement d\u00e9cor\u00e9 de motifs vibrants d&rsquo;hibiscus, qui capturent l&rsquo;essence des paysages tropicaux. Les tons bleus, roses, jaunes et blancs se combinent pour \u00e9voquer la fra\u00eecheur et les couleurs des environnements naturels et de la culture des r\u00e9gions c\u00f4ti\u00e8res. Fabriqu\u00e9s \u00e0 la main, ces bols pr\u00e9sentent une finition polie et brillante, qui rehausse leur attrait visuel et leur conf\u00e8re une touche exotique, id\u00e9ale pour n&rsquo;importe quel foyer.<\/p>\n<p>Leur design arrondi offre une grande polyvalence, permettant de les utiliser aussi bien pour servir des ap\u00e9ritifs que pour orner des tables et des \u00e9tag\u00e8res, apportant un air joyeux et tropical \u00e0 n&rsquo;importe quel espace. Chaque bol est unique, gr\u00e2ce \u00e0 la nature artisanale de sa production, ce qui affirme son authenticit\u00e9 en tant que souvenir typique.<\/p>\n<p>Ces bols en noix de coco ne sont pas seulement d&rsquo;excellents cadeaux pour les touristes \u00e0 la recherche de souvenirs culturels, mais ils sont \u00e9galement id\u00e9aux comme souvenirs pour les d\u00e9corations estivales. Chez Ol\u00e9 Mosaic, votre distributeur de souvenirs en gros, nous proposons des produits authentiques qui refl\u00e8tent la richesse culturelle de leurs r\u00e9gions d&rsquo;origine, garantissant qualit\u00e9 et originalit\u00e9 dans chaque pi\u00e8ce.<\/p>\n","protected":false},"excerpt":{"rendered":"<p>Ensemble de 4 bols en noix de coco de 13 x 6 cm, d\u00e9cor\u00e9s de motifs d&rsquo;hibiscus. Chaque bol se distingue par son design unique et vibrant, avec des finitions dans des tons bleus, roses, jaunes et blancs, \u00e9voquant la fra\u00eecheur des paysages tropicaux. Fabriqu\u00e9s \u00e0 la main, ces bols pr\u00e9sentent une finition polie et brillante, id\u00e9aux pour servir des ap\u00e9ritifs ou comme \u00e9l\u00e9ment d\u00e9coratif dans n&rsquo;importe quel foyer. Leur forme arrondie et leur design color\u00e9 apportent une touche exotique et joyeuse.<\/p>\n","protected":false},"featured_media":13912,"template":"","meta":{"_acf_changed":false},"product_brand":[],"product_cat":[521],"product_tag":[],"class_list":{"0":"post-35452","1":"product","2":"type-product","3":"status-publish","4":"has-post-thumbnail","6":"product_cat-bols","7":"pa_motivo-hibiscus","9":"first","10":"instock","11":"shipping-taxable","12":"product-type-simple"},"acf":[],"_links":{"self":[{"href":"https:\/\/olemosaic.orbitalia.org\/fr\/wp-json\/wp\/v2\/product\/35452","targetHints":{"allow":["GET"]}}],"collection":[{"href":"https:\/\/olemosaic.orbitalia.org\/fr\/wp-json\/wp\/v2\/product"}],"about":[{"href":"https:\/\/olemosaic.orbitalia.org\/fr\/wp-json\/wp\/v2\/types\/product"}],"wp:featuredmedia":[{"embeddable":true,"href":"https:\/\/olemosaic.orbitalia.org\/fr\/wp-json\/wp\/v2\/media\/13912"}],"wp:attachment":[{"href":"https:\/\/olemosaic.orbitalia.org\/fr\/wp-json\/wp\/v2\/media?parent=35452"}],"wp:term":[{"taxonomy":"product_brand","embeddable":true,"href":"https:\/\/olemosaic.orbitalia.org\/fr\/wp-json\/wp\/v2\/product_brand?post=35452"},{"taxonomy":"product_cat","embeddable":true,"href":"https:\/\/olemosaic.orbitalia.org\/fr\/wp-json\/wp\/v2\/product_cat?post=35452"},{"taxonomy":"product_tag","embeddable":true,"href":"https:\/\/olemosaic.orbitalia.org\/fr\/wp-json\/wp\/v2\/product_tag?post=35452"}],"curies":[{"name":"wp","href":"https:\/\/api.w.org\/{rel}","templated":true}]}}