{"id":35449,"date":"2025-02-20T23:37:24","date_gmt":"2025-02-20T22:37:24","guid":{"rendered":"https:\/\/olemosaic.orbitalia.org\/producto\/colgador-de-ceramica-sardinas-mosaico-3\/"},"modified":"2025-07-25T19:13:35","modified_gmt":"2025-07-25T17:13:35","slug":"suspension-en-ceramique-sardines-mosaique-3","status":"publish","type":"product","link":"https:\/\/olemosaic.orbitalia.org\/fr\/produit\/suspension-en-ceramique-sardines-mosaique-3\/","title":{"rendered":"Suspension en c\u00e9ramique. Sardines. Mosa\u00efque"},"content":{"rendered":"<p>Cette suspension en c\u00e9ramique en forme de sardine est un charmant souvenir qui \u00e9voque l&rsquo;esprit m\u00e9diterran\u00e9en vibrant, parfait pour ajouter une touche d\u00e9corative \u00e0 votre maison. Fabriqu\u00e9e en c\u00e9ramique et peinte \u00e0 la main, chaque pi\u00e8ce pr\u00e9sente une mosa\u00efque color\u00e9e combinant des tons bleus, jaunes et rouges, capturant la riche tradition de la poterie espagnole. Avec ses d\u00e9tails m\u00e9ticuleusement con\u00e7us, la sardine se distingue par sa forme \u00e9l\u00e9gante et sa finition brillante, qui rehausse la beaut\u00e9 des motifs inspir\u00e9s du folklore marin, rappelant les c\u00f4tes pittoresques de l&rsquo;Espagne.<\/p>\n<p>Cette suspension n&rsquo;est pas seulement fonctionnelle, car elle permet un acc\u00e8s facile \u00e0 vos accessoires personnels, mais elle sert \u00e9galement d&rsquo;\u00e9l\u00e9ment d\u00e9coratif qui embellit n&rsquo;importe quel espace. Le choix de la figure de la sardine r\u00e9sonne avec la culture c\u00f4ti\u00e8re espagnole, o\u00f9 ce poisson est un symbole de la gastronomie typique et du mode de vie m\u00e9diterran\u00e9en, \u00e9tant un composant essentiel de nombreuses c\u00e9l\u00e9brations locales. Id\u00e9al pour les amateurs de d\u00e9coration ethnique, ce souvenir devient un v\u00e9ritable tr\u00e9sor qui capture l&rsquo;essence de la c\u00f4te.<\/p>\n<p>Chez Ol\u00e9 Mosaic, sp\u00e9cialis\u00e9s dans la distribution de souvenirs en gros, nous proposons des produits qui c\u00e9l\u00e8brent le riche h\u00e9ritage culturel de l&rsquo;Espagne. Cette suspension en c\u00e9ramique est une excellente option pour les boutiques de cadeaux touristiques qui recherchent des articles distinctifs et significatifs, s&rsquo;imposant comme un article incontournable pour ceux qui souhaitent emporter un morceau de la culture m\u00e9diterran\u00e9enne.<\/p>\n","protected":false},"excerpt":{"rendered":"<p>Suspension en c\u00e9ramique en forme de sardine, id\u00e9ale pour d\u00e9corer votre maison avec une touche m\u00e9diterran\u00e9enne. Fabriqu\u00e9e en c\u00e9ramique avec un design artisanal, peinte \u00e0 la main, elle pr\u00e9sente une mosa\u00efque color\u00e9e combinant des tons bleus, jaunes et rouges, \u00e9voquant la riche tradition de la poterie espagnole. Ce souvenir authentique repr\u00e9sente la culture c\u00f4ti\u00e8re et permet de garder vos accessoires \u00e0 port\u00e9e de main, tout en embellissant n&rsquo;importe quel espace. Parfait pour les amateurs de d\u00e9coration ethnique.<\/p>\n","protected":false},"featured_media":11243,"template":"","meta":{"_acf_changed":false},"product_brand":[],"product_cat":[791],"product_tag":[530,585],"class_list":{"0":"post-35449","1":"product","2":"type-product","3":"status-publish","4":"has-post-thumbnail","6":"product_cat-pateres","7":"product_tag-animaux","8":"product_tag-ceramique","9":"pa_motivo-sardines","11":"first","12":"instock","13":"shipping-taxable","14":"product-type-simple"},"acf":[],"_links":{"self":[{"href":"https:\/\/olemosaic.orbitalia.org\/fr\/wp-json\/wp\/v2\/product\/35449","targetHints":{"allow":["GET"]}}],"collection":[{"href":"https:\/\/olemosaic.orbitalia.org\/fr\/wp-json\/wp\/v2\/product"}],"about":[{"href":"https:\/\/olemosaic.orbitalia.org\/fr\/wp-json\/wp\/v2\/types\/product"}],"wp:featuredmedia":[{"embeddable":true,"href":"https:\/\/olemosaic.orbitalia.org\/fr\/wp-json\/wp\/v2\/media\/11243"}],"wp:attachment":[{"href":"https:\/\/olemosaic.orbitalia.org\/fr\/wp-json\/wp\/v2\/media?parent=35449"}],"wp:term":[{"taxonomy":"product_brand","embeddable":true,"href":"https:\/\/olemosaic.orbitalia.org\/fr\/wp-json\/wp\/v2\/product_brand?post=35449"},{"taxonomy":"product_cat","embeddable":true,"href":"https:\/\/olemosaic.orbitalia.org\/fr\/wp-json\/wp\/v2\/product_cat?post=35449"},{"taxonomy":"product_tag","embeddable":true,"href":"https:\/\/olemosaic.orbitalia.org\/fr\/wp-json\/wp\/v2\/product_tag?post=35449"}],"curies":[{"name":"wp","href":"https:\/\/api.w.org\/{rel}","templated":true}]}}