{"id":35446,"date":"2025-02-20T23:37:24","date_gmt":"2025-02-20T22:37:24","guid":{"rendered":"https:\/\/olemosaic.orbitalia.org\/producto\/colgador-de-ceramica-sardinas-3\/"},"modified":"2025-07-25T18:34:08","modified_gmt":"2025-07-25T16:34:08","slug":"crochet-en-ceramique-sardines-portugal","status":"publish","type":"product","link":"https:\/\/olemosaic.orbitalia.org\/fr\/produit\/crochet-en-ceramique-sardines-portugal\/","title":{"rendered":"Crochet en c\u00e9ramique. Sardines. Portugal."},"content":{"rendered":"<p>Ce crochet en c\u00e9ramique en forme de sardine est un objet d\u00e9coratif qui capture l&rsquo;essence du folklore marin de la c\u00f4te portugaise. Son design vibrant, peint \u00e0 la main, est orn\u00e9 de motifs complexes d&rsquo;azulejos dans une combinaison captivante de tons bleus, oranges et jaunes. La sardine, \u00e9l\u00e9ment embl\u00e9matique de la gastronomie portugaise, ne repr\u00e9sente pas seulement la tradition culinaire, mais aussi le mode de vie c\u00f4tier du Portugal, o\u00f9 la p\u00eache est un pilier culturel.<\/p>\n<p>La forme stylis\u00e9e de cette sardine, avec sa queue bien d\u00e9finie et une expression amicale qui ressort sur son visage, apporte une touche de joie et de fra\u00eecheur \u00e0 n&rsquo;importe quel espace, que ce soit dans la cuisine ou la salle \u00e0 manger. Parfait pour suspendre des ustensiles, des cl\u00e9s ou de petites serviettes, ce crochet n&rsquo;est pas seulement fonctionnel, il agit \u00e9galement comme un rappel color\u00e9 des traditions maritimes du pays.<\/p>\n<p>Chez Ol\u00e9 Mosaic, nous sommes fiers de proposer des souvenirs authentiques qui refl\u00e8tent la riche culture portugaise. Ce crochet en c\u00e9ramique est un excellent choix pour les boutiques de cadeaux touristiques, offrant aux touristes l&rsquo;opportunit\u00e9 d&#8217;emporter un morceau de l&rsquo;authentique tradition du Portugal. Gr\u00e2ce \u00e0 notre sp\u00e9cialisation dans la distribution en gros de produits d\u00e9coratifs, nous garantissons que chaque pi\u00e8ce est repr\u00e9sentative de son h\u00e9ritage culturel et constitue un souvenir inoubliable.<\/p>\n","protected":false},"excerpt":{"rendered":"<p>Crochet en c\u00e9ramique en forme de sardine, d\u00e9cor\u00e9 de motifs vibrants d&rsquo;azulejos dans des tons bleus, oranges et jaunes. Ce design artisanal, peint \u00e0 la main, capture l&rsquo;essence du folklore marin de la c\u00f4te portugaise. Sa forme stylis\u00e9e et sa d\u00e9coration joyeuse en font un \u00e9l\u00e9ment d\u00e9coratif distinctif, id\u00e9al pour la cuisine ou la salle \u00e0 manger, ajoutant une touche color\u00e9e et culturelle \u00e0 n&rsquo;importe quel espace.<\/p>\n","protected":false},"featured_media":8939,"template":"","meta":{"_acf_changed":false},"product_brand":[],"product_cat":[791],"product_tag":[530,585],"class_list":{"0":"post-35446","1":"product","2":"type-product","3":"status-publish","4":"has-post-thumbnail","6":"product_cat-pateres","7":"product_tag-animaux","8":"product_tag-ceramique","9":"pa_motivo-sardines","11":"first","12":"instock","13":"shipping-taxable","14":"product-type-simple"},"acf":[],"_links":{"self":[{"href":"https:\/\/olemosaic.orbitalia.org\/fr\/wp-json\/wp\/v2\/product\/35446","targetHints":{"allow":["GET"]}}],"collection":[{"href":"https:\/\/olemosaic.orbitalia.org\/fr\/wp-json\/wp\/v2\/product"}],"about":[{"href":"https:\/\/olemosaic.orbitalia.org\/fr\/wp-json\/wp\/v2\/types\/product"}],"wp:featuredmedia":[{"embeddable":true,"href":"https:\/\/olemosaic.orbitalia.org\/fr\/wp-json\/wp\/v2\/media\/8939"}],"wp:attachment":[{"href":"https:\/\/olemosaic.orbitalia.org\/fr\/wp-json\/wp\/v2\/media?parent=35446"}],"wp:term":[{"taxonomy":"product_brand","embeddable":true,"href":"https:\/\/olemosaic.orbitalia.org\/fr\/wp-json\/wp\/v2\/product_brand?post=35446"},{"taxonomy":"product_cat","embeddable":true,"href":"https:\/\/olemosaic.orbitalia.org\/fr\/wp-json\/wp\/v2\/product_cat?post=35446"},{"taxonomy":"product_tag","embeddable":true,"href":"https:\/\/olemosaic.orbitalia.org\/fr\/wp-json\/wp\/v2\/product_tag?post=35446"}],"curies":[{"name":"wp","href":"https:\/\/api.w.org\/{rel}","templated":true}]}}